{"id":6107,"date":"2019-07-14T16:06:25","date_gmt":"2019-07-14T14:06:25","guid":{"rendered":"http:\/\/www.lohschule-datteln.de\/?page_id=6107"},"modified":"2024-08-15T15:38:35","modified_gmt":"2024-08-15T13:38:35","slug":"unser-lied","status":"publish","type":"page","link":"https:\/\/www.lohschule-datteln.de\/index.php\/unser-lied\/","title":{"rendered":"Unser Lied"},"content":{"rendered":"\n<h2 class=\"wp-block-heading\">\u201eDas alles sind wir\u201c (Lohschullied)<\/h2>\n\n\n<div class=\"page\" title=\"Page 1\">\n<div class=\"layoutArea\">\n<div class=\"column\">\n<p style=\"text-align: center;\"><span style=\"color: #808080;\">Hinter gelben Mauern, unter\u2019m roten Dach,<\/span>\u00a0<span style=\"color: #808080;\">schon \u00fcber 100 Jahre alt und immer noch hellwach. Zwischen gro\u00dfen B\u00e4umen spielen wir Verstecken. Haben auch noch Platz f\u00fcr Schaukel, Fu\u00dfballecken.<\/span><\/p>\n<p style=\"text-align: center;\"><span style=\"color: #808080;\">*<\/span><\/p>\n<p style=\"text-align: center;\"><span style=\"color: #808080;\">Rechnen, schreiben, lesen, ist doch gar nicht schwer,<\/span>\u00a0<span style=\"color: #808080;\">Tag f\u00fcr Tag lernt man hier noch ganz viel mehr.<\/span>\u00a0<span style=\"color: #808080;\">Klettern, lachen, Streiche spielen, und ein\u2019s, das ist doch klar:<\/span><\/p>\n<p style=\"text-align: center;\"><span style=\"color: #808080;\">Jeder hat \u2018ne B\u00fchne, ist ein echter `Lohstar`!<\/span><\/p>\n<p style=\"text-align: center;\"><span style=\"color: #808080;\">(Pause 1\u20442 Takt)<\/span><\/p>\n<p style=\"text-align: center;\"><span style=\"color: #808080;\">Egal ob jung oder alt, egal ob gro\u00df oder klein:<\/span><br \/><span style=\"color: #808080;\">Hier darf jeder Mensch zu jeder Zeit er selber sein.<\/span><\/p>\n<p style=\"text-align: center;\"><span style=\"color: #808080;\">Das alles, das sind wir.<\/span>\u00a0<span style=\"color: #808080;\">Wir leben, lernen und lachen hier. Halten zusammen jeden Tag,\u00a0<\/span><span style=\"color: #808080;\">nur zusammen sind wir richtig stark.<\/span><\/p>\n<p style=\"text-align: center;\"><span style=\"color: #808080;\">*<\/span><\/p>\n<p style=\"text-align: center;\"><span style=\"color: #808080;\">Uns\u2019re Sekret\u00e4rin, die Frau f\u00fcr alle F\u00e4lle,<\/span>\u00a0<span style=\"color: #808080;\">alle tollen Putzfeen, immer gleich zur Stelle.<\/span>\u00a0<span style=\"color: #808080;\">OGS und Dinos, immer f\u00fcr uns da,<\/span>\u00a0<span style=\"color: #808080;\">`nen Hausmeister, den gibt\u2018s hier auch, ist ja klar! Unsere tolle Schulleitung, Motor und auch Herz, mit Eltern und dem F\u00f6rderverein, immer nur vorw\u00e4rts! Alle, die hier lehren, richtig guter Job,<\/span>\u00a0<span style=\"color: #808080;\">und die tollsten Kinder, alle sind hier top.<\/span><\/p>\n<p style=\"text-align: center;\"><span style=\"color: #808080;\">(Pause 1\u20442 Takt)<\/span><\/p>\n<p style=\"text-align: center;\"><span style=\"color: #808080;\">Egal ob jung oder alt, egal ob gro\u00df oder klein:<\/span><br \/><span style=\"color: #808080;\">Hier darf jeder Mensch zu jeder Zeit er selber sein.<\/span><\/p>\n<p style=\"text-align: center;\"><span style=\"color: #808080;\">Das alles, das sind wir.<\/span>\u00a0<span style=\"color: #808080;\">Wir leben, lernen und lachen hier. Halten zusammen jeden Tag,\u00a0<\/span><span style=\"color: #808080;\">nur zusammen sind wir richtig stark. <\/span><\/p>\n<p style=\"text-align: center;\"><span style=\"color: #808080;\">Nur zusammen sind wir richtig stark!<\/span><\/p>\n<p><span style=\"color: #808080;\">Hier geht es<\/span> \u00a0<a href=\"https:\/\/soundcloud.com\/user-131789267\/lohschullied\">zum Song<\/a>\u00a0.<\/p>\n<\/div>\n<\/div>\n<\/div>\n\n\n<figure class=\"wp-block-gallery has-nested-images columns-default is-cropped wp-block-gallery-1 is-layout-flex wp-block-gallery-is-layout-flex\"><\/figure>\n\n\n\n<p class=\"has-text-align-right\"><em>Text und Musik sind urheberrechtlich gesch\u00fctzt.<\/em><\/p>\n","protected":false},"excerpt":{"rendered":"<p>\u201eDas alles sind wir\u201c (Lohschullied) Hinter gelben Mauern, unter\u2019m roten Dach,\u00a0schon \u00fcber 100 Jahre alt und immer noch hellwach. Zwischen gro\u00dfen B\u00e4umen spielen wir Verstecken. Haben auch noch Platz f\u00fcr Schaukel, Fu\u00dfballecken. * Rechnen, schreiben, lesen, ist doch gar nicht schwer,\u00a0Tag f\u00fcr Tag lernt man hier noch ganz viel mehr.\u00a0Klettern, lachen, Streiche spielen, und ein\u2019s, [&hellip;]<\/p>\n","protected":false},"author":3,"featured_media":0,"parent":0,"menu_order":0,"comment_status":"closed","ping_status":"closed","template":"","meta":{"footnotes":""},"class_list":["post-6107","page","type-page","status-publish","hentry"],"yoast_head":"<!-- This site is optimized with the Yoast SEO plugin v27.3 - https:\/\/yoast.com\/product\/yoast-seo-wordpress\/ -->\n<title>Unser Lied - Lohschule Datteln<\/title>\n<meta name=\"robots\" content=\"index, follow, max-snippet:-1, max-image-preview:large, max-video-preview:-1\" \/>\n<link rel=\"canonical\" href=\"https:\/\/www.lohschule-datteln.de\/index.php\/unser-lied\/\" \/>\n<meta property=\"og:locale\" content=\"de_DE\" \/>\n<meta property=\"og:type\" content=\"article\" \/>\n<meta property=\"og:title\" content=\"Unser Lied - Lohschule Datteln\" \/>\n<meta property=\"og:description\" content=\"\u201eDas alles sind wir\u201c (Lohschullied) Hinter gelben Mauern, unter\u2019m roten Dach,\u00a0schon \u00fcber 100 Jahre alt und immer noch hellwach. Zwischen gro\u00dfen B\u00e4umen spielen wir Verstecken. Haben auch noch Platz f\u00fcr Schaukel, Fu\u00dfballecken. * Rechnen, schreiben, lesen, ist doch gar nicht schwer,\u00a0Tag f\u00fcr Tag lernt man hier noch ganz viel mehr.\u00a0Klettern, lachen, Streiche spielen, und ein\u2019s, [&hellip;]\" \/>\n<meta property=\"og:url\" content=\"https:\/\/www.lohschule-datteln.de\/index.php\/unser-lied\/\" \/>\n<meta property=\"og:site_name\" content=\"Lohschule Datteln\" \/>\n<meta property=\"article:modified_time\" content=\"2024-08-15T13:38:35+00:00\" \/>\n<meta name=\"twitter:card\" content=\"summary_large_image\" \/>\n<meta name=\"twitter:label1\" content=\"Gesch\u00e4tzte Lesezeit\" \/>\n\t<meta name=\"twitter:data1\" content=\"2\u00a0Minuten\" \/>\n<script type=\"application\/ld+json\" class=\"yoast-schema-graph\">{\"@context\":\"https:\\\/\\\/schema.org\",\"@graph\":[{\"@type\":\"WebPage\",\"@id\":\"https:\\\/\\\/www.lohschule-datteln.de\\\/index.php\\\/unser-lied\\\/\",\"url\":\"https:\\\/\\\/www.lohschule-datteln.de\\\/index.php\\\/unser-lied\\\/\",\"name\":\"Unser Lied - Lohschule Datteln\",\"isPartOf\":{\"@id\":\"https:\\\/\\\/www.lohschule-datteln.de\\\/#website\"},\"datePublished\":\"2019-07-14T14:06:25+00:00\",\"dateModified\":\"2024-08-15T13:38:35+00:00\",\"breadcrumb\":{\"@id\":\"https:\\\/\\\/www.lohschule-datteln.de\\\/index.php\\\/unser-lied\\\/#breadcrumb\"},\"inLanguage\":\"de\",\"potentialAction\":[{\"@type\":\"ReadAction\",\"target\":[\"https:\\\/\\\/www.lohschule-datteln.de\\\/index.php\\\/unser-lied\\\/\"]}]},{\"@type\":\"BreadcrumbList\",\"@id\":\"https:\\\/\\\/www.lohschule-datteln.de\\\/index.php\\\/unser-lied\\\/#breadcrumb\",\"itemListElement\":[{\"@type\":\"ListItem\",\"position\":1,\"name\":\"Startseite\",\"item\":\"https:\\\/\\\/www.lohschule-datteln.de\\\/\"},{\"@type\":\"ListItem\",\"position\":2,\"name\":\"Unser Lied\"}]},{\"@type\":\"WebSite\",\"@id\":\"https:\\\/\\\/www.lohschule-datteln.de\\\/#website\",\"url\":\"https:\\\/\\\/www.lohschule-datteln.de\\\/\",\"name\":\"Lohschule Datteln\",\"description\":\"kath. Grundschule\",\"publisher\":{\"@id\":\"https:\\\/\\\/www.lohschule-datteln.de\\\/#organization\"},\"potentialAction\":[{\"@type\":\"SearchAction\",\"target\":{\"@type\":\"EntryPoint\",\"urlTemplate\":\"https:\\\/\\\/www.lohschule-datteln.de\\\/?s={search_term_string}\"},\"query-input\":{\"@type\":\"PropertyValueSpecification\",\"valueRequired\":true,\"valueName\":\"search_term_string\"}}],\"inLanguage\":\"de\"},{\"@type\":\"Organization\",\"@id\":\"https:\\\/\\\/www.lohschule-datteln.de\\\/#organization\",\"name\":\"Lohschule -katholische Grundschule Datteln\",\"url\":\"https:\\\/\\\/www.lohschule-datteln.de\\\/\",\"logo\":{\"@type\":\"ImageObject\",\"inLanguage\":\"de\",\"@id\":\"https:\\\/\\\/www.lohschule-datteln.de\\\/#\\\/schema\\\/logo\\\/image\\\/\",\"url\":\"http:\\\/\\\/www.lohschule-datteln.de\\\/wp-content\\\/uploads\\\/2016\\\/02\\\/Loh-neu-2016.jpg\",\"contentUrl\":\"http:\\\/\\\/www.lohschule-datteln.de\\\/wp-content\\\/uploads\\\/2016\\\/02\\\/Loh-neu-2016.jpg\",\"width\":448,\"height\":252,\"caption\":\"Lohschule -katholische Grundschule Datteln\"},\"image\":{\"@id\":\"https:\\\/\\\/www.lohschule-datteln.de\\\/#\\\/schema\\\/logo\\\/image\\\/\"}}]}<\/script>\n<!-- \/ Yoast SEO plugin. -->","yoast_head_json":{"title":"Unser Lied - Lohschule Datteln","robots":{"index":"index","follow":"follow","max-snippet":"max-snippet:-1","max-image-preview":"max-image-preview:large","max-video-preview":"max-video-preview:-1"},"canonical":"https:\/\/www.lohschule-datteln.de\/index.php\/unser-lied\/","og_locale":"de_DE","og_type":"article","og_title":"Unser Lied - Lohschule Datteln","og_description":"\u201eDas alles sind wir\u201c (Lohschullied) Hinter gelben Mauern, unter\u2019m roten Dach,\u00a0schon \u00fcber 100 Jahre alt und immer noch hellwach. Zwischen gro\u00dfen B\u00e4umen spielen wir Verstecken. Haben auch noch Platz f\u00fcr Schaukel, Fu\u00dfballecken. * Rechnen, schreiben, lesen, ist doch gar nicht schwer,\u00a0Tag f\u00fcr Tag lernt man hier noch ganz viel mehr.\u00a0Klettern, lachen, Streiche spielen, und ein\u2019s, [&hellip;]","og_url":"https:\/\/www.lohschule-datteln.de\/index.php\/unser-lied\/","og_site_name":"Lohschule Datteln","article_modified_time":"2024-08-15T13:38:35+00:00","twitter_card":"summary_large_image","twitter_misc":{"Gesch\u00e4tzte Lesezeit":"2\u00a0Minuten"},"schema":{"@context":"https:\/\/schema.org","@graph":[{"@type":"WebPage","@id":"https:\/\/www.lohschule-datteln.de\/index.php\/unser-lied\/","url":"https:\/\/www.lohschule-datteln.de\/index.php\/unser-lied\/","name":"Unser Lied - Lohschule Datteln","isPartOf":{"@id":"https:\/\/www.lohschule-datteln.de\/#website"},"datePublished":"2019-07-14T14:06:25+00:00","dateModified":"2024-08-15T13:38:35+00:00","breadcrumb":{"@id":"https:\/\/www.lohschule-datteln.de\/index.php\/unser-lied\/#breadcrumb"},"inLanguage":"de","potentialAction":[{"@type":"ReadAction","target":["https:\/\/www.lohschule-datteln.de\/index.php\/unser-lied\/"]}]},{"@type":"BreadcrumbList","@id":"https:\/\/www.lohschule-datteln.de\/index.php\/unser-lied\/#breadcrumb","itemListElement":[{"@type":"ListItem","position":1,"name":"Startseite","item":"https:\/\/www.lohschule-datteln.de\/"},{"@type":"ListItem","position":2,"name":"Unser Lied"}]},{"@type":"WebSite","@id":"https:\/\/www.lohschule-datteln.de\/#website","url":"https:\/\/www.lohschule-datteln.de\/","name":"Lohschule Datteln","description":"kath. Grundschule","publisher":{"@id":"https:\/\/www.lohschule-datteln.de\/#organization"},"potentialAction":[{"@type":"SearchAction","target":{"@type":"EntryPoint","urlTemplate":"https:\/\/www.lohschule-datteln.de\/?s={search_term_string}"},"query-input":{"@type":"PropertyValueSpecification","valueRequired":true,"valueName":"search_term_string"}}],"inLanguage":"de"},{"@type":"Organization","@id":"https:\/\/www.lohschule-datteln.de\/#organization","name":"Lohschule -katholische Grundschule Datteln","url":"https:\/\/www.lohschule-datteln.de\/","logo":{"@type":"ImageObject","inLanguage":"de","@id":"https:\/\/www.lohschule-datteln.de\/#\/schema\/logo\/image\/","url":"http:\/\/www.lohschule-datteln.de\/wp-content\/uploads\/2016\/02\/Loh-neu-2016.jpg","contentUrl":"http:\/\/www.lohschule-datteln.de\/wp-content\/uploads\/2016\/02\/Loh-neu-2016.jpg","width":448,"height":252,"caption":"Lohschule -katholische Grundschule Datteln"},"image":{"@id":"https:\/\/www.lohschule-datteln.de\/#\/schema\/logo\/image\/"}}]}},"_links":{"self":[{"href":"https:\/\/www.lohschule-datteln.de\/index.php\/wp-json\/wp\/v2\/pages\/6107","targetHints":{"allow":["GET"]}}],"collection":[{"href":"https:\/\/www.lohschule-datteln.de\/index.php\/wp-json\/wp\/v2\/pages"}],"about":[{"href":"https:\/\/www.lohschule-datteln.de\/index.php\/wp-json\/wp\/v2\/types\/page"}],"author":[{"embeddable":true,"href":"https:\/\/www.lohschule-datteln.de\/index.php\/wp-json\/wp\/v2\/users\/3"}],"replies":[{"embeddable":true,"href":"https:\/\/www.lohschule-datteln.de\/index.php\/wp-json\/wp\/v2\/comments?post=6107"}],"version-history":[{"count":27,"href":"https:\/\/www.lohschule-datteln.de\/index.php\/wp-json\/wp\/v2\/pages\/6107\/revisions"}],"predecessor-version":[{"id":13933,"href":"https:\/\/www.lohschule-datteln.de\/index.php\/wp-json\/wp\/v2\/pages\/6107\/revisions\/13933"}],"wp:attachment":[{"href":"https:\/\/www.lohschule-datteln.de\/index.php\/wp-json\/wp\/v2\/media?parent=6107"}],"curies":[{"name":"wp","href":"https:\/\/api.w.org\/{rel}","templated":true}]}}