{"id":6175,"date":"2019-07-14T19:30:03","date_gmt":"2019-07-14T17:30:03","guid":{"rendered":"http:\/\/www.lohschule-datteln.de\/?page_id=6175"},"modified":"2020-03-13T14:58:05","modified_gmt":"2020-03-13T13:58:05","slug":"jahrgang-4-schulstart-2016","status":"publish","type":"page","link":"https:\/\/www.lohschule-datteln.de\/index.php\/jahrgang-4-schulstart-2016\/","title":{"rendered":"Jahrgang 4 \/ Schulstart 2016"},"content":{"rendered":"\n<h2 class=\"wp-block-heading\">Zeitungsprojekt 2020<\/h2>\n\n\n<p><span style=\"color: #808080;\">Wie jedes Jahr, nehmen die Kinder des 4. Jahrgangs am Zeitungsprojekt der Dattelner Morgenpost teil. Vom 2.3. bis 20.3.20 wird t\u00e4glich im Unterricht alles rund um das Thema \u201eTageszeitung\u201c erarbeitet. Bereits fr\u00fchmorgens wird die Zeitung den Sch\u00fclern aus der Klasse 4a, 4b und 4c kostenfrei in die Schule gebracht. Auf Wunsch wird die Zeitung sogar f\u00fcr den Zeitraum des Projekts am Samstag nach Hause geliefert.\u00a0<\/span><\/p>\n<p><span style=\"color: #808080;\">H\u00f6hepunkt war sicherlich der Besuch des Redakteurs Sebastian Balint am Mittwoch, den 11.3.20.<\/span><\/p>\n<p><span style=\"color: #808080;\">Gebannt und ausgesprochen interessiert lauschten die Kinder den Erz\u00e4hlungen und spannenden Erlebnissen des Redakteurs. Au\u00dferdem hatten sich die Kinder gut auf den Besuch vorbereitet. So konnten alle Kinder ihre Fragen rund um das Thema Zeitung stellen und Sebastian Balint meisterte alle Fragen bravour\u00f6s.\u00a0<\/span><\/p>\n<p><span style=\"color: #808080;\">Nun sind alle bereits gespannt, wie gut die einzelnen Klassen beim freiwilligen Panda &amp; Ogi Gewinnspiel abschneiden. Jeden Montag gibt es hierzu auf der Internetseite der Dattelner Morgenpost eine neu Wochenaufgabe.\u00a0<\/span><\/p>\n<p><span style=\"color: #808080;\">Au\u00dferdem k\u00f6nnen interessierte Kinder einen Artikel zum Thema \u201eMein Star\u201c in der Dattelner Redaktion abgeben. Es k\u00f6nnte zum Beispiel ein S\u00e4nger\/S\u00e4ngerin sein, ein K\u00fcnstler\/ K\u00fcnstlerin oder ein Sportler\/Sportlerin oder jemand aus dem pers\u00f6nlichen Umfeld. Mit etwas Gl\u00fcck \u00a0wird der Artikel dann in der Tageszeitung ver\u00f6ffentlicht.<\/span><\/p>\n<p><img loading=\"lazy\" decoding=\"async\" class=\"aligncenter size-full wp-image-7306\" src=\"https:\/\/www.lohschule-datteln.de\/wp-content\/uploads\/2020\/03\/Zeitung204b1.jpg\" alt=\"\" width=\"500\" height=\"243\" \/><\/p>\n\n\n<h2 class=\"wp-block-heading\"><\/h2>\n","protected":false},"excerpt":{"rendered":"<p>Zeitungsprojekt 2020 Wie jedes Jahr, nehmen die Kinder des 4. Jahrgangs am Zeitungsprojekt der Dattelner Morgenpost teil. Vom 2.3. bis 20.3.20 wird t\u00e4glich im Unterricht alles rund um das Thema \u201eTageszeitung\u201c erarbeitet. Bereits fr\u00fchmorgens wird die Zeitung den Sch\u00fclern aus der Klasse 4a, 4b und 4c kostenfrei in die Schule gebracht. Auf Wunsch wird die [&hellip;]<\/p>\n","protected":false},"author":3,"featured_media":0,"parent":0,"menu_order":0,"comment_status":"closed","ping_status":"closed","template":"","meta":{"footnotes":""},"class_list":["post-6175","page","type-page","status-publish","hentry"],"yoast_head":"<!-- This site is optimized with the Yoast SEO plugin v27.3 - https:\/\/yoast.com\/product\/yoast-seo-wordpress\/ -->\n<title>Jahrgang 4 \/ Schulstart 2016 - Lohschule Datteln<\/title>\n<meta name=\"robots\" content=\"index, follow, max-snippet:-1, max-image-preview:large, max-video-preview:-1\" \/>\n<link rel=\"canonical\" href=\"https:\/\/www.lohschule-datteln.de\/index.php\/jahrgang-4-schulstart-2016\/\" \/>\n<meta property=\"og:locale\" content=\"de_DE\" \/>\n<meta property=\"og:type\" content=\"article\" \/>\n<meta property=\"og:title\" content=\"Jahrgang 4 \/ Schulstart 2016 - Lohschule Datteln\" \/>\n<meta property=\"og:description\" content=\"Zeitungsprojekt 2020 Wie jedes Jahr, nehmen die Kinder des 4. Jahrgangs am Zeitungsprojekt der Dattelner Morgenpost teil. Vom 2.3. bis 20.3.20 wird t\u00e4glich im Unterricht alles rund um das Thema \u201eTageszeitung\u201c erarbeitet. Bereits fr\u00fchmorgens wird die Zeitung den Sch\u00fclern aus der Klasse 4a, 4b und 4c kostenfrei in die Schule gebracht. Auf Wunsch wird die [&hellip;]\" \/>\n<meta property=\"og:url\" content=\"https:\/\/www.lohschule-datteln.de\/index.php\/jahrgang-4-schulstart-2016\/\" \/>\n<meta property=\"og:site_name\" content=\"Lohschule Datteln\" \/>\n<meta property=\"article:modified_time\" content=\"2020-03-13T13:58:05+00:00\" \/>\n<meta property=\"og:image\" content=\"http:\/\/www.lohschule-datteln.de\/wp-content\/uploads\/2020\/03\/Zeitung204b1.jpg\" \/>\n<meta name=\"twitter:card\" content=\"summary_large_image\" \/>\n<meta name=\"twitter:label1\" content=\"Gesch\u00e4tzte Lesezeit\" \/>\n\t<meta name=\"twitter:data1\" content=\"1\u00a0Minute\" \/>\n<script type=\"application\/ld+json\" class=\"yoast-schema-graph\">{\"@context\":\"https:\\\/\\\/schema.org\",\"@graph\":[{\"@type\":\"WebPage\",\"@id\":\"https:\\\/\\\/www.lohschule-datteln.de\\\/index.php\\\/jahrgang-4-schulstart-2016\\\/\",\"url\":\"https:\\\/\\\/www.lohschule-datteln.de\\\/index.php\\\/jahrgang-4-schulstart-2016\\\/\",\"name\":\"Jahrgang 4 \\\/ Schulstart 2016 - Lohschule Datteln\",\"isPartOf\":{\"@id\":\"https:\\\/\\\/www.lohschule-datteln.de\\\/#website\"},\"primaryImageOfPage\":{\"@id\":\"https:\\\/\\\/www.lohschule-datteln.de\\\/index.php\\\/jahrgang-4-schulstart-2016\\\/#primaryimage\"},\"image\":{\"@id\":\"https:\\\/\\\/www.lohschule-datteln.de\\\/index.php\\\/jahrgang-4-schulstart-2016\\\/#primaryimage\"},\"thumbnailUrl\":\"http:\\\/\\\/www.lohschule-datteln.de\\\/wp-content\\\/uploads\\\/2020\\\/03\\\/Zeitung204b1.jpg\",\"datePublished\":\"2019-07-14T17:30:03+00:00\",\"dateModified\":\"2020-03-13T13:58:05+00:00\",\"breadcrumb\":{\"@id\":\"https:\\\/\\\/www.lohschule-datteln.de\\\/index.php\\\/jahrgang-4-schulstart-2016\\\/#breadcrumb\"},\"inLanguage\":\"de\",\"potentialAction\":[{\"@type\":\"ReadAction\",\"target\":[\"https:\\\/\\\/www.lohschule-datteln.de\\\/index.php\\\/jahrgang-4-schulstart-2016\\\/\"]}]},{\"@type\":\"ImageObject\",\"inLanguage\":\"de\",\"@id\":\"https:\\\/\\\/www.lohschule-datteln.de\\\/index.php\\\/jahrgang-4-schulstart-2016\\\/#primaryimage\",\"url\":\"http:\\\/\\\/www.lohschule-datteln.de\\\/wp-content\\\/uploads\\\/2020\\\/03\\\/Zeitung204b1.jpg\",\"contentUrl\":\"http:\\\/\\\/www.lohschule-datteln.de\\\/wp-content\\\/uploads\\\/2020\\\/03\\\/Zeitung204b1.jpg\"},{\"@type\":\"BreadcrumbList\",\"@id\":\"https:\\\/\\\/www.lohschule-datteln.de\\\/index.php\\\/jahrgang-4-schulstart-2016\\\/#breadcrumb\",\"itemListElement\":[{\"@type\":\"ListItem\",\"position\":1,\"name\":\"Startseite\",\"item\":\"https:\\\/\\\/www.lohschule-datteln.de\\\/\"},{\"@type\":\"ListItem\",\"position\":2,\"name\":\"Jahrgang 4 \\\/ Schulstart 2016\"}]},{\"@type\":\"WebSite\",\"@id\":\"https:\\\/\\\/www.lohschule-datteln.de\\\/#website\",\"url\":\"https:\\\/\\\/www.lohschule-datteln.de\\\/\",\"name\":\"Lohschule Datteln\",\"description\":\"kath. Grundschule\",\"publisher\":{\"@id\":\"https:\\\/\\\/www.lohschule-datteln.de\\\/#organization\"},\"potentialAction\":[{\"@type\":\"SearchAction\",\"target\":{\"@type\":\"EntryPoint\",\"urlTemplate\":\"https:\\\/\\\/www.lohschule-datteln.de\\\/?s={search_term_string}\"},\"query-input\":{\"@type\":\"PropertyValueSpecification\",\"valueRequired\":true,\"valueName\":\"search_term_string\"}}],\"inLanguage\":\"de\"},{\"@type\":\"Organization\",\"@id\":\"https:\\\/\\\/www.lohschule-datteln.de\\\/#organization\",\"name\":\"Lohschule -katholische Grundschule Datteln\",\"url\":\"https:\\\/\\\/www.lohschule-datteln.de\\\/\",\"logo\":{\"@type\":\"ImageObject\",\"inLanguage\":\"de\",\"@id\":\"https:\\\/\\\/www.lohschule-datteln.de\\\/#\\\/schema\\\/logo\\\/image\\\/\",\"url\":\"http:\\\/\\\/www.lohschule-datteln.de\\\/wp-content\\\/uploads\\\/2016\\\/02\\\/Loh-neu-2016.jpg\",\"contentUrl\":\"http:\\\/\\\/www.lohschule-datteln.de\\\/wp-content\\\/uploads\\\/2016\\\/02\\\/Loh-neu-2016.jpg\",\"width\":448,\"height\":252,\"caption\":\"Lohschule -katholische Grundschule Datteln\"},\"image\":{\"@id\":\"https:\\\/\\\/www.lohschule-datteln.de\\\/#\\\/schema\\\/logo\\\/image\\\/\"}}]}<\/script>\n<!-- \/ Yoast SEO plugin. -->","yoast_head_json":{"title":"Jahrgang 4 \/ Schulstart 2016 - Lohschule Datteln","robots":{"index":"index","follow":"follow","max-snippet":"max-snippet:-1","max-image-preview":"max-image-preview:large","max-video-preview":"max-video-preview:-1"},"canonical":"https:\/\/www.lohschule-datteln.de\/index.php\/jahrgang-4-schulstart-2016\/","og_locale":"de_DE","og_type":"article","og_title":"Jahrgang 4 \/ Schulstart 2016 - Lohschule Datteln","og_description":"Zeitungsprojekt 2020 Wie jedes Jahr, nehmen die Kinder des 4. Jahrgangs am Zeitungsprojekt der Dattelner Morgenpost teil. Vom 2.3. bis 20.3.20 wird t\u00e4glich im Unterricht alles rund um das Thema \u201eTageszeitung\u201c erarbeitet. Bereits fr\u00fchmorgens wird die Zeitung den Sch\u00fclern aus der Klasse 4a, 4b und 4c kostenfrei in die Schule gebracht. Auf Wunsch wird die [&hellip;]","og_url":"https:\/\/www.lohschule-datteln.de\/index.php\/jahrgang-4-schulstart-2016\/","og_site_name":"Lohschule Datteln","article_modified_time":"2020-03-13T13:58:05+00:00","og_image":[{"url":"http:\/\/www.lohschule-datteln.de\/wp-content\/uploads\/2020\/03\/Zeitung204b1.jpg","type":"","width":"","height":""}],"twitter_card":"summary_large_image","twitter_misc":{"Gesch\u00e4tzte Lesezeit":"1\u00a0Minute"},"schema":{"@context":"https:\/\/schema.org","@graph":[{"@type":"WebPage","@id":"https:\/\/www.lohschule-datteln.de\/index.php\/jahrgang-4-schulstart-2016\/","url":"https:\/\/www.lohschule-datteln.de\/index.php\/jahrgang-4-schulstart-2016\/","name":"Jahrgang 4 \/ Schulstart 2016 - Lohschule Datteln","isPartOf":{"@id":"https:\/\/www.lohschule-datteln.de\/#website"},"primaryImageOfPage":{"@id":"https:\/\/www.lohschule-datteln.de\/index.php\/jahrgang-4-schulstart-2016\/#primaryimage"},"image":{"@id":"https:\/\/www.lohschule-datteln.de\/index.php\/jahrgang-4-schulstart-2016\/#primaryimage"},"thumbnailUrl":"http:\/\/www.lohschule-datteln.de\/wp-content\/uploads\/2020\/03\/Zeitung204b1.jpg","datePublished":"2019-07-14T17:30:03+00:00","dateModified":"2020-03-13T13:58:05+00:00","breadcrumb":{"@id":"https:\/\/www.lohschule-datteln.de\/index.php\/jahrgang-4-schulstart-2016\/#breadcrumb"},"inLanguage":"de","potentialAction":[{"@type":"ReadAction","target":["https:\/\/www.lohschule-datteln.de\/index.php\/jahrgang-4-schulstart-2016\/"]}]},{"@type":"ImageObject","inLanguage":"de","@id":"https:\/\/www.lohschule-datteln.de\/index.php\/jahrgang-4-schulstart-2016\/#primaryimage","url":"http:\/\/www.lohschule-datteln.de\/wp-content\/uploads\/2020\/03\/Zeitung204b1.jpg","contentUrl":"http:\/\/www.lohschule-datteln.de\/wp-content\/uploads\/2020\/03\/Zeitung204b1.jpg"},{"@type":"BreadcrumbList","@id":"https:\/\/www.lohschule-datteln.de\/index.php\/jahrgang-4-schulstart-2016\/#breadcrumb","itemListElement":[{"@type":"ListItem","position":1,"name":"Startseite","item":"https:\/\/www.lohschule-datteln.de\/"},{"@type":"ListItem","position":2,"name":"Jahrgang 4 \/ Schulstart 2016"}]},{"@type":"WebSite","@id":"https:\/\/www.lohschule-datteln.de\/#website","url":"https:\/\/www.lohschule-datteln.de\/","name":"Lohschule Datteln","description":"kath. Grundschule","publisher":{"@id":"https:\/\/www.lohschule-datteln.de\/#organization"},"potentialAction":[{"@type":"SearchAction","target":{"@type":"EntryPoint","urlTemplate":"https:\/\/www.lohschule-datteln.de\/?s={search_term_string}"},"query-input":{"@type":"PropertyValueSpecification","valueRequired":true,"valueName":"search_term_string"}}],"inLanguage":"de"},{"@type":"Organization","@id":"https:\/\/www.lohschule-datteln.de\/#organization","name":"Lohschule -katholische Grundschule Datteln","url":"https:\/\/www.lohschule-datteln.de\/","logo":{"@type":"ImageObject","inLanguage":"de","@id":"https:\/\/www.lohschule-datteln.de\/#\/schema\/logo\/image\/","url":"http:\/\/www.lohschule-datteln.de\/wp-content\/uploads\/2016\/02\/Loh-neu-2016.jpg","contentUrl":"http:\/\/www.lohschule-datteln.de\/wp-content\/uploads\/2016\/02\/Loh-neu-2016.jpg","width":448,"height":252,"caption":"Lohschule -katholische Grundschule Datteln"},"image":{"@id":"https:\/\/www.lohschule-datteln.de\/#\/schema\/logo\/image\/"}}]}},"_links":{"self":[{"href":"https:\/\/www.lohschule-datteln.de\/index.php\/wp-json\/wp\/v2\/pages\/6175","targetHints":{"allow":["GET"]}}],"collection":[{"href":"https:\/\/www.lohschule-datteln.de\/index.php\/wp-json\/wp\/v2\/pages"}],"about":[{"href":"https:\/\/www.lohschule-datteln.de\/index.php\/wp-json\/wp\/v2\/types\/page"}],"author":[{"embeddable":true,"href":"https:\/\/www.lohschule-datteln.de\/index.php\/wp-json\/wp\/v2\/users\/3"}],"replies":[{"embeddable":true,"href":"https:\/\/www.lohschule-datteln.de\/index.php\/wp-json\/wp\/v2\/comments?post=6175"}],"version-history":[{"count":5,"href":"https:\/\/www.lohschule-datteln.de\/index.php\/wp-json\/wp\/v2\/pages\/6175\/revisions"}],"predecessor-version":[{"id":7310,"href":"https:\/\/www.lohschule-datteln.de\/index.php\/wp-json\/wp\/v2\/pages\/6175\/revisions\/7310"}],"wp:attachment":[{"href":"https:\/\/www.lohschule-datteln.de\/index.php\/wp-json\/wp\/v2\/media?parent=6175"}],"curies":[{"name":"wp","href":"https:\/\/api.w.org\/{rel}","templated":true}]}}