{"id":6218,"date":"2019-07-16T20:34:32","date_gmt":"2019-07-16T18:34:32","guid":{"rendered":"http:\/\/www.lohschule-datteln.de\/?page_id=6218"},"modified":"2024-08-20T16:28:31","modified_gmt":"2024-08-20T14:28:31","slug":"ehemalige","status":"publish","type":"page","link":"https:\/\/www.lohschule-datteln.de\/index.php\/ehemalige\/","title":{"rendered":"Ehemalige"},"content":{"rendered":"\n<h2 class=\"wp-block-heading\">Fotogalerie ehemaliger Jahrg\u00e4nge<\/h2>\n\n\n\n<p class=\"has-cyan-bluish-gray-color has-text-color\">Der Herzenswunsch vieler Viertkl\u00e4ssler im Fr\u00fchjahr 2018 war es, etwas Bleibendes an &#8222;ihrer Lohschule&#8220; zu hinterlassen, wenn sie selbst nicht mehr Sch\u00fcler der Schule sind. So entstand die Idee des Jahrgangsfotos zum Abschluss von Klasse 4. <\/p>\n\n\n\n<p class=\"has-cyan-bluish-gray-color has-text-color\">Die &#8222;Ehemaligenwand&#8220; wurde im Zuge der Renovierungsarbeiten zum Schuljahr 2024\/25 v\u00f6llig neu gestaltet. Alle gerahmten Bilder h\u00e4ngen nun im Haupteingangsflur der Schule im 1. Obergeschoss.<\/p>\n\n\n\n<p><\/p>\n\n\n\n<div class=\"wp-block-columns is-layout-flex wp-container-core-columns-is-layout-9d6595d7 wp-block-columns-is-layout-flex\">\n<div class=\"wp-block-column is-layout-flow wp-block-column-is-layout-flow\" style=\"flex-basis:100%\">\n<p>\u00a0<\/p>\n<p><img loading=\"lazy\" decoding=\"async\" class=\"aligncenter size-full wp-image-14018\" src=\"https:\/\/www.lohschule-datteln.de\/wp-content\/uploads\/2024\/08\/IMG_3254-scaled.jpeg\" alt=\"\" width=\"2560\" height=\"1855\" srcset=\"https:\/\/www.lohschule-datteln.de\/wp-content\/uploads\/2024\/08\/IMG_3254-scaled.jpeg 2560w, https:\/\/www.lohschule-datteln.de\/wp-content\/uploads\/2024\/08\/IMG_3254-300x217.jpeg 300w, https:\/\/www.lohschule-datteln.de\/wp-content\/uploads\/2024\/08\/IMG_3254-1024x742.jpeg 1024w, https:\/\/www.lohschule-datteln.de\/wp-content\/uploads\/2024\/08\/IMG_3254-768x556.jpeg 768w, https:\/\/www.lohschule-datteln.de\/wp-content\/uploads\/2024\/08\/IMG_3254-1536x1113.jpeg 1536w, https:\/\/www.lohschule-datteln.de\/wp-content\/uploads\/2024\/08\/IMG_3254-2048x1484.jpeg 2048w\" sizes=\"auto, (max-width: 2560px) 100vw, 2560px\" \/><\/p>\n<\/div>\n<\/div>\n\n\n\n<p>(Stand 8\/2024)<\/p>\n","protected":false},"excerpt":{"rendered":"<p>Fotogalerie ehemaliger Jahrg\u00e4nge Der Herzenswunsch vieler Viertkl\u00e4ssler im Fr\u00fchjahr 2018 war es, etwas Bleibendes an &#8222;ihrer Lohschule&#8220; zu hinterlassen, wenn sie selbst nicht mehr Sch\u00fcler der Schule sind. So entstand die Idee des Jahrgangsfotos zum Abschluss von Klasse 4. Die &#8222;Ehemaligenwand&#8220; wurde im Zuge der Renovierungsarbeiten zum Schuljahr 2024\/25 v\u00f6llig neu gestaltet. Alle gerahmten Bilder [&hellip;]<\/p>\n","protected":false},"author":3,"featured_media":0,"parent":0,"menu_order":0,"comment_status":"closed","ping_status":"closed","template":"","meta":{"footnotes":""},"class_list":["post-6218","page","type-page","status-publish","hentry"],"yoast_head":"<!-- This site is optimized with the Yoast SEO plugin v27.6 - https:\/\/yoast.com\/product\/yoast-seo-wordpress\/ -->\n<title>Ehemalige - Lohschule Datteln<\/title>\n<meta name=\"robots\" content=\"index, follow, max-snippet:-1, max-image-preview:large, max-video-preview:-1\" \/>\n<link rel=\"canonical\" href=\"https:\/\/www.lohschule-datteln.de\/index.php\/ehemalige\/\" \/>\n<meta property=\"og:locale\" content=\"de_DE\" \/>\n<meta property=\"og:type\" content=\"article\" \/>\n<meta property=\"og:title\" content=\"Ehemalige - Lohschule Datteln\" \/>\n<meta property=\"og:description\" content=\"Fotogalerie ehemaliger Jahrg\u00e4nge Der Herzenswunsch vieler Viertkl\u00e4ssler im Fr\u00fchjahr 2018 war es, etwas Bleibendes an &#8222;ihrer Lohschule&#8220; zu hinterlassen, wenn sie selbst nicht mehr Sch\u00fcler der Schule sind. So entstand die Idee des Jahrgangsfotos zum Abschluss von Klasse 4. Die &#8222;Ehemaligenwand&#8220; wurde im Zuge der Renovierungsarbeiten zum Schuljahr 2024\/25 v\u00f6llig neu gestaltet. Alle gerahmten Bilder [&hellip;]\" \/>\n<meta property=\"og:url\" content=\"https:\/\/www.lohschule-datteln.de\/index.php\/ehemalige\/\" \/>\n<meta property=\"og:site_name\" content=\"Lohschule Datteln\" \/>\n<meta property=\"article:modified_time\" content=\"2024-08-20T14:28:31+00:00\" \/>\n<meta property=\"og:image\" content=\"https:\/\/www.lohschule-datteln.de\/wp-content\/uploads\/2024\/08\/IMG_3254-scaled.jpeg\" \/>\n<meta name=\"twitter:card\" content=\"summary_large_image\" \/>\n<meta name=\"twitter:label1\" content=\"Gesch\u00e4tzte Lesezeit\" \/>\n\t<meta name=\"twitter:data1\" content=\"1\u00a0Minute\" \/>\n<script type=\"application\/ld+json\" class=\"yoast-schema-graph\">{\"@context\":\"https:\\\/\\\/schema.org\",\"@graph\":[{\"@type\":\"WebPage\",\"@id\":\"https:\\\/\\\/www.lohschule-datteln.de\\\/index.php\\\/ehemalige\\\/\",\"url\":\"https:\\\/\\\/www.lohschule-datteln.de\\\/index.php\\\/ehemalige\\\/\",\"name\":\"Ehemalige - Lohschule Datteln\",\"isPartOf\":{\"@id\":\"https:\\\/\\\/www.lohschule-datteln.de\\\/#website\"},\"primaryImageOfPage\":{\"@id\":\"https:\\\/\\\/www.lohschule-datteln.de\\\/index.php\\\/ehemalige\\\/#primaryimage\"},\"image\":{\"@id\":\"https:\\\/\\\/www.lohschule-datteln.de\\\/index.php\\\/ehemalige\\\/#primaryimage\"},\"thumbnailUrl\":\"https:\\\/\\\/www.lohschule-datteln.de\\\/wp-content\\\/uploads\\\/2024\\\/08\\\/IMG_3254-scaled.jpeg\",\"datePublished\":\"2019-07-16T18:34:32+00:00\",\"dateModified\":\"2024-08-20T14:28:31+00:00\",\"breadcrumb\":{\"@id\":\"https:\\\/\\\/www.lohschule-datteln.de\\\/index.php\\\/ehemalige\\\/#breadcrumb\"},\"inLanguage\":\"de\",\"potentialAction\":[{\"@type\":\"ReadAction\",\"target\":[\"https:\\\/\\\/www.lohschule-datteln.de\\\/index.php\\\/ehemalige\\\/\"]}]},{\"@type\":\"ImageObject\",\"inLanguage\":\"de\",\"@id\":\"https:\\\/\\\/www.lohschule-datteln.de\\\/index.php\\\/ehemalige\\\/#primaryimage\",\"url\":\"https:\\\/\\\/www.lohschule-datteln.de\\\/wp-content\\\/uploads\\\/2024\\\/08\\\/IMG_3254-scaled.jpeg\",\"contentUrl\":\"https:\\\/\\\/www.lohschule-datteln.de\\\/wp-content\\\/uploads\\\/2024\\\/08\\\/IMG_3254-scaled.jpeg\",\"width\":2560,\"height\":1855},{\"@type\":\"BreadcrumbList\",\"@id\":\"https:\\\/\\\/www.lohschule-datteln.de\\\/index.php\\\/ehemalige\\\/#breadcrumb\",\"itemListElement\":[{\"@type\":\"ListItem\",\"position\":1,\"name\":\"Startseite\",\"item\":\"https:\\\/\\\/www.lohschule-datteln.de\\\/\"},{\"@type\":\"ListItem\",\"position\":2,\"name\":\"Ehemalige\"}]},{\"@type\":\"WebSite\",\"@id\":\"https:\\\/\\\/www.lohschule-datteln.de\\\/#website\",\"url\":\"https:\\\/\\\/www.lohschule-datteln.de\\\/\",\"name\":\"Lohschule Datteln\",\"description\":\"kath. Grundschule\",\"publisher\":{\"@id\":\"https:\\\/\\\/www.lohschule-datteln.de\\\/#organization\"},\"potentialAction\":[{\"@type\":\"SearchAction\",\"target\":{\"@type\":\"EntryPoint\",\"urlTemplate\":\"https:\\\/\\\/www.lohschule-datteln.de\\\/?s={search_term_string}\"},\"query-input\":{\"@type\":\"PropertyValueSpecification\",\"valueRequired\":true,\"valueName\":\"search_term_string\"}}],\"inLanguage\":\"de\"},{\"@type\":\"Organization\",\"@id\":\"https:\\\/\\\/www.lohschule-datteln.de\\\/#organization\",\"name\":\"Lohschule -katholische Grundschule Datteln\",\"url\":\"https:\\\/\\\/www.lohschule-datteln.de\\\/\",\"logo\":{\"@type\":\"ImageObject\",\"inLanguage\":\"de\",\"@id\":\"https:\\\/\\\/www.lohschule-datteln.de\\\/#\\\/schema\\\/logo\\\/image\\\/\",\"url\":\"http:\\\/\\\/www.lohschule-datteln.de\\\/wp-content\\\/uploads\\\/2016\\\/02\\\/Loh-neu-2016.jpg\",\"contentUrl\":\"http:\\\/\\\/www.lohschule-datteln.de\\\/wp-content\\\/uploads\\\/2016\\\/02\\\/Loh-neu-2016.jpg\",\"width\":448,\"height\":252,\"caption\":\"Lohschule -katholische Grundschule Datteln\"},\"image\":{\"@id\":\"https:\\\/\\\/www.lohschule-datteln.de\\\/#\\\/schema\\\/logo\\\/image\\\/\"}}]}<\/script>\n<!-- \/ Yoast SEO plugin. -->","yoast_head_json":{"title":"Ehemalige - Lohschule Datteln","robots":{"index":"index","follow":"follow","max-snippet":"max-snippet:-1","max-image-preview":"max-image-preview:large","max-video-preview":"max-video-preview:-1"},"canonical":"https:\/\/www.lohschule-datteln.de\/index.php\/ehemalige\/","og_locale":"de_DE","og_type":"article","og_title":"Ehemalige - Lohschule Datteln","og_description":"Fotogalerie ehemaliger Jahrg\u00e4nge Der Herzenswunsch vieler Viertkl\u00e4ssler im Fr\u00fchjahr 2018 war es, etwas Bleibendes an &#8222;ihrer Lohschule&#8220; zu hinterlassen, wenn sie selbst nicht mehr Sch\u00fcler der Schule sind. So entstand die Idee des Jahrgangsfotos zum Abschluss von Klasse 4. Die &#8222;Ehemaligenwand&#8220; wurde im Zuge der Renovierungsarbeiten zum Schuljahr 2024\/25 v\u00f6llig neu gestaltet. Alle gerahmten Bilder [&hellip;]","og_url":"https:\/\/www.lohschule-datteln.de\/index.php\/ehemalige\/","og_site_name":"Lohschule Datteln","article_modified_time":"2024-08-20T14:28:31+00:00","og_image":[{"url":"https:\/\/www.lohschule-datteln.de\/wp-content\/uploads\/2024\/08\/IMG_3254-scaled.jpeg","type":"","width":"","height":""}],"twitter_card":"summary_large_image","twitter_misc":{"Gesch\u00e4tzte Lesezeit":"1\u00a0Minute"},"schema":{"@context":"https:\/\/schema.org","@graph":[{"@type":"WebPage","@id":"https:\/\/www.lohschule-datteln.de\/index.php\/ehemalige\/","url":"https:\/\/www.lohschule-datteln.de\/index.php\/ehemalige\/","name":"Ehemalige - Lohschule Datteln","isPartOf":{"@id":"https:\/\/www.lohschule-datteln.de\/#website"},"primaryImageOfPage":{"@id":"https:\/\/www.lohschule-datteln.de\/index.php\/ehemalige\/#primaryimage"},"image":{"@id":"https:\/\/www.lohschule-datteln.de\/index.php\/ehemalige\/#primaryimage"},"thumbnailUrl":"https:\/\/www.lohschule-datteln.de\/wp-content\/uploads\/2024\/08\/IMG_3254-scaled.jpeg","datePublished":"2019-07-16T18:34:32+00:00","dateModified":"2024-08-20T14:28:31+00:00","breadcrumb":{"@id":"https:\/\/www.lohschule-datteln.de\/index.php\/ehemalige\/#breadcrumb"},"inLanguage":"de","potentialAction":[{"@type":"ReadAction","target":["https:\/\/www.lohschule-datteln.de\/index.php\/ehemalige\/"]}]},{"@type":"ImageObject","inLanguage":"de","@id":"https:\/\/www.lohschule-datteln.de\/index.php\/ehemalige\/#primaryimage","url":"https:\/\/www.lohschule-datteln.de\/wp-content\/uploads\/2024\/08\/IMG_3254-scaled.jpeg","contentUrl":"https:\/\/www.lohschule-datteln.de\/wp-content\/uploads\/2024\/08\/IMG_3254-scaled.jpeg","width":2560,"height":1855},{"@type":"BreadcrumbList","@id":"https:\/\/www.lohschule-datteln.de\/index.php\/ehemalige\/#breadcrumb","itemListElement":[{"@type":"ListItem","position":1,"name":"Startseite","item":"https:\/\/www.lohschule-datteln.de\/"},{"@type":"ListItem","position":2,"name":"Ehemalige"}]},{"@type":"WebSite","@id":"https:\/\/www.lohschule-datteln.de\/#website","url":"https:\/\/www.lohschule-datteln.de\/","name":"Lohschule Datteln","description":"kath. Grundschule","publisher":{"@id":"https:\/\/www.lohschule-datteln.de\/#organization"},"potentialAction":[{"@type":"SearchAction","target":{"@type":"EntryPoint","urlTemplate":"https:\/\/www.lohschule-datteln.de\/?s={search_term_string}"},"query-input":{"@type":"PropertyValueSpecification","valueRequired":true,"valueName":"search_term_string"}}],"inLanguage":"de"},{"@type":"Organization","@id":"https:\/\/www.lohschule-datteln.de\/#organization","name":"Lohschule -katholische Grundschule Datteln","url":"https:\/\/www.lohschule-datteln.de\/","logo":{"@type":"ImageObject","inLanguage":"de","@id":"https:\/\/www.lohschule-datteln.de\/#\/schema\/logo\/image\/","url":"http:\/\/www.lohschule-datteln.de\/wp-content\/uploads\/2016\/02\/Loh-neu-2016.jpg","contentUrl":"http:\/\/www.lohschule-datteln.de\/wp-content\/uploads\/2016\/02\/Loh-neu-2016.jpg","width":448,"height":252,"caption":"Lohschule -katholische Grundschule Datteln"},"image":{"@id":"https:\/\/www.lohschule-datteln.de\/#\/schema\/logo\/image\/"}}]}},"_links":{"self":[{"href":"https:\/\/www.lohschule-datteln.de\/index.php\/wp-json\/wp\/v2\/pages\/6218","targetHints":{"allow":["GET"]}}],"collection":[{"href":"https:\/\/www.lohschule-datteln.de\/index.php\/wp-json\/wp\/v2\/pages"}],"about":[{"href":"https:\/\/www.lohschule-datteln.de\/index.php\/wp-json\/wp\/v2\/types\/page"}],"author":[{"embeddable":true,"href":"https:\/\/www.lohschule-datteln.de\/index.php\/wp-json\/wp\/v2\/users\/3"}],"replies":[{"embeddable":true,"href":"https:\/\/www.lohschule-datteln.de\/index.php\/wp-json\/wp\/v2\/comments?post=6218"}],"version-history":[{"count":23,"href":"https:\/\/www.lohschule-datteln.de\/index.php\/wp-json\/wp\/v2\/pages\/6218\/revisions"}],"predecessor-version":[{"id":14029,"href":"https:\/\/www.lohschule-datteln.de\/index.php\/wp-json\/wp\/v2\/pages\/6218\/revisions\/14029"}],"wp:attachment":[{"href":"https:\/\/www.lohschule-datteln.de\/index.php\/wp-json\/wp\/v2\/media?parent=6218"}],"curies":[{"name":"wp","href":"https:\/\/api.w.org\/{rel}","templated":true}]}}