{"id":6321,"date":"2019-09-02T18:51:34","date_gmt":"2019-09-02T16:51:34","guid":{"rendered":"http:\/\/www.lohschule-datteln.de\/?page_id=6321"},"modified":"2019-12-21T15:04:58","modified_gmt":"2019-12-21T14:04:58","slug":"patenklassen-1b-3b","status":"publish","type":"page","link":"https:\/\/www.lohschule-datteln.de\/index.php\/patenklassen-1b-3b\/","title":{"rendered":"Patenklassenaktionen: 1b\/3b"},"content":{"rendered":"\n<h2 class=\"wp-block-heading\">Patenaktion der 1b &amp; 3b zum Advent<\/h2>\n\n\n<p><span style=\"color: #008000;\">Am Donnerstag, 19.12.2019, war es wieder soweit: Die n\u00e4chste Patenaktion der Koalas der 1b und der Schmetterlinge der 3b stand an. Dieses Mal ging es um eine gem\u00fctliche gemeinsame Adventsfeier, zu der die &#8222;Gro\u00dfen&#8220; der 3b ihre Patenkinder eingeladen hatten. Dies geschah im Vorfeld durch ein gro\u00dfes Einladungsplakat, das von allen Schmetterlingen unterschrieben war und feierlich in der Patenklasse \u00fcberreicht wurde. So freuten sich alle schon auf diesen besonderen Tag der Aktion. Mit gro\u00dfer Vorfreude erwarteten die Schmetterlinge in ihrem\u00a0 festlich mit Kerzenlicht und Tischdeko geschm\u00fcckten Klassenraum die Koalas. Alle begr\u00fc\u00dften sich ganz herzlich. Die Klassensprecher der 3b begr\u00fc\u00dften mit Frau Kartschewski die eingeladenen G\u00e4ste, und Frau Rohlmann bedankte sich im Namen der Koalas f\u00fcr die herzliche Einladung. Schon konnte das Programm beginnen: Es wurden von den &#8222;Gro\u00dfen&#8220; weihnachtliche Gedichte f\u00fcr die Kleinen aufgesagt (alle Schmetterlinge waren in der Adventszeit sehr flei\u00dfig gewesen) und wundersch\u00f6ne Lieder, sogar in verschiedenen Sprachen, gesungen und mit Instrumenten begleitet. Die Koalas waren ebenso flei\u00dfig in der Adventszeit gewesen und haben ein Winter-\/Weihnachtsgedicht zusammen gelernt. Dies trugen sie nun mit Freude und passenden Gesten vor. Alle Darbietungen wurden mit gro\u00dfem Applaus bedacht. Es war eine ganz tolle Adventsfeier, die alle genie\u00dfen konnten. Und das sind Geschenke, die man f\u00fcr kein Geld der Welt kaufen kann und die somit umso wertvoller sind. Feliz navidad, merry christmas, frohe Weihnachten euch allen&#8230; so erschallte es zum Schluss. Frohe Weihnachten euch allen und bis zum n\u00e4chsten Jahr!<span class=\"apple-converted-space\">\u00a0<\/span><\/span><\/p>\n\n\n<div class=\"wp-block-image\"><figure class=\"aligncenter is-resized\"><img loading=\"lazy\" decoding=\"async\" src=\"https:\/\/www.lohschule-datteln.de\/wp-content\/uploads\/2019\/12\/3b1bWeih7.jpg\" alt=\"\" class=\"wp-image-6815\" width=\"260\" height=\"346\"\/><\/figure><\/div>\n\n\n\n<ul class=\"wp-block-gallery columns-2 is-cropped wp-block-gallery-1 is-layout-flex wp-block-gallery-is-layout-flex\"><li class=\"blocks-gallery-item\"><figure><img decoding=\"async\" src=\"https:\/\/www.lohschule-datteln.de\/wp-content\/uploads\/2019\/12\/3b1bWeih8.jpg\" alt=\"\" data-id=\"6816\" data-link=\"https:\/\/www.lohschule-datteln.de\/index.php\/patenklassen-1b-3b\/jhdr-6\/\" class=\"wp-image-6816\"\/><\/figure><\/li><li class=\"blocks-gallery-item\"><figure><img decoding=\"async\" src=\"https:\/\/www.lohschule-datteln.de\/wp-content\/uploads\/2019\/12\/3b1bWeih3.jpg\" alt=\"\" data-id=\"6812\" data-link=\"https:\/\/www.lohschule-datteln.de\/index.php\/patenklassen-1b-3b\/jhdr-2\/\" class=\"wp-image-6812\"\/><\/figure><\/li><\/ul>\n\n\n\n<ul class=\"wp-block-gallery columns-2 is-cropped wp-block-gallery-2 is-layout-flex wp-block-gallery-is-layout-flex\"><li class=\"blocks-gallery-item\"><figure><img decoding=\"async\" src=\"https:\/\/www.lohschule-datteln.de\/wp-content\/uploads\/2019\/12\/3b1bWeih4.jpg\" alt=\"\" data-id=\"6813\" data-link=\"https:\/\/www.lohschule-datteln.de\/index.php\/patenklassen-1b-3b\/jhdr-3\/\" class=\"wp-image-6813\"\/><\/figure><\/li><li class=\"blocks-gallery-item\"><figure><img decoding=\"async\" src=\"https:\/\/www.lohschule-datteln.de\/wp-content\/uploads\/2019\/12\/3b1bWeih1.jpg\" alt=\"\" data-id=\"6809\" data-link=\"https:\/\/www.lohschule-datteln.de\/index.php\/patenklassen-1b-3b\/3b1bweih1\/\" class=\"wp-image-6809\"\/><\/figure><\/li><\/ul>\n\n\n\n<ul class=\"wp-block-gallery columns-2 is-cropped wp-block-gallery-3 is-layout-flex wp-block-gallery-is-layout-flex\"><li class=\"blocks-gallery-item\"><figure><img decoding=\"async\" src=\"https:\/\/www.lohschule-datteln.de\/wp-content\/uploads\/2019\/12\/3b1bWeih2.jpg\" alt=\"\" data-id=\"6811\" data-link=\"https:\/\/www.lohschule-datteln.de\/index.php\/patenklassen-1b-3b\/jhdr\/\" class=\"wp-image-6811\"\/><\/figure><\/li><li class=\"blocks-gallery-item\"><figure><img decoding=\"async\" src=\"https:\/\/www.lohschule-datteln.de\/wp-content\/uploads\/2019\/12\/3b1bWeih6.jpg\" alt=\"\" data-id=\"6814\" data-link=\"https:\/\/www.lohschule-datteln.de\/index.php\/patenklassen-1b-3b\/jhdr-4\/\" class=\"wp-image-6814\"\/><\/figure><\/li><\/ul>\n\n\n\n<div class=\"wp-block-image\"><figure class=\"aligncenter is-resized\"><img loading=\"lazy\" decoding=\"async\" src=\"https:\/\/www.lohschule-datteln.de\/wp-content\/uploads\/2019\/12\/3b1bWeih9.jpg\" alt=\"\" class=\"wp-image-6817\" width=\"305\" height=\"229\"\/><\/figure><\/div>\n\n\n\n<p><\/p>\n\n\n\n<h2 class=\"wp-block-heading\"><\/h2><br class=\"clear\"\/>\n\n\n\n<h3 class=\"wp-block-heading\">Schmetterlinge der 3b starten Vorlese-Aktion f\u00fcr ihre Koala-Patenkinder der 1b&nbsp;<\/h3>\n\n\n\n<p class=\"has-text-color has-cyan-bluish-gray-color\">Am heutigen Freitag (11.10.19), dem letzten Schultag vor den Herbstferien, starteten die Schmetterlinge der 3b eine tolle Vorlese-Aktion f\u00fcr ihre Koala-Patenkinder der 1b. Die Schmetterlinge hatten sich im Vorfeld gut auf den Vorlesetag vorbereitet. So waren sie noch am Vortag der Aktion zusammen mit Frau Kartschewski in die Stadtb\u00fccherei gegangen und haben dort nicht nur nach einem Buch f\u00fcr sich selber gest\u00f6bert, sondern vor allem suchten sie ein sch\u00f6nes und f\u00fcr ihr Patenkind passendes Vorlesebuch aus. Wird meinem Patenkind wohl das Buch gefallen? Oder lieber dieses Buch? So gingen die Fragen im Kopf der Schmetterlinge hin und her. Schlie\u00dflich hatte jeder ein tolles Buch gefunden, das er\/sie vorlesen wollte.&nbsp;<\/p>\n\n\n\n<p class=\"has-text-color has-cyan-bluish-gray-color\">Am heutigen Freitag kamen dann nicht nur die Schmetterlinge mit Kuscheltier, Kuschelkissen und Decke gut ausgestattet zur Schule, sondern auch die Koalab\u00e4ren hatten allerlei Gem\u00fctliches dabei. Voller Vorfreude waren alle, als Frau Rohlmann und Frau Kartschewski den Kindern erkl\u00e4rten, dass sie nun in die Turnhalle als gro\u00dfen Leseraum gehen, in der sich jedes Paten-Team eine gem\u00fctliche &#8222;Lese-Insel&#8220; suchen d\u00fcrfe. Hand in Hand ging es frohgelaunt und mit allem Wichtigen bepackt zusammen in die Turnhalle. Nach kurzem Schuheausziehen in der Umkleide fand jedes Paten-P\u00e4rchen ganz schnell seinen Lieblingsplatz, und schon begann eine tolle Lese-Stunde. Dabei wurde von den Kleinen gem\u00fctlich zugeh\u00f6rt, sich hingelegt und teilweise war das Vorlesen der Gro\u00dfen so sch\u00f6n, dass die Kleinen einschliefen. Nat\u00fcrlich durften auch die Klassentiere Koala Kimi und Schmetterling Trudi nicht fehlen. Als die B\u00fccher schlie\u00dflich zu Ende gelesen waren, wurde sich noch \u00fcber Ferienpl\u00e4ne ausgetauscht und sich manchmal sogar f\u00fcr die Ferien verabredet. Toll!&nbsp;Nach der Vorleseaktion, die allen bestens gefallen hatte, gab es im Klassenraum der Koalab\u00e4ren noch ein gemeinsames Fr\u00fchst\u00fcck. Die Koalas bedankten sich mit einer &#8222;Rakete&#8220; bei den Schmetterlingen f\u00fcr die tolle Vorlesestunde, und schlie\u00dflich ging es dann gemeinsam etwas eher in die Spielpause! Was f\u00fcr eine tolle Aktion! Sch\u00f6ne Herbstferien, liebe Koalas und liebe Schmetterlinge! Bis bald!!!&nbsp;&nbsp;<\/p>\n\n\n\n<div class=\"wp-block-image\"><figure class=\"aligncenter is-resized\"><img loading=\"lazy\" decoding=\"async\" src=\"https:\/\/www.lohschule-datteln.de\/wp-content\/uploads\/2019\/10\/3blesen3.jpg\" alt=\"\" class=\"wp-image-6537\" width=\"476\" height=\"357\"\/><\/figure><\/div>\n\n\n\n<div class=\"wp-block-image\"><figure class=\"aligncenter is-resized\"><img loading=\"lazy\" decoding=\"async\" src=\"https:\/\/www.lohschule-datteln.de\/wp-content\/uploads\/2019\/10\/3blesen1.jpg\" alt=\"\" class=\"wp-image-6538\" width=\"277\" height=\"369\"\/><\/figure><\/div>\n\n\n\n<div class=\"wp-block-image\"><figure class=\"aligncenter\"><img decoding=\"async\" src=\"https:\/\/www.lohschule-datteln.de\/wp-content\/uploads\/2019\/10\/3blesen2.jpg\" alt=\"\" class=\"wp-image-6539\"\/><\/figure><\/div>\n\n\n\n<ul class=\"wp-block-gallery columns-3 is-cropped wp-block-gallery-4 is-layout-flex wp-block-gallery-is-layout-flex\"><li class=\"blocks-gallery-item\"><figure><img decoding=\"async\" src=\"https:\/\/www.lohschule-datteln.de\/wp-content\/uploads\/2019\/10\/3blesen4.jpg\" alt=\"\" data-id=\"6540\" data-link=\"https:\/\/www.lohschule-datteln.de\/index.php\/patenklassen-1b-3b\/3blesen4\/\" class=\"wp-image-6540\"\/><\/figure><\/li><li class=\"blocks-gallery-item\"><figure><img decoding=\"async\" src=\"https:\/\/www.lohschule-datteln.de\/wp-content\/uploads\/2019\/10\/3blesen5.jpg\" alt=\"\" data-id=\"6541\" data-link=\"https:\/\/www.lohschule-datteln.de\/index.php\/patenklassen-1b-3b\/3blesen5\/\" class=\"wp-image-6541\"\/><\/figure><\/li><li class=\"blocks-gallery-item\"><figure><img decoding=\"async\" src=\"https:\/\/www.lohschule-datteln.de\/wp-content\/uploads\/2019\/10\/3blesen6.jpg\" alt=\"\" data-id=\"6542\" data-link=\"https:\/\/www.lohschule-datteln.de\/index.php\/patenklassen-1b-3b\/3blesen6\/\" class=\"wp-image-6542\"\/><\/figure><\/li><li class=\"blocks-gallery-item\"><figure><img decoding=\"async\" src=\"https:\/\/www.lohschule-datteln.de\/wp-content\/uploads\/2019\/10\/3blesen7.jpg\" alt=\"\" data-id=\"6543\" data-link=\"https:\/\/www.lohschule-datteln.de\/index.php\/patenklassen-1b-3b\/3blesen7\/\" class=\"wp-image-6543\"\/><\/figure><\/li><li class=\"blocks-gallery-item\"><figure><img decoding=\"async\" src=\"https:\/\/www.lohschule-datteln.de\/wp-content\/uploads\/2019\/10\/3blesen8.jpg\" alt=\"\" data-id=\"6544\" data-link=\"https:\/\/www.lohschule-datteln.de\/index.php\/patenklassen-1b-3b\/3blesen8\/\" class=\"wp-image-6544\"\/><\/figure><\/li><\/ul>\n\n\n\n<p><\/p>\n\n\n\n<p><\/p>\n\n\n\n<h3 class=\"wp-block-heading\">Patenschaft der &#8222;Koalas&#8220; der 1b und der &#8222;Schmetterlinge&#8220; der 3b ist gestartet!<\/h3>\n\n\n\n<p class=\"has-text-color has-cyan-bluish-gray-color\">Am Freitag, 30.08.19, war nicht nur der zweite Schultag unserer neuen Erstkl\u00e4ssler, sondern auch der Tag, an dem die Patenschaft der &#8222;Koalas&#8220; der 1b mit den &#8222;Schmetterlingen&#8220; der 3b ganz toll startete.&nbsp;<\/p>\n\n\n\n<div class=\"wp-block-image\"><figure class=\"aligncenter is-resized\"><img loading=\"lazy\" decoding=\"async\" src=\"https:\/\/www.lohschule-datteln.de\/wp-content\/uploads\/2019\/09\/Paten-1b3b-1.jpg\" alt=\"\" class=\"wp-image-6335\" width=\"286\" height=\"430\"\/><\/figure><\/div>\n\n\n\n<p class=\"has-text-color has-cyan-bluish-gray-color\">Im Vorfeld waren die &#8222;Schmetterlinge&#8220; schon voller Vorfreude auf die Patenkinder flei\u00dfig gewesen. Denn jedes Patenkind sollte ein sch\u00f6nes Geschenk zum Schulbeginn erhalten. So haben die Schmetterlinge bunte Tisch-Sets f\u00fcr ihre Patenkinder gestaltet. Die Tisch-Sets sehen nicht nur mit den Klassentierbildern und den Namen toll aus, sondern sind auch als Unterlage beim Schulfr\u00fchst\u00fcck sehr praktisch. Zudem erinnern sie jeden Tag an die Patenschaft, aus der schon beim Kennenlernen erste zaghafte Freundschaften entstanden sind. Mit gro\u00dfer Freude erwarteten die &#8222;Gro\u00dfen&#8220; die &#8222;Kleinen&#8220; in ihrem Klassenraum und \u00fcbergaben ihnen ihre Geschenke (einige &#8222;Schmetterlinge&#8220; hatten auch zus\u00e4tzlich noch ein Geschenk vorbereitet).&nbsp;<\/p>\n\n\n\n<p class=\"has-text-color has-cyan-bluish-gray-color\">Danach ging es Hand in Hand in die erste gemeinsame Pause, zu deren Beginn eine Patenfotoaktion stand. Es sind ganz tolle Fotos entstanden, die einen besonderen Platz im Tagebuch und im Klassenraum der Koalas und der Schmetterlinge finden werden.&nbsp;<\/p>\n\n\n\n<p class=\"has-text-color has-cyan-bluish-gray-color\">Ein klasse Start f\u00fcr eine klasse Patenschaft!!!&nbsp;<\/p>\n\n\n\n<div class=\"wp-block-image\"><figure class=\"aligncenter\"><img decoding=\"async\" src=\"https:\/\/www.lohschule-datteln.de\/wp-content\/uploads\/2019\/09\/Paten-1b3b-2.jpg\" alt=\"\" class=\"wp-image-6330\"\/><\/figure><\/div>\n\n\n\n<div class=\"wp-block-image\"><figure class=\"aligncenter\"><img decoding=\"async\" src=\"https:\/\/www.lohschule-datteln.de\/wp-content\/uploads\/2019\/09\/Paten-1b3b-3.jpg\" alt=\"\" class=\"wp-image-6331\"\/><\/figure><\/div>\n\n\n\n<div class=\"wp-block-image\"><figure class=\"aligncenter\"><img decoding=\"async\" src=\"https:\/\/www.lohschule-datteln.de\/wp-content\/uploads\/2019\/09\/Paten-1b3b-4.jpg\" alt=\"\" class=\"wp-image-6332\"\/><\/figure><\/div>\n\n\n\n<div class=\"wp-block-image\"><figure class=\"aligncenter\"><img decoding=\"async\" src=\"https:\/\/www.lohschule-datteln.de\/wp-content\/uploads\/2019\/09\/Paten-1b3b-5.jpg\" alt=\"\" class=\"wp-image-6333\"\/><\/figure><\/div>\n\n\n\n<p><\/p>\n\n\n\n<p><\/p>\n\n\n\n<p><\/p>\n\n\n\n<p><\/p>\n\n\n\n<p><\/p>\n\n\n\n<p><\/p>\n","protected":false},"excerpt":{"rendered":"<p>Patenaktion der 1b &amp; 3b zum Advent Am Donnerstag, 19.12.2019, war es wieder soweit: Die n\u00e4chste Patenaktion der Koalas der 1b und der Schmetterlinge der 3b stand an. Dieses Mal ging es um eine gem\u00fctliche gemeinsame Adventsfeier, zu der die &#8222;Gro\u00dfen&#8220; der 3b ihre Patenkinder eingeladen hatten. Dies geschah im Vorfeld durch ein gro\u00dfes Einladungsplakat, [&hellip;]<\/p>\n","protected":false},"author":3,"featured_media":0,"parent":0,"menu_order":0,"comment_status":"closed","ping_status":"closed","template":"","meta":{"footnotes":""},"class_list":["post-6321","page","type-page","status-publish","hentry"],"yoast_head":"<!-- This site is optimized with the Yoast SEO plugin v27.6 - https:\/\/yoast.com\/product\/yoast-seo-wordpress\/ -->\n<title>Patenklassenaktionen: 1b\/3b - Lohschule Datteln<\/title>\n<meta name=\"robots\" content=\"index, follow, max-snippet:-1, max-image-preview:large, max-video-preview:-1\" \/>\n<link rel=\"canonical\" href=\"https:\/\/www.lohschule-datteln.de\/index.php\/patenklassen-1b-3b\/\" \/>\n<meta property=\"og:locale\" content=\"de_DE\" \/>\n<meta property=\"og:type\" content=\"article\" \/>\n<meta property=\"og:title\" content=\"Patenklassenaktionen: 1b\/3b - Lohschule Datteln\" \/>\n<meta property=\"og:description\" content=\"Patenaktion der 1b &amp; 3b zum Advent Am Donnerstag, 19.12.2019, war es wieder soweit: Die n\u00e4chste Patenaktion der Koalas der 1b und der Schmetterlinge der 3b stand an. Dieses Mal ging es um eine gem\u00fctliche gemeinsame Adventsfeier, zu der die &#8222;Gro\u00dfen&#8220; der 3b ihre Patenkinder eingeladen hatten. Dies geschah im Vorfeld durch ein gro\u00dfes Einladungsplakat, [&hellip;]\" \/>\n<meta property=\"og:url\" content=\"https:\/\/www.lohschule-datteln.de\/index.php\/patenklassen-1b-3b\/\" \/>\n<meta property=\"og:site_name\" content=\"Lohschule Datteln\" \/>\n<meta property=\"article:modified_time\" content=\"2019-12-21T14:04:58+00:00\" \/>\n<meta property=\"og:image\" content=\"http:\/\/www.lohschule-datteln.de\/wp-content\/uploads\/2019\/12\/3b1bWeih7.jpg\" \/>\n<meta name=\"twitter:card\" content=\"summary_large_image\" \/>\n<meta name=\"twitter:label1\" content=\"Gesch\u00e4tzte Lesezeit\" \/>\n\t<meta name=\"twitter:data1\" content=\"4\u00a0Minuten\" \/>\n<script type=\"application\/ld+json\" class=\"yoast-schema-graph\">{\"@context\":\"https:\\\/\\\/schema.org\",\"@graph\":[{\"@type\":\"WebPage\",\"@id\":\"https:\\\/\\\/www.lohschule-datteln.de\\\/index.php\\\/patenklassen-1b-3b\\\/\",\"url\":\"https:\\\/\\\/www.lohschule-datteln.de\\\/index.php\\\/patenklassen-1b-3b\\\/\",\"name\":\"Patenklassenaktionen: 1b\\\/3b - Lohschule Datteln\",\"isPartOf\":{\"@id\":\"https:\\\/\\\/www.lohschule-datteln.de\\\/#website\"},\"primaryImageOfPage\":{\"@id\":\"https:\\\/\\\/www.lohschule-datteln.de\\\/index.php\\\/patenklassen-1b-3b\\\/#primaryimage\"},\"image\":{\"@id\":\"https:\\\/\\\/www.lohschule-datteln.de\\\/index.php\\\/patenklassen-1b-3b\\\/#primaryimage\"},\"thumbnailUrl\":\"http:\\\/\\\/www.lohschule-datteln.de\\\/wp-content\\\/uploads\\\/2019\\\/12\\\/3b1bWeih7.jpg\",\"datePublished\":\"2019-09-02T16:51:34+00:00\",\"dateModified\":\"2019-12-21T14:04:58+00:00\",\"breadcrumb\":{\"@id\":\"https:\\\/\\\/www.lohschule-datteln.de\\\/index.php\\\/patenklassen-1b-3b\\\/#breadcrumb\"},\"inLanguage\":\"de\",\"potentialAction\":[{\"@type\":\"ReadAction\",\"target\":[\"https:\\\/\\\/www.lohschule-datteln.de\\\/index.php\\\/patenklassen-1b-3b\\\/\"]}]},{\"@type\":\"ImageObject\",\"inLanguage\":\"de\",\"@id\":\"https:\\\/\\\/www.lohschule-datteln.de\\\/index.php\\\/patenklassen-1b-3b\\\/#primaryimage\",\"url\":\"http:\\\/\\\/www.lohschule-datteln.de\\\/wp-content\\\/uploads\\\/2019\\\/12\\\/3b1bWeih7.jpg\",\"contentUrl\":\"http:\\\/\\\/www.lohschule-datteln.de\\\/wp-content\\\/uploads\\\/2019\\\/12\\\/3b1bWeih7.jpg\"},{\"@type\":\"BreadcrumbList\",\"@id\":\"https:\\\/\\\/www.lohschule-datteln.de\\\/index.php\\\/patenklassen-1b-3b\\\/#breadcrumb\",\"itemListElement\":[{\"@type\":\"ListItem\",\"position\":1,\"name\":\"Startseite\",\"item\":\"https:\\\/\\\/www.lohschule-datteln.de\\\/\"},{\"@type\":\"ListItem\",\"position\":2,\"name\":\"Patenklassenaktionen: 1b\\\/3b\"}]},{\"@type\":\"WebSite\",\"@id\":\"https:\\\/\\\/www.lohschule-datteln.de\\\/#website\",\"url\":\"https:\\\/\\\/www.lohschule-datteln.de\\\/\",\"name\":\"Lohschule Datteln\",\"description\":\"kath. Grundschule\",\"publisher\":{\"@id\":\"https:\\\/\\\/www.lohschule-datteln.de\\\/#organization\"},\"potentialAction\":[{\"@type\":\"SearchAction\",\"target\":{\"@type\":\"EntryPoint\",\"urlTemplate\":\"https:\\\/\\\/www.lohschule-datteln.de\\\/?s={search_term_string}\"},\"query-input\":{\"@type\":\"PropertyValueSpecification\",\"valueRequired\":true,\"valueName\":\"search_term_string\"}}],\"inLanguage\":\"de\"},{\"@type\":\"Organization\",\"@id\":\"https:\\\/\\\/www.lohschule-datteln.de\\\/#organization\",\"name\":\"Lohschule -katholische Grundschule Datteln\",\"url\":\"https:\\\/\\\/www.lohschule-datteln.de\\\/\",\"logo\":{\"@type\":\"ImageObject\",\"inLanguage\":\"de\",\"@id\":\"https:\\\/\\\/www.lohschule-datteln.de\\\/#\\\/schema\\\/logo\\\/image\\\/\",\"url\":\"http:\\\/\\\/www.lohschule-datteln.de\\\/wp-content\\\/uploads\\\/2016\\\/02\\\/Loh-neu-2016.jpg\",\"contentUrl\":\"http:\\\/\\\/www.lohschule-datteln.de\\\/wp-content\\\/uploads\\\/2016\\\/02\\\/Loh-neu-2016.jpg\",\"width\":448,\"height\":252,\"caption\":\"Lohschule -katholische Grundschule Datteln\"},\"image\":{\"@id\":\"https:\\\/\\\/www.lohschule-datteln.de\\\/#\\\/schema\\\/logo\\\/image\\\/\"}}]}<\/script>\n<!-- \/ Yoast SEO plugin. -->","yoast_head_json":{"title":"Patenklassenaktionen: 1b\/3b - Lohschule Datteln","robots":{"index":"index","follow":"follow","max-snippet":"max-snippet:-1","max-image-preview":"max-image-preview:large","max-video-preview":"max-video-preview:-1"},"canonical":"https:\/\/www.lohschule-datteln.de\/index.php\/patenklassen-1b-3b\/","og_locale":"de_DE","og_type":"article","og_title":"Patenklassenaktionen: 1b\/3b - Lohschule Datteln","og_description":"Patenaktion der 1b &amp; 3b zum Advent Am Donnerstag, 19.12.2019, war es wieder soweit: Die n\u00e4chste Patenaktion der Koalas der 1b und der Schmetterlinge der 3b stand an. Dieses Mal ging es um eine gem\u00fctliche gemeinsame Adventsfeier, zu der die &#8222;Gro\u00dfen&#8220; der 3b ihre Patenkinder eingeladen hatten. Dies geschah im Vorfeld durch ein gro\u00dfes Einladungsplakat, [&hellip;]","og_url":"https:\/\/www.lohschule-datteln.de\/index.php\/patenklassen-1b-3b\/","og_site_name":"Lohschule Datteln","article_modified_time":"2019-12-21T14:04:58+00:00","og_image":[{"url":"http:\/\/www.lohschule-datteln.de\/wp-content\/uploads\/2019\/12\/3b1bWeih7.jpg","type":"","width":"","height":""}],"twitter_card":"summary_large_image","twitter_misc":{"Gesch\u00e4tzte Lesezeit":"4\u00a0Minuten"},"schema":{"@context":"https:\/\/schema.org","@graph":[{"@type":"WebPage","@id":"https:\/\/www.lohschule-datteln.de\/index.php\/patenklassen-1b-3b\/","url":"https:\/\/www.lohschule-datteln.de\/index.php\/patenklassen-1b-3b\/","name":"Patenklassenaktionen: 1b\/3b - Lohschule Datteln","isPartOf":{"@id":"https:\/\/www.lohschule-datteln.de\/#website"},"primaryImageOfPage":{"@id":"https:\/\/www.lohschule-datteln.de\/index.php\/patenklassen-1b-3b\/#primaryimage"},"image":{"@id":"https:\/\/www.lohschule-datteln.de\/index.php\/patenklassen-1b-3b\/#primaryimage"},"thumbnailUrl":"http:\/\/www.lohschule-datteln.de\/wp-content\/uploads\/2019\/12\/3b1bWeih7.jpg","datePublished":"2019-09-02T16:51:34+00:00","dateModified":"2019-12-21T14:04:58+00:00","breadcrumb":{"@id":"https:\/\/www.lohschule-datteln.de\/index.php\/patenklassen-1b-3b\/#breadcrumb"},"inLanguage":"de","potentialAction":[{"@type":"ReadAction","target":["https:\/\/www.lohschule-datteln.de\/index.php\/patenklassen-1b-3b\/"]}]},{"@type":"ImageObject","inLanguage":"de","@id":"https:\/\/www.lohschule-datteln.de\/index.php\/patenklassen-1b-3b\/#primaryimage","url":"http:\/\/www.lohschule-datteln.de\/wp-content\/uploads\/2019\/12\/3b1bWeih7.jpg","contentUrl":"http:\/\/www.lohschule-datteln.de\/wp-content\/uploads\/2019\/12\/3b1bWeih7.jpg"},{"@type":"BreadcrumbList","@id":"https:\/\/www.lohschule-datteln.de\/index.php\/patenklassen-1b-3b\/#breadcrumb","itemListElement":[{"@type":"ListItem","position":1,"name":"Startseite","item":"https:\/\/www.lohschule-datteln.de\/"},{"@type":"ListItem","position":2,"name":"Patenklassenaktionen: 1b\/3b"}]},{"@type":"WebSite","@id":"https:\/\/www.lohschule-datteln.de\/#website","url":"https:\/\/www.lohschule-datteln.de\/","name":"Lohschule Datteln","description":"kath. Grundschule","publisher":{"@id":"https:\/\/www.lohschule-datteln.de\/#organization"},"potentialAction":[{"@type":"SearchAction","target":{"@type":"EntryPoint","urlTemplate":"https:\/\/www.lohschule-datteln.de\/?s={search_term_string}"},"query-input":{"@type":"PropertyValueSpecification","valueRequired":true,"valueName":"search_term_string"}}],"inLanguage":"de"},{"@type":"Organization","@id":"https:\/\/www.lohschule-datteln.de\/#organization","name":"Lohschule -katholische Grundschule Datteln","url":"https:\/\/www.lohschule-datteln.de\/","logo":{"@type":"ImageObject","inLanguage":"de","@id":"https:\/\/www.lohschule-datteln.de\/#\/schema\/logo\/image\/","url":"http:\/\/www.lohschule-datteln.de\/wp-content\/uploads\/2016\/02\/Loh-neu-2016.jpg","contentUrl":"http:\/\/www.lohschule-datteln.de\/wp-content\/uploads\/2016\/02\/Loh-neu-2016.jpg","width":448,"height":252,"caption":"Lohschule -katholische Grundschule Datteln"},"image":{"@id":"https:\/\/www.lohschule-datteln.de\/#\/schema\/logo\/image\/"}}]}},"_links":{"self":[{"href":"https:\/\/www.lohschule-datteln.de\/index.php\/wp-json\/wp\/v2\/pages\/6321","targetHints":{"allow":["GET"]}}],"collection":[{"href":"https:\/\/www.lohschule-datteln.de\/index.php\/wp-json\/wp\/v2\/pages"}],"about":[{"href":"https:\/\/www.lohschule-datteln.de\/index.php\/wp-json\/wp\/v2\/types\/page"}],"author":[{"embeddable":true,"href":"https:\/\/www.lohschule-datteln.de\/index.php\/wp-json\/wp\/v2\/users\/3"}],"replies":[{"embeddable":true,"href":"https:\/\/www.lohschule-datteln.de\/index.php\/wp-json\/wp\/v2\/comments?post=6321"}],"version-history":[{"count":16,"href":"https:\/\/www.lohschule-datteln.de\/index.php\/wp-json\/wp\/v2\/pages\/6321\/revisions"}],"predecessor-version":[{"id":6829,"href":"https:\/\/www.lohschule-datteln.de\/index.php\/wp-json\/wp\/v2\/pages\/6321\/revisions\/6829"}],"wp:attachment":[{"href":"https:\/\/www.lohschule-datteln.de\/index.php\/wp-json\/wp\/v2\/media?parent=6321"}],"curies":[{"name":"wp","href":"https:\/\/api.w.org\/{rel}","templated":true}]}}