{"id":680,"date":"2016-05-17T15:25:29","date_gmt":"2016-05-17T13:25:29","guid":{"rendered":"http:\/\/www.lohschule-datteln.de\/?page_id=680"},"modified":"2025-09-12T18:29:01","modified_gmt":"2025-09-12T16:29:01","slug":"kontakt","status":"publish","type":"page","link":"https:\/\/www.lohschule-datteln.de\/index.php\/kontakt\/","title":{"rendered":"OGS\/VGS-Kontakt"},"content":{"rendered":"<h3>Leitung &#8211; Offene Ganztagsschule (OGS) und Verl\u00e4ssliche Grundschule (VGS)<\/h3>\n<h3><span style=\"color: #ff9900;\">\u00a0Wir stellen uns vor:<\/span><\/h3>\n<div id='gallery-1' class='gallery galleryid-680 gallery-columns-3 gallery-size-thumbnail'><figure class='gallery-item'>\n\t\t\t<div class='gallery-icon portrait'>\n\t\t\t\t<a href='https:\/\/www.lohschule-datteln.de\/wp-content\/uploads\/2016\/05\/DSC_9175.jpg'><img loading=\"lazy\" decoding=\"async\" width=\"150\" height=\"150\" src=\"https:\/\/www.lohschule-datteln.de\/wp-content\/uploads\/2016\/05\/DSC_9175-150x150.jpg\" class=\"attachment-thumbnail size-thumbnail\" alt=\"\" aria-describedby=\"gallery-1-843\" srcset=\"https:\/\/www.lohschule-datteln.de\/wp-content\/uploads\/2016\/05\/DSC_9175-150x150.jpg 150w, https:\/\/www.lohschule-datteln.de\/wp-content\/uploads\/2016\/05\/DSC_9175-60x60.jpg 60w\" sizes=\"auto, (max-width: 150px) 100vw, 150px\" \/><\/a>\n\t\t\t<\/div>\n\t\t\t\t<figcaption class='wp-caption-text gallery-caption' id='gallery-1-843'>\n\t\t\t\tIch hei\u00dfe Rita Gensicke und bin die p\u00e4dagogische Leitung. \n\t\t\t\t<\/figcaption><\/figure><figure class='gallery-item'>\n\t\t\t<div class='gallery-icon portrait'>\n\t\t\t\t<a href='https:\/\/www.lohschule-datteln.de\/wp-content\/uploads\/2016\/05\/DSC_9193.jpg'><img loading=\"lazy\" decoding=\"async\" width=\"150\" height=\"150\" src=\"https:\/\/www.lohschule-datteln.de\/wp-content\/uploads\/2016\/05\/DSC_9193-150x150.jpg\" class=\"attachment-thumbnail size-thumbnail\" alt=\"\" aria-describedby=\"gallery-1-844\" srcset=\"https:\/\/www.lohschule-datteln.de\/wp-content\/uploads\/2016\/05\/DSC_9193-150x150.jpg 150w, https:\/\/www.lohschule-datteln.de\/wp-content\/uploads\/2016\/05\/DSC_9193-60x60.jpg 60w\" sizes=\"auto, (max-width: 150px) 100vw, 150px\" \/><\/a>\n\t\t\t<\/div>\n\t\t\t\t<figcaption class='wp-caption-text gallery-caption' id='gallery-1-844'>\n\t\t\t\tKatja Rogge ist mein Name. Ich bin stellvertretende p\u00e4dagogische Leiterin.\n\t\t\t\t<\/figcaption><\/figure>\n\t\t<\/div>\n\n<p><span style=\"color: #808080;\">Rita Gensicke (p\u00e4d. Leitung) und\u00a0 Katja Rogge ( stellv. p\u00e4d. Leitung)<\/span><\/p>\n<h3><span style=\"color: #ff9900;\">So erreichen Sie uns:<\/span><\/h3>\n<p><span style=\"color: #808080;\">B\u00fcro: 02363 &#8211; 3577375<\/span><\/p>\n<p><span style=\"color: #808080;\">E-Mail: lohschule@drk-datteln.de<\/span><\/p>\n<p><span style=\"color: #808080;\">Tr\u00e4ger: DRK-Stadtverband Datteln e.V.<br \/>\n<\/span><\/p>\n<hr \/>\n<p>&nbsp;<\/p>\n","protected":false},"excerpt":{"rendered":"<p>Leitung &#8211; Offene Ganztagsschule (OGS) und Verl\u00e4ssliche Grundschule (VGS) \u00a0Wir stellen uns vor: Rita Gensicke (p\u00e4d. Leitung) und\u00a0 Katja Rogge ( stellv. p\u00e4d. Leitung) So erreichen Sie uns: B\u00fcro: 02363 &#8211; 3577375 E-Mail: lohschule@drk-datteln.de Tr\u00e4ger: DRK-Stadtverband Datteln e.V. &nbsp;<\/p>\n","protected":false},"author":3,"featured_media":0,"parent":0,"menu_order":0,"comment_status":"closed","ping_status":"closed","template":"","meta":{"footnotes":""},"class_list":["post-680","page","type-page","status-publish","hentry"],"yoast_head":"<!-- This site is optimized with the Yoast SEO plugin v27.4 - https:\/\/yoast.com\/product\/yoast-seo-wordpress\/ -->\n<title>OGS\/VGS-Kontakt - Lohschule Datteln<\/title>\n<meta name=\"robots\" content=\"index, follow, max-snippet:-1, max-image-preview:large, max-video-preview:-1\" \/>\n<link rel=\"canonical\" href=\"https:\/\/www.lohschule-datteln.de\/index.php\/kontakt\/\" \/>\n<meta property=\"og:locale\" content=\"de_DE\" \/>\n<meta property=\"og:type\" content=\"article\" \/>\n<meta property=\"og:title\" content=\"OGS\/VGS-Kontakt - Lohschule Datteln\" \/>\n<meta property=\"og:description\" content=\"Leitung &#8211; Offene Ganztagsschule (OGS) und Verl\u00e4ssliche Grundschule (VGS) \u00a0Wir stellen uns vor: Rita Gensicke (p\u00e4d. Leitung) und\u00a0 Katja Rogge ( stellv. p\u00e4d. Leitung) So erreichen Sie uns: B\u00fcro: 02363 &#8211; 3577375 E-Mail: lohschule@drk-datteln.de Tr\u00e4ger: DRK-Stadtverband Datteln e.V. &nbsp;\" \/>\n<meta property=\"og:url\" content=\"https:\/\/www.lohschule-datteln.de\/index.php\/kontakt\/\" \/>\n<meta property=\"og:site_name\" content=\"Lohschule Datteln\" \/>\n<meta property=\"article:modified_time\" content=\"2025-09-12T16:29:01+00:00\" \/>\n<meta property=\"og:image\" content=\"https:\/\/www.lohschule-datteln.de\/wp-content\/uploads\/2016\/05\/DSC_9175-150x150.jpg\" \/>\n<meta name=\"twitter:card\" content=\"summary_large_image\" \/>\n<meta name=\"twitter:label1\" content=\"Gesch\u00e4tzte Lesezeit\" \/>\n\t<meta name=\"twitter:data1\" content=\"1\u00a0Minute\" \/>\n<script type=\"application\/ld+json\" class=\"yoast-schema-graph\">{\"@context\":\"https:\\\/\\\/schema.org\",\"@graph\":[{\"@type\":\"WebPage\",\"@id\":\"https:\\\/\\\/www.lohschule-datteln.de\\\/index.php\\\/kontakt\\\/\",\"url\":\"https:\\\/\\\/www.lohschule-datteln.de\\\/index.php\\\/kontakt\\\/\",\"name\":\"OGS\\\/VGS-Kontakt - Lohschule Datteln\",\"isPartOf\":{\"@id\":\"https:\\\/\\\/www.lohschule-datteln.de\\\/#website\"},\"datePublished\":\"2016-05-17T13:25:29+00:00\",\"dateModified\":\"2025-09-12T16:29:01+00:00\",\"breadcrumb\":{\"@id\":\"https:\\\/\\\/www.lohschule-datteln.de\\\/index.php\\\/kontakt\\\/#breadcrumb\"},\"inLanguage\":\"de\",\"potentialAction\":[{\"@type\":\"ReadAction\",\"target\":[\"https:\\\/\\\/www.lohschule-datteln.de\\\/index.php\\\/kontakt\\\/\"]}]},{\"@type\":\"BreadcrumbList\",\"@id\":\"https:\\\/\\\/www.lohschule-datteln.de\\\/index.php\\\/kontakt\\\/#breadcrumb\",\"itemListElement\":[{\"@type\":\"ListItem\",\"position\":1,\"name\":\"Startseite\",\"item\":\"https:\\\/\\\/www.lohschule-datteln.de\\\/\"},{\"@type\":\"ListItem\",\"position\":2,\"name\":\"OGS\\\/VGS-Kontakt\"}]},{\"@type\":\"WebSite\",\"@id\":\"https:\\\/\\\/www.lohschule-datteln.de\\\/#website\",\"url\":\"https:\\\/\\\/www.lohschule-datteln.de\\\/\",\"name\":\"Lohschule Datteln\",\"description\":\"kath. Grundschule\",\"publisher\":{\"@id\":\"https:\\\/\\\/www.lohschule-datteln.de\\\/#organization\"},\"potentialAction\":[{\"@type\":\"SearchAction\",\"target\":{\"@type\":\"EntryPoint\",\"urlTemplate\":\"https:\\\/\\\/www.lohschule-datteln.de\\\/?s={search_term_string}\"},\"query-input\":{\"@type\":\"PropertyValueSpecification\",\"valueRequired\":true,\"valueName\":\"search_term_string\"}}],\"inLanguage\":\"de\"},{\"@type\":\"Organization\",\"@id\":\"https:\\\/\\\/www.lohschule-datteln.de\\\/#organization\",\"name\":\"Lohschule -katholische Grundschule Datteln\",\"url\":\"https:\\\/\\\/www.lohschule-datteln.de\\\/\",\"logo\":{\"@type\":\"ImageObject\",\"inLanguage\":\"de\",\"@id\":\"https:\\\/\\\/www.lohschule-datteln.de\\\/#\\\/schema\\\/logo\\\/image\\\/\",\"url\":\"http:\\\/\\\/www.lohschule-datteln.de\\\/wp-content\\\/uploads\\\/2016\\\/02\\\/Loh-neu-2016.jpg\",\"contentUrl\":\"http:\\\/\\\/www.lohschule-datteln.de\\\/wp-content\\\/uploads\\\/2016\\\/02\\\/Loh-neu-2016.jpg\",\"width\":448,\"height\":252,\"caption\":\"Lohschule -katholische Grundschule Datteln\"},\"image\":{\"@id\":\"https:\\\/\\\/www.lohschule-datteln.de\\\/#\\\/schema\\\/logo\\\/image\\\/\"}}]}<\/script>\n<!-- \/ Yoast SEO plugin. -->","yoast_head_json":{"title":"OGS\/VGS-Kontakt - Lohschule Datteln","robots":{"index":"index","follow":"follow","max-snippet":"max-snippet:-1","max-image-preview":"max-image-preview:large","max-video-preview":"max-video-preview:-1"},"canonical":"https:\/\/www.lohschule-datteln.de\/index.php\/kontakt\/","og_locale":"de_DE","og_type":"article","og_title":"OGS\/VGS-Kontakt - Lohschule Datteln","og_description":"Leitung &#8211; Offene Ganztagsschule (OGS) und Verl\u00e4ssliche Grundschule (VGS) \u00a0Wir stellen uns vor: Rita Gensicke (p\u00e4d. Leitung) und\u00a0 Katja Rogge ( stellv. p\u00e4d. Leitung) So erreichen Sie uns: B\u00fcro: 02363 &#8211; 3577375 E-Mail: lohschule@drk-datteln.de Tr\u00e4ger: DRK-Stadtverband Datteln e.V. &nbsp;","og_url":"https:\/\/www.lohschule-datteln.de\/index.php\/kontakt\/","og_site_name":"Lohschule Datteln","article_modified_time":"2025-09-12T16:29:01+00:00","og_image":[{"url":"https:\/\/www.lohschule-datteln.de\/wp-content\/uploads\/2016\/05\/DSC_9175-150x150.jpg","type":"","width":"","height":""}],"twitter_card":"summary_large_image","twitter_misc":{"Gesch\u00e4tzte Lesezeit":"1\u00a0Minute"},"schema":{"@context":"https:\/\/schema.org","@graph":[{"@type":"WebPage","@id":"https:\/\/www.lohschule-datteln.de\/index.php\/kontakt\/","url":"https:\/\/www.lohschule-datteln.de\/index.php\/kontakt\/","name":"OGS\/VGS-Kontakt - Lohschule Datteln","isPartOf":{"@id":"https:\/\/www.lohschule-datteln.de\/#website"},"datePublished":"2016-05-17T13:25:29+00:00","dateModified":"2025-09-12T16:29:01+00:00","breadcrumb":{"@id":"https:\/\/www.lohschule-datteln.de\/index.php\/kontakt\/#breadcrumb"},"inLanguage":"de","potentialAction":[{"@type":"ReadAction","target":["https:\/\/www.lohschule-datteln.de\/index.php\/kontakt\/"]}]},{"@type":"BreadcrumbList","@id":"https:\/\/www.lohschule-datteln.de\/index.php\/kontakt\/#breadcrumb","itemListElement":[{"@type":"ListItem","position":1,"name":"Startseite","item":"https:\/\/www.lohschule-datteln.de\/"},{"@type":"ListItem","position":2,"name":"OGS\/VGS-Kontakt"}]},{"@type":"WebSite","@id":"https:\/\/www.lohschule-datteln.de\/#website","url":"https:\/\/www.lohschule-datteln.de\/","name":"Lohschule Datteln","description":"kath. Grundschule","publisher":{"@id":"https:\/\/www.lohschule-datteln.de\/#organization"},"potentialAction":[{"@type":"SearchAction","target":{"@type":"EntryPoint","urlTemplate":"https:\/\/www.lohschule-datteln.de\/?s={search_term_string}"},"query-input":{"@type":"PropertyValueSpecification","valueRequired":true,"valueName":"search_term_string"}}],"inLanguage":"de"},{"@type":"Organization","@id":"https:\/\/www.lohschule-datteln.de\/#organization","name":"Lohschule -katholische Grundschule Datteln","url":"https:\/\/www.lohschule-datteln.de\/","logo":{"@type":"ImageObject","inLanguage":"de","@id":"https:\/\/www.lohschule-datteln.de\/#\/schema\/logo\/image\/","url":"http:\/\/www.lohschule-datteln.de\/wp-content\/uploads\/2016\/02\/Loh-neu-2016.jpg","contentUrl":"http:\/\/www.lohschule-datteln.de\/wp-content\/uploads\/2016\/02\/Loh-neu-2016.jpg","width":448,"height":252,"caption":"Lohschule -katholische Grundschule Datteln"},"image":{"@id":"https:\/\/www.lohschule-datteln.de\/#\/schema\/logo\/image\/"}}]}},"_links":{"self":[{"href":"https:\/\/www.lohschule-datteln.de\/index.php\/wp-json\/wp\/v2\/pages\/680","targetHints":{"allow":["GET"]}}],"collection":[{"href":"https:\/\/www.lohschule-datteln.de\/index.php\/wp-json\/wp\/v2\/pages"}],"about":[{"href":"https:\/\/www.lohschule-datteln.de\/index.php\/wp-json\/wp\/v2\/types\/page"}],"author":[{"embeddable":true,"href":"https:\/\/www.lohschule-datteln.de\/index.php\/wp-json\/wp\/v2\/users\/3"}],"replies":[{"embeddable":true,"href":"https:\/\/www.lohschule-datteln.de\/index.php\/wp-json\/wp\/v2\/comments?post=680"}],"version-history":[{"count":71,"href":"https:\/\/www.lohschule-datteln.de\/index.php\/wp-json\/wp\/v2\/pages\/680\/revisions"}],"predecessor-version":[{"id":15123,"href":"https:\/\/www.lohschule-datteln.de\/index.php\/wp-json\/wp\/v2\/pages\/680\/revisions\/15123"}],"wp:attachment":[{"href":"https:\/\/www.lohschule-datteln.de\/index.php\/wp-json\/wp\/v2\/media?parent=680"}],"curies":[{"name":"wp","href":"https:\/\/api.w.org\/{rel}","templated":true}]}}