{"id":6945,"date":"2020-01-30T19:16:24","date_gmt":"2020-01-30T18:16:24","guid":{"rendered":"http:\/\/www.lohschule-datteln.de\/?page_id=6945"},"modified":"2020-01-30T20:24:47","modified_gmt":"2020-01-30T19:24:47","slug":"ein-tag-im-leben-eines-popstars","status":"publish","type":"page","link":"https:\/\/www.lohschule-datteln.de\/index.php\/ein-tag-im-leben-eines-popstars\/","title":{"rendered":"Ein Tag im Leben eines Popstars"},"content":{"rendered":"\n<h2 class=\"wp-block-heading\"><strong>Lohschulchor im Tonstudio<\/strong><\/h2>\n\n\n<p><img loading=\"lazy\" decoding=\"async\" class=\"aligncenter size-medium wp-image-6951\" src=\"https:\/\/www.lohschule-datteln.de\/wp-content\/uploads\/2020\/01\/Sara1-300x225.jpeg\" alt=\"\" width=\"300\" height=\"225\"><\/p>\n<p><span style=\"color: #808080;\">Am Freitag, den 24.1.2020 war es endlich soweit. Unsere Turnhalle verwandelte sich f\u00fcr einen ganzen Schultag in ein Tonstudio und wir, der Lohschulchor, waren mittendrin:<\/span><\/p>\n<p><span style=\"color: #808080;\">Nachdem wir im letzten Schuljahr mit unserem selbst geschriebenen und komponierten Schullied \u201eDas alles sind wir\u201c beim B\u00fcrgervision Songcontest den unglaublichen 3. Platz belegt haben, stand nun etwas ganz Besonderes an: Wir konnten uns einen Tag wie echte Stars f\u00fchlen. Carlo, ein Freund unserer Chorleiterin, Mitkomponist des Liedes und Tontechniker, baute sein mobiles Tonstudio in unserer Turnhalle auf. In der 3. und 4. Stunde sangen wir als Chor den Refrain unseres Liedes ein. Frau Rohlmann und Herr Rogalla unterst\u00fctzten uns wie immer dabei. Unsere Chorleiterin Frau Wilmes war begeistert. (Frau Wilmes: \u201eIch bin beeindruckt wie konzentriert, diszipliniert und mit wieviel Herzblut die Kinder das so schnell hinbekommen haben!\u201c<\/span><\/p>\n\n<p><span style=\"color: #808080;\">Anschlie\u00dfend rappten Mayra, Malin, Elif und Daan als Gruppe ihren Part. Mit Kopfh\u00f6rern, \u00fcber die die Musik lief, funktionierte auch das unglaublich schnell.<\/span><\/p>\n\n<p><span style=\"color: #808080;\">Zum Schluss sangen unsere Solisten (Frieda, Derya und Daan) ganz alleine vor dem Mikro mit Frau Wilmes als Unterst\u00fctzung das ganze Lied noch einmal ein. Carlo, der sowohl mit Bands, als auch mit Solok\u00fcnstlern arbeitet, war erstaunt und begeistert mit wieviel Mut, Freude und K\u00f6nnen die Kinder das unglaublich schnell umsetzen konnten.<\/span><\/p>\n\n<p><span style=\"color: #808080;\">Diesen Tag werden wir mit Sicherheit nie vergessen!<\/span><\/p>\n<p><span style=\"color: #808080;\">Jetzt sind wir alle gespannt, wie unsere professionelle Aufnahme klingen wird.<\/span><\/p>\n<p><span style=\"color: #808080;\">Es bleiben ein paar abschlie\u00dfende Worte unserer Chorleiterin:<\/span><\/p>\n<p><span style=\"color: #808080;\">\u201eIch bin wahnsinnig stolz auf diese tolle Truppe. Die Kinder haben das gro\u00dfartig gemacht. Es hat unglaublichen Spa\u00df gemacht und ich bin davon \u00fcberzeugt, dass das Ergebnis fantastisch wird. Das war auch f\u00fcr mich ein ganz besonderes Erlebnis!\u201c<\/span><\/p>","protected":false},"excerpt":{"rendered":"<p>Lohschulchor im Tonstudio Am Freitag, den 24.1.2020 war es endlich soweit. Unsere Turnhalle verwandelte sich f\u00fcr einen ganzen Schultag in ein Tonstudio und wir, der Lohschulchor, waren mittendrin: Nachdem wir im letzten Schuljahr mit unserem selbst geschriebenen und komponierten Schullied \u201eDas alles sind wir\u201c beim B\u00fcrgervision Songcontest den unglaublichen 3. Platz belegt haben, stand nun [&hellip;]<\/p>\n","protected":false},"author":3,"featured_media":0,"parent":0,"menu_order":0,"comment_status":"closed","ping_status":"closed","template":"","meta":{"footnotes":""},"class_list":["post-6945","page","type-page","status-publish","hentry"],"yoast_head":"<!-- This site is optimized with the Yoast SEO plugin v27.6 - https:\/\/yoast.com\/product\/yoast-seo-wordpress\/ -->\n<title>Ein Tag im Leben eines Popstars - Lohschule Datteln<\/title>\n<meta name=\"robots\" content=\"index, follow, max-snippet:-1, max-image-preview:large, max-video-preview:-1\" \/>\n<link rel=\"canonical\" href=\"https:\/\/www.lohschule-datteln.de\/index.php\/ein-tag-im-leben-eines-popstars\/\" \/>\n<meta property=\"og:locale\" content=\"de_DE\" \/>\n<meta property=\"og:type\" content=\"article\" \/>\n<meta property=\"og:title\" content=\"Ein Tag im Leben eines Popstars - Lohschule Datteln\" \/>\n<meta property=\"og:description\" content=\"Lohschulchor im Tonstudio Am Freitag, den 24.1.2020 war es endlich soweit. Unsere Turnhalle verwandelte sich f\u00fcr einen ganzen Schultag in ein Tonstudio und wir, der Lohschulchor, waren mittendrin: Nachdem wir im letzten Schuljahr mit unserem selbst geschriebenen und komponierten Schullied \u201eDas alles sind wir\u201c beim B\u00fcrgervision Songcontest den unglaublichen 3. Platz belegt haben, stand nun [&hellip;]\" \/>\n<meta property=\"og:url\" content=\"https:\/\/www.lohschule-datteln.de\/index.php\/ein-tag-im-leben-eines-popstars\/\" \/>\n<meta property=\"og:site_name\" content=\"Lohschule Datteln\" \/>\n<meta property=\"article:modified_time\" content=\"2020-01-30T19:24:47+00:00\" \/>\n<meta property=\"og:image\" content=\"https:\/\/www.lohschule-datteln.de\/wp-content\/uploads\/2020\/01\/sarah2-300x250.jpg\" \/>\n<meta name=\"twitter:card\" content=\"summary_large_image\" \/>\n<meta name=\"twitter:label1\" content=\"Gesch\u00e4tzte Lesezeit\" \/>\n\t<meta name=\"twitter:data1\" content=\"2\u00a0Minuten\" \/>\n<script type=\"application\/ld+json\" class=\"yoast-schema-graph\">{\"@context\":\"https:\\\/\\\/schema.org\",\"@graph\":[{\"@type\":\"WebPage\",\"@id\":\"https:\\\/\\\/www.lohschule-datteln.de\\\/index.php\\\/ein-tag-im-leben-eines-popstars\\\/\",\"url\":\"https:\\\/\\\/www.lohschule-datteln.de\\\/index.php\\\/ein-tag-im-leben-eines-popstars\\\/\",\"name\":\"Ein Tag im Leben eines Popstars - Lohschule Datteln\",\"isPartOf\":{\"@id\":\"https:\\\/\\\/www.lohschule-datteln.de\\\/#website\"},\"primaryImageOfPage\":{\"@id\":\"https:\\\/\\\/www.lohschule-datteln.de\\\/index.php\\\/ein-tag-im-leben-eines-popstars\\\/#primaryimage\"},\"image\":{\"@id\":\"https:\\\/\\\/www.lohschule-datteln.de\\\/index.php\\\/ein-tag-im-leben-eines-popstars\\\/#primaryimage\"},\"thumbnailUrl\":\"http:\\\/\\\/www.lohschule-datteln.de\\\/wp-content\\\/uploads\\\/2020\\\/01\\\/Sara1-300x225.jpeg\",\"datePublished\":\"2020-01-30T18:16:24+00:00\",\"dateModified\":\"2020-01-30T19:24:47+00:00\",\"breadcrumb\":{\"@id\":\"https:\\\/\\\/www.lohschule-datteln.de\\\/index.php\\\/ein-tag-im-leben-eines-popstars\\\/#breadcrumb\"},\"inLanguage\":\"de\",\"potentialAction\":[{\"@type\":\"ReadAction\",\"target\":[\"https:\\\/\\\/www.lohschule-datteln.de\\\/index.php\\\/ein-tag-im-leben-eines-popstars\\\/\"]}]},{\"@type\":\"ImageObject\",\"inLanguage\":\"de\",\"@id\":\"https:\\\/\\\/www.lohschule-datteln.de\\\/index.php\\\/ein-tag-im-leben-eines-popstars\\\/#primaryimage\",\"url\":\"http:\\\/\\\/www.lohschule-datteln.de\\\/wp-content\\\/uploads\\\/2020\\\/01\\\/Sara1-300x225.jpeg\",\"contentUrl\":\"http:\\\/\\\/www.lohschule-datteln.de\\\/wp-content\\\/uploads\\\/2020\\\/01\\\/Sara1-300x225.jpeg\"},{\"@type\":\"BreadcrumbList\",\"@id\":\"https:\\\/\\\/www.lohschule-datteln.de\\\/index.php\\\/ein-tag-im-leben-eines-popstars\\\/#breadcrumb\",\"itemListElement\":[{\"@type\":\"ListItem\",\"position\":1,\"name\":\"Startseite\",\"item\":\"https:\\\/\\\/www.lohschule-datteln.de\\\/\"},{\"@type\":\"ListItem\",\"position\":2,\"name\":\"Ein Tag im Leben eines Popstars\"}]},{\"@type\":\"WebSite\",\"@id\":\"https:\\\/\\\/www.lohschule-datteln.de\\\/#website\",\"url\":\"https:\\\/\\\/www.lohschule-datteln.de\\\/\",\"name\":\"Lohschule Datteln\",\"description\":\"kath. Grundschule\",\"publisher\":{\"@id\":\"https:\\\/\\\/www.lohschule-datteln.de\\\/#organization\"},\"potentialAction\":[{\"@type\":\"SearchAction\",\"target\":{\"@type\":\"EntryPoint\",\"urlTemplate\":\"https:\\\/\\\/www.lohschule-datteln.de\\\/?s={search_term_string}\"},\"query-input\":{\"@type\":\"PropertyValueSpecification\",\"valueRequired\":true,\"valueName\":\"search_term_string\"}}],\"inLanguage\":\"de\"},{\"@type\":\"Organization\",\"@id\":\"https:\\\/\\\/www.lohschule-datteln.de\\\/#organization\",\"name\":\"Lohschule -katholische Grundschule Datteln\",\"url\":\"https:\\\/\\\/www.lohschule-datteln.de\\\/\",\"logo\":{\"@type\":\"ImageObject\",\"inLanguage\":\"de\",\"@id\":\"https:\\\/\\\/www.lohschule-datteln.de\\\/#\\\/schema\\\/logo\\\/image\\\/\",\"url\":\"http:\\\/\\\/www.lohschule-datteln.de\\\/wp-content\\\/uploads\\\/2016\\\/02\\\/Loh-neu-2016.jpg\",\"contentUrl\":\"http:\\\/\\\/www.lohschule-datteln.de\\\/wp-content\\\/uploads\\\/2016\\\/02\\\/Loh-neu-2016.jpg\",\"width\":448,\"height\":252,\"caption\":\"Lohschule -katholische Grundschule Datteln\"},\"image\":{\"@id\":\"https:\\\/\\\/www.lohschule-datteln.de\\\/#\\\/schema\\\/logo\\\/image\\\/\"}}]}<\/script>\n<!-- \/ Yoast SEO plugin. -->","yoast_head_json":{"title":"Ein Tag im Leben eines Popstars - Lohschule Datteln","robots":{"index":"index","follow":"follow","max-snippet":"max-snippet:-1","max-image-preview":"max-image-preview:large","max-video-preview":"max-video-preview:-1"},"canonical":"https:\/\/www.lohschule-datteln.de\/index.php\/ein-tag-im-leben-eines-popstars\/","og_locale":"de_DE","og_type":"article","og_title":"Ein Tag im Leben eines Popstars - Lohschule Datteln","og_description":"Lohschulchor im Tonstudio Am Freitag, den 24.1.2020 war es endlich soweit. Unsere Turnhalle verwandelte sich f\u00fcr einen ganzen Schultag in ein Tonstudio und wir, der Lohschulchor, waren mittendrin: Nachdem wir im letzten Schuljahr mit unserem selbst geschriebenen und komponierten Schullied \u201eDas alles sind wir\u201c beim B\u00fcrgervision Songcontest den unglaublichen 3. Platz belegt haben, stand nun [&hellip;]","og_url":"https:\/\/www.lohschule-datteln.de\/index.php\/ein-tag-im-leben-eines-popstars\/","og_site_name":"Lohschule Datteln","article_modified_time":"2020-01-30T19:24:47+00:00","og_image":[{"url":"https:\/\/www.lohschule-datteln.de\/wp-content\/uploads\/2020\/01\/sarah2-300x250.jpg","type":"","width":"","height":""}],"twitter_card":"summary_large_image","twitter_misc":{"Gesch\u00e4tzte Lesezeit":"2\u00a0Minuten"},"schema":{"@context":"https:\/\/schema.org","@graph":[{"@type":"WebPage","@id":"https:\/\/www.lohschule-datteln.de\/index.php\/ein-tag-im-leben-eines-popstars\/","url":"https:\/\/www.lohschule-datteln.de\/index.php\/ein-tag-im-leben-eines-popstars\/","name":"Ein Tag im Leben eines Popstars - Lohschule Datteln","isPartOf":{"@id":"https:\/\/www.lohschule-datteln.de\/#website"},"primaryImageOfPage":{"@id":"https:\/\/www.lohschule-datteln.de\/index.php\/ein-tag-im-leben-eines-popstars\/#primaryimage"},"image":{"@id":"https:\/\/www.lohschule-datteln.de\/index.php\/ein-tag-im-leben-eines-popstars\/#primaryimage"},"thumbnailUrl":"http:\/\/www.lohschule-datteln.de\/wp-content\/uploads\/2020\/01\/Sara1-300x225.jpeg","datePublished":"2020-01-30T18:16:24+00:00","dateModified":"2020-01-30T19:24:47+00:00","breadcrumb":{"@id":"https:\/\/www.lohschule-datteln.de\/index.php\/ein-tag-im-leben-eines-popstars\/#breadcrumb"},"inLanguage":"de","potentialAction":[{"@type":"ReadAction","target":["https:\/\/www.lohschule-datteln.de\/index.php\/ein-tag-im-leben-eines-popstars\/"]}]},{"@type":"ImageObject","inLanguage":"de","@id":"https:\/\/www.lohschule-datteln.de\/index.php\/ein-tag-im-leben-eines-popstars\/#primaryimage","url":"http:\/\/www.lohschule-datteln.de\/wp-content\/uploads\/2020\/01\/Sara1-300x225.jpeg","contentUrl":"http:\/\/www.lohschule-datteln.de\/wp-content\/uploads\/2020\/01\/Sara1-300x225.jpeg"},{"@type":"BreadcrumbList","@id":"https:\/\/www.lohschule-datteln.de\/index.php\/ein-tag-im-leben-eines-popstars\/#breadcrumb","itemListElement":[{"@type":"ListItem","position":1,"name":"Startseite","item":"https:\/\/www.lohschule-datteln.de\/"},{"@type":"ListItem","position":2,"name":"Ein Tag im Leben eines Popstars"}]},{"@type":"WebSite","@id":"https:\/\/www.lohschule-datteln.de\/#website","url":"https:\/\/www.lohschule-datteln.de\/","name":"Lohschule Datteln","description":"kath. Grundschule","publisher":{"@id":"https:\/\/www.lohschule-datteln.de\/#organization"},"potentialAction":[{"@type":"SearchAction","target":{"@type":"EntryPoint","urlTemplate":"https:\/\/www.lohschule-datteln.de\/?s={search_term_string}"},"query-input":{"@type":"PropertyValueSpecification","valueRequired":true,"valueName":"search_term_string"}}],"inLanguage":"de"},{"@type":"Organization","@id":"https:\/\/www.lohschule-datteln.de\/#organization","name":"Lohschule -katholische Grundschule Datteln","url":"https:\/\/www.lohschule-datteln.de\/","logo":{"@type":"ImageObject","inLanguage":"de","@id":"https:\/\/www.lohschule-datteln.de\/#\/schema\/logo\/image\/","url":"http:\/\/www.lohschule-datteln.de\/wp-content\/uploads\/2016\/02\/Loh-neu-2016.jpg","contentUrl":"http:\/\/www.lohschule-datteln.de\/wp-content\/uploads\/2016\/02\/Loh-neu-2016.jpg","width":448,"height":252,"caption":"Lohschule -katholische Grundschule Datteln"},"image":{"@id":"https:\/\/www.lohschule-datteln.de\/#\/schema\/logo\/image\/"}}]}},"_links":{"self":[{"href":"https:\/\/www.lohschule-datteln.de\/index.php\/wp-json\/wp\/v2\/pages\/6945","targetHints":{"allow":["GET"]}}],"collection":[{"href":"https:\/\/www.lohschule-datteln.de\/index.php\/wp-json\/wp\/v2\/pages"}],"about":[{"href":"https:\/\/www.lohschule-datteln.de\/index.php\/wp-json\/wp\/v2\/types\/page"}],"author":[{"embeddable":true,"href":"https:\/\/www.lohschule-datteln.de\/index.php\/wp-json\/wp\/v2\/users\/3"}],"replies":[{"embeddable":true,"href":"https:\/\/www.lohschule-datteln.de\/index.php\/wp-json\/wp\/v2\/comments?post=6945"}],"version-history":[{"count":6,"href":"https:\/\/www.lohschule-datteln.de\/index.php\/wp-json\/wp\/v2\/pages\/6945\/revisions"}],"predecessor-version":[{"id":6962,"href":"https:\/\/www.lohschule-datteln.de\/index.php\/wp-json\/wp\/v2\/pages\/6945\/revisions\/6962"}],"wp:attachment":[{"href":"https:\/\/www.lohschule-datteln.de\/index.php\/wp-json\/wp\/v2\/media?parent=6945"}],"curies":[{"name":"wp","href":"https:\/\/api.w.org\/{rel}","templated":true}]}}