{"id":7110,"date":"2020-02-21T17:08:25","date_gmt":"2020-02-21T16:08:25","guid":{"rendered":"http:\/\/www.lohschule-datteln.de\/?page_id=7110"},"modified":"2020-03-07T08:44:03","modified_gmt":"2020-03-07T07:44:03","slug":"karneval-2020","status":"publish","type":"page","link":"https:\/\/www.lohschule-datteln.de\/index.php\/karneval-2020\/","title":{"rendered":"Karneval 2020"},"content":{"rendered":"\n<h2 class=\"wp-block-heading\">Lohschule feiert Karneval<\/h2>\n\n\n<p><span style=\"color: #ff6600;\">Am Freitag vor Rosenmontag, unserem traditionellen Karnevalsfeiertag, ging es wieder trubelig zu in den zw\u00f6lf Klassen. In den Tagen zuvor bereits k\u00fcnstlerisch dekoriert und geschm\u00fcckt bot sich in allen R\u00e4umen ein \u00e4hnliches Bild: Wegger\u00fcckte Tische hinterlie\u00dfen genug Platz f\u00fcr Stuhlkreise und manchen Laufsteg in den Klassenmitten. So konnte sich jeder kleine und gro\u00dfe Karnevalist erst einmal vorstellen.<\/span><\/p>\n<p><span style=\"color: #ff6600;\">Unser Schulleitungsteam wechselte p\u00fcnktlich zum n\u00e4rrischen Event den Beruf und wurde zu Koch und Zauberh\u00e4schen:<\/span><\/p>\n<p><img loading=\"lazy\" decoding=\"async\" class=\"aligncenter wp-image-7153 size-full\" src=\"https:\/\/www.lohschule-datteln.de\/wp-content\/uploads\/2020\/02\/karn42020.jpeg\" alt=\"\" width=\"500\" height=\"333\" \/><\/p>\n<p><span style=\"color: #ff6600;\">Was von den \u00e4lteren Sch\u00fclern an unserer Schule vielleicht schon erwartet wurde, war f\u00fcr die Erstis absolut neu und \u00fcberraschend: Aus dem Lehrerzimmer und den B\u00fcror\u00e4umen drang in der Pause laute Discomusik auf den vorderen Schulhof, und ein paar verkleidete Erwachsene (Lehrer an der Schule??? \ud83d\ude09 \ud83d\ude09 ) riefen \u201eHelau!!!\u201c und warfen Bonbons zu den tanzenden und staunenden Sch\u00fcler.<\/span><\/p>\n<p><img loading=\"lazy\" decoding=\"async\" class=\"aligncenter wp-image-7104 size-full\" src=\"https:\/\/www.lohschule-datteln.de\/wp-content\/uploads\/2020\/02\/karn201.jpg\" alt=\"\" width=\"500\" height=\"375\" \/><\/p>\n<p><span style=\"color: #ff6600;\">Fast h\u00e4tten alle ob des lauten Treibens die Klingel \u00fcberh\u00f6rt\u2026<\/span><\/p>\n<p><span style=\"color: #ff6600;\">Wieder in ihren R\u00e4umen bereiteten die Klassen sich auf den gro\u00dfen Umzug durch die Innenstadt vor. Mit T\u00fcten ausgestattet trafen die zweiten und ersten Klassen auf ihre Patenklassen. So machten 4c und 2c am Schultor den Anfang und warteten auf das Eintrudeln der \u00fcbrigen Patenteams, damit sich nach dem \u201eStartschuss\u201c durch die den Weg sichernde Polizei der Lindwurm in Gang setzen konnte.<\/span><\/p>\n<p><span style=\"color: #ff6600;\">Vorbei an vielen Zuschauern am Stra\u00dfenrand, die unerm\u00fcdlich \u201eKamelle\u201c auf die verkleideten Lohsch\u00fcler warfen, zog der Tross durch die bekannten Stra\u00dfen, bis alle nach und nach wieder wohlbehalten auf dem Schulhof ankamen.<\/span><\/p>\n<p><span style=\"color: #ff6600;\">Dort erklang schon bald erneut laute Musik aus dem Lehrerzimmer, und die Schulgemeinde wurde von Herrn Saamen zum Tanz aufgefordert.<\/span><\/p>\n<p><span style=\"color: #ff6600;\">Es wurde gejohlt und geh\u00fcpft, mitgesungen und hier und da gab es zum passenden Song ein paar Sch\u00fcler zu entdecken, die auf dem Schulhof die \u201eRobbe\u201c machten.<\/span><\/p>\n<p><span style=\"color: #ff6600;\">Zum Abschluss des bunten Treibens galt es, noch die l\u00e4ngste Polonaise zu bilden. Nach und nach schlossen sich Sch\u00fcler und Lehrer der l\u00e4nger und l\u00e4nger werdenden Schlange an. Ob sie es geschafft haben, die bisher l\u00e4ngste Schlange der Lohschule hinzubekommen??? Herr Saamen mit dem Blick aus dem Lehrerzimmer war sich sicher: JAAAA!!!<\/span><\/p>\n<p><span style=\"color: #ff6600;\">Begleitet von Musik zogen die Kids und ihre Lehrer nach und nach in ihre Klassen und lie\u00dfen in der noch verbleibenden Zeit den Morgen ausklingen. \u00a0\u00a0\u00a0<\/span><\/p>\n<p>\u00a0<\/p>\n<p><span style=\"color: #ff6600;\">Ein Eindruck in Bildern:<\/span><\/p>\n<p><img loading=\"lazy\" decoding=\"async\" class=\"aligncenter size-full wp-image-7155\" src=\"https:\/\/www.lohschule-datteln.de\/wp-content\/uploads\/2020\/02\/karn12020.jpeg\" alt=\"\" width=\"500\" height=\"333\" \/><\/p>\n\n\n\n\n\n\n\n<p><img loading=\"lazy\" decoding=\"async\" class=\"aligncenter  wp-image-7171\" src=\"https:\/\/www.lohschule-datteln.de\/wp-content\/uploads\/2020\/02\/karn102020.png\" alt=\"\" width=\"323\" height=\"428\" \/><\/p>\n<p>\u00a0<\/p>\n<p><img loading=\"lazy\" decoding=\"async\" class=\"aligncenter size-full wp-image-7243\" src=\"https:\/\/www.lohschule-datteln.de\/wp-content\/uploads\/2020\/03\/Karn20201.jpg\" alt=\"\" width=\"500\" height=\"243\" \/><\/p>\n<p><img loading=\"lazy\" decoding=\"async\" class=\"aligncenter size-full wp-image-7244\" src=\"https:\/\/www.lohschule-datteln.de\/wp-content\/uploads\/2020\/03\/karn20202.jpg\" alt=\"\" width=\"500\" height=\"243\" \/><\/p>\n<p><img loading=\"lazy\" decoding=\"async\" class=\"aligncenter size-full wp-image-7245\" src=\"https:\/\/www.lohschule-datteln.de\/wp-content\/uploads\/2020\/03\/karn20203.jpg\" alt=\"\" width=\"500\" height=\"243\" \/><\/p>\n<p><img loading=\"lazy\" decoding=\"async\" class=\"aligncenter size-full wp-image-7246\" src=\"https:\/\/www.lohschule-datteln.de\/wp-content\/uploads\/2020\/03\/karn20204.jpg\" alt=\"\" width=\"500\" height=\"243\" \/><\/p>\n<p><img loading=\"lazy\" decoding=\"async\" class=\"aligncenter size-full wp-image-7247\" src=\"https:\/\/www.lohschule-datteln.de\/wp-content\/uploads\/2020\/03\/karn20205.jpg\" alt=\"\" width=\"500\" height=\"243\" \/><\/p>\n<p><img loading=\"lazy\" decoding=\"async\" class=\"aligncenter size-full wp-image-7248\" src=\"https:\/\/www.lohschule-datteln.de\/wp-content\/uploads\/2020\/03\/karn20206.jpg\" alt=\"\" width=\"500\" height=\"243\" \/><\/p>\n<p><img loading=\"lazy\" decoding=\"async\" class=\"aligncenter size-full wp-image-7249\" src=\"https:\/\/www.lohschule-datteln.de\/wp-content\/uploads\/2020\/03\/karn202010.jpg\" alt=\"\" width=\"500\" height=\"243\" \/><\/p>\n<p><img loading=\"lazy\" decoding=\"async\" class=\"aligncenter size-full wp-image-7250\" src=\"https:\/\/www.lohschule-datteln.de\/wp-content\/uploads\/2020\/03\/karn202011.jpg\" alt=\"\" width=\"500\" height=\"243\" \/><\/p>\n<p><img loading=\"lazy\" decoding=\"async\" class=\"aligncenter size-full wp-image-7253\" src=\"https:\/\/www.lohschule-datteln.de\/wp-content\/uploads\/2020\/03\/karn202014.jpg\" alt=\"\" width=\"500\" height=\"243\" \/><\/p>\n<p><img loading=\"lazy\" decoding=\"async\" class=\"aligncenter size-full wp-image-7254\" src=\"https:\/\/www.lohschule-datteln.de\/wp-content\/uploads\/2020\/03\/karn202016.jpg\" alt=\"\" width=\"500\" height=\"243\" \/><\/p>\n<p><img loading=\"lazy\" decoding=\"async\" class=\"aligncenter size-full wp-image-7252\" src=\"https:\/\/www.lohschule-datteln.de\/wp-content\/uploads\/2020\/03\/karn202012.jpg\" alt=\"\" width=\"500\" height=\"243\" \/><\/p>\n<p><span style=\"color: #008000;\">An dieser Stelle sei allen Familien, Angeh\u00f6rigen und Unterst\u00fctzern, die unseren Kindern das S<\/span><span style=\"color: #008000;\">ammeln von Kamelle erm\u00f6glicht haben, vielen Dank gesagt, denn ohne SIE w\u00e4re der Umzug f\u00fcr die Kinder nur halb so sch\u00f6n gewesen.<\/span><\/p>\n<p><em><span style=\"color: #008000;\">Und nicht zuletzt:<\/span><\/em><\/p>\n<p><span style=\"color: #008000;\">Lieben Dank an die Polizei, die durch ihre Sicherungsma\u00dfnahmen daf\u00fcr gesorgt hat, dass alle Kinder und ihre Begleiter am Ende des Umzugs wohlbehalten den Schulhof erreichten.<\/span> \u00a0\u00a0<\/p>\n\n\n<p><\/p>\n","protected":false},"excerpt":{"rendered":"<p>Lohschule feiert Karneval Am Freitag vor Rosenmontag, unserem traditionellen Karnevalsfeiertag, ging es wieder trubelig zu in den zw\u00f6lf Klassen. In den Tagen zuvor bereits k\u00fcnstlerisch dekoriert und geschm\u00fcckt bot sich in allen R\u00e4umen ein \u00e4hnliches Bild: Wegger\u00fcckte Tische hinterlie\u00dfen genug Platz f\u00fcr Stuhlkreise und manchen Laufsteg in den Klassenmitten. So konnte sich jeder kleine und [&hellip;]<\/p>\n","protected":false},"author":3,"featured_media":0,"parent":0,"menu_order":0,"comment_status":"closed","ping_status":"closed","template":"","meta":{"footnotes":""},"class_list":["post-7110","page","type-page","status-publish","hentry"],"yoast_head":"<!-- This site is optimized with the Yoast SEO plugin v27.6 - https:\/\/yoast.com\/product\/yoast-seo-wordpress\/ -->\n<title>Karneval 2020 - Lohschule Datteln<\/title>\n<meta name=\"robots\" content=\"index, follow, max-snippet:-1, max-image-preview:large, max-video-preview:-1\" \/>\n<link rel=\"canonical\" href=\"https:\/\/www.lohschule-datteln.de\/index.php\/karneval-2020\/\" \/>\n<meta property=\"og:locale\" content=\"de_DE\" \/>\n<meta property=\"og:type\" content=\"article\" \/>\n<meta property=\"og:title\" content=\"Karneval 2020 - Lohschule Datteln\" \/>\n<meta property=\"og:description\" content=\"Lohschule feiert Karneval Am Freitag vor Rosenmontag, unserem traditionellen Karnevalsfeiertag, ging es wieder trubelig zu in den zw\u00f6lf Klassen. In den Tagen zuvor bereits k\u00fcnstlerisch dekoriert und geschm\u00fcckt bot sich in allen R\u00e4umen ein \u00e4hnliches Bild: Wegger\u00fcckte Tische hinterlie\u00dfen genug Platz f\u00fcr Stuhlkreise und manchen Laufsteg in den Klassenmitten. So konnte sich jeder kleine und [&hellip;]\" \/>\n<meta property=\"og:url\" content=\"https:\/\/www.lohschule-datteln.de\/index.php\/karneval-2020\/\" \/>\n<meta property=\"og:site_name\" content=\"Lohschule Datteln\" \/>\n<meta property=\"article:modified_time\" content=\"2020-03-07T07:44:03+00:00\" \/>\n<meta property=\"og:image\" content=\"https:\/\/www.lohschule-datteln.de\/wp-content\/uploads\/2020\/02\/karn52020-300x200.jpeg\" \/>\n<meta name=\"twitter:card\" content=\"summary_large_image\" \/>\n<meta name=\"twitter:label1\" content=\"Gesch\u00e4tzte Lesezeit\" \/>\n\t<meta name=\"twitter:data1\" content=\"3\u00a0Minuten\" \/>\n<script type=\"application\/ld+json\" class=\"yoast-schema-graph\">{\"@context\":\"https:\\\/\\\/schema.org\",\"@graph\":[{\"@type\":\"WebPage\",\"@id\":\"https:\\\/\\\/www.lohschule-datteln.de\\\/index.php\\\/karneval-2020\\\/\",\"url\":\"https:\\\/\\\/www.lohschule-datteln.de\\\/index.php\\\/karneval-2020\\\/\",\"name\":\"Karneval 2020 - Lohschule Datteln\",\"isPartOf\":{\"@id\":\"https:\\\/\\\/www.lohschule-datteln.de\\\/#website\"},\"primaryImageOfPage\":{\"@id\":\"https:\\\/\\\/www.lohschule-datteln.de\\\/index.php\\\/karneval-2020\\\/#primaryimage\"},\"image\":{\"@id\":\"https:\\\/\\\/www.lohschule-datteln.de\\\/index.php\\\/karneval-2020\\\/#primaryimage\"},\"thumbnailUrl\":\"http:\\\/\\\/www.lohschule-datteln.de\\\/wp-content\\\/uploads\\\/2020\\\/02\\\/karn42020.jpeg\",\"datePublished\":\"2020-02-21T16:08:25+00:00\",\"dateModified\":\"2020-03-07T07:44:03+00:00\",\"breadcrumb\":{\"@id\":\"https:\\\/\\\/www.lohschule-datteln.de\\\/index.php\\\/karneval-2020\\\/#breadcrumb\"},\"inLanguage\":\"de\",\"potentialAction\":[{\"@type\":\"ReadAction\",\"target\":[\"https:\\\/\\\/www.lohschule-datteln.de\\\/index.php\\\/karneval-2020\\\/\"]}]},{\"@type\":\"ImageObject\",\"inLanguage\":\"de\",\"@id\":\"https:\\\/\\\/www.lohschule-datteln.de\\\/index.php\\\/karneval-2020\\\/#primaryimage\",\"url\":\"http:\\\/\\\/www.lohschule-datteln.de\\\/wp-content\\\/uploads\\\/2020\\\/02\\\/karn42020.jpeg\",\"contentUrl\":\"http:\\\/\\\/www.lohschule-datteln.de\\\/wp-content\\\/uploads\\\/2020\\\/02\\\/karn42020.jpeg\"},{\"@type\":\"BreadcrumbList\",\"@id\":\"https:\\\/\\\/www.lohschule-datteln.de\\\/index.php\\\/karneval-2020\\\/#breadcrumb\",\"itemListElement\":[{\"@type\":\"ListItem\",\"position\":1,\"name\":\"Startseite\",\"item\":\"https:\\\/\\\/www.lohschule-datteln.de\\\/\"},{\"@type\":\"ListItem\",\"position\":2,\"name\":\"Karneval 2020\"}]},{\"@type\":\"WebSite\",\"@id\":\"https:\\\/\\\/www.lohschule-datteln.de\\\/#website\",\"url\":\"https:\\\/\\\/www.lohschule-datteln.de\\\/\",\"name\":\"Lohschule Datteln\",\"description\":\"kath. Grundschule\",\"publisher\":{\"@id\":\"https:\\\/\\\/www.lohschule-datteln.de\\\/#organization\"},\"potentialAction\":[{\"@type\":\"SearchAction\",\"target\":{\"@type\":\"EntryPoint\",\"urlTemplate\":\"https:\\\/\\\/www.lohschule-datteln.de\\\/?s={search_term_string}\"},\"query-input\":{\"@type\":\"PropertyValueSpecification\",\"valueRequired\":true,\"valueName\":\"search_term_string\"}}],\"inLanguage\":\"de\"},{\"@type\":\"Organization\",\"@id\":\"https:\\\/\\\/www.lohschule-datteln.de\\\/#organization\",\"name\":\"Lohschule -katholische Grundschule Datteln\",\"url\":\"https:\\\/\\\/www.lohschule-datteln.de\\\/\",\"logo\":{\"@type\":\"ImageObject\",\"inLanguage\":\"de\",\"@id\":\"https:\\\/\\\/www.lohschule-datteln.de\\\/#\\\/schema\\\/logo\\\/image\\\/\",\"url\":\"http:\\\/\\\/www.lohschule-datteln.de\\\/wp-content\\\/uploads\\\/2016\\\/02\\\/Loh-neu-2016.jpg\",\"contentUrl\":\"http:\\\/\\\/www.lohschule-datteln.de\\\/wp-content\\\/uploads\\\/2016\\\/02\\\/Loh-neu-2016.jpg\",\"width\":448,\"height\":252,\"caption\":\"Lohschule -katholische Grundschule Datteln\"},\"image\":{\"@id\":\"https:\\\/\\\/www.lohschule-datteln.de\\\/#\\\/schema\\\/logo\\\/image\\\/\"}}]}<\/script>\n<!-- \/ Yoast SEO plugin. -->","yoast_head_json":{"title":"Karneval 2020 - Lohschule Datteln","robots":{"index":"index","follow":"follow","max-snippet":"max-snippet:-1","max-image-preview":"max-image-preview:large","max-video-preview":"max-video-preview:-1"},"canonical":"https:\/\/www.lohschule-datteln.de\/index.php\/karneval-2020\/","og_locale":"de_DE","og_type":"article","og_title":"Karneval 2020 - Lohschule Datteln","og_description":"Lohschule feiert Karneval Am Freitag vor Rosenmontag, unserem traditionellen Karnevalsfeiertag, ging es wieder trubelig zu in den zw\u00f6lf Klassen. In den Tagen zuvor bereits k\u00fcnstlerisch dekoriert und geschm\u00fcckt bot sich in allen R\u00e4umen ein \u00e4hnliches Bild: Wegger\u00fcckte Tische hinterlie\u00dfen genug Platz f\u00fcr Stuhlkreise und manchen Laufsteg in den Klassenmitten. So konnte sich jeder kleine und [&hellip;]","og_url":"https:\/\/www.lohschule-datteln.de\/index.php\/karneval-2020\/","og_site_name":"Lohschule Datteln","article_modified_time":"2020-03-07T07:44:03+00:00","og_image":[{"url":"https:\/\/www.lohschule-datteln.de\/wp-content\/uploads\/2020\/02\/karn52020-300x200.jpeg","type":"","width":"","height":""}],"twitter_card":"summary_large_image","twitter_misc":{"Gesch\u00e4tzte Lesezeit":"3\u00a0Minuten"},"schema":{"@context":"https:\/\/schema.org","@graph":[{"@type":"WebPage","@id":"https:\/\/www.lohschule-datteln.de\/index.php\/karneval-2020\/","url":"https:\/\/www.lohschule-datteln.de\/index.php\/karneval-2020\/","name":"Karneval 2020 - Lohschule Datteln","isPartOf":{"@id":"https:\/\/www.lohschule-datteln.de\/#website"},"primaryImageOfPage":{"@id":"https:\/\/www.lohschule-datteln.de\/index.php\/karneval-2020\/#primaryimage"},"image":{"@id":"https:\/\/www.lohschule-datteln.de\/index.php\/karneval-2020\/#primaryimage"},"thumbnailUrl":"http:\/\/www.lohschule-datteln.de\/wp-content\/uploads\/2020\/02\/karn42020.jpeg","datePublished":"2020-02-21T16:08:25+00:00","dateModified":"2020-03-07T07:44:03+00:00","breadcrumb":{"@id":"https:\/\/www.lohschule-datteln.de\/index.php\/karneval-2020\/#breadcrumb"},"inLanguage":"de","potentialAction":[{"@type":"ReadAction","target":["https:\/\/www.lohschule-datteln.de\/index.php\/karneval-2020\/"]}]},{"@type":"ImageObject","inLanguage":"de","@id":"https:\/\/www.lohschule-datteln.de\/index.php\/karneval-2020\/#primaryimage","url":"http:\/\/www.lohschule-datteln.de\/wp-content\/uploads\/2020\/02\/karn42020.jpeg","contentUrl":"http:\/\/www.lohschule-datteln.de\/wp-content\/uploads\/2020\/02\/karn42020.jpeg"},{"@type":"BreadcrumbList","@id":"https:\/\/www.lohschule-datteln.de\/index.php\/karneval-2020\/#breadcrumb","itemListElement":[{"@type":"ListItem","position":1,"name":"Startseite","item":"https:\/\/www.lohschule-datteln.de\/"},{"@type":"ListItem","position":2,"name":"Karneval 2020"}]},{"@type":"WebSite","@id":"https:\/\/www.lohschule-datteln.de\/#website","url":"https:\/\/www.lohschule-datteln.de\/","name":"Lohschule Datteln","description":"kath. Grundschule","publisher":{"@id":"https:\/\/www.lohschule-datteln.de\/#organization"},"potentialAction":[{"@type":"SearchAction","target":{"@type":"EntryPoint","urlTemplate":"https:\/\/www.lohschule-datteln.de\/?s={search_term_string}"},"query-input":{"@type":"PropertyValueSpecification","valueRequired":true,"valueName":"search_term_string"}}],"inLanguage":"de"},{"@type":"Organization","@id":"https:\/\/www.lohschule-datteln.de\/#organization","name":"Lohschule -katholische Grundschule Datteln","url":"https:\/\/www.lohschule-datteln.de\/","logo":{"@type":"ImageObject","inLanguage":"de","@id":"https:\/\/www.lohschule-datteln.de\/#\/schema\/logo\/image\/","url":"http:\/\/www.lohschule-datteln.de\/wp-content\/uploads\/2016\/02\/Loh-neu-2016.jpg","contentUrl":"http:\/\/www.lohschule-datteln.de\/wp-content\/uploads\/2016\/02\/Loh-neu-2016.jpg","width":448,"height":252,"caption":"Lohschule -katholische Grundschule Datteln"},"image":{"@id":"https:\/\/www.lohschule-datteln.de\/#\/schema\/logo\/image\/"}}]}},"_links":{"self":[{"href":"https:\/\/www.lohschule-datteln.de\/index.php\/wp-json\/wp\/v2\/pages\/7110","targetHints":{"allow":["GET"]}}],"collection":[{"href":"https:\/\/www.lohschule-datteln.de\/index.php\/wp-json\/wp\/v2\/pages"}],"about":[{"href":"https:\/\/www.lohschule-datteln.de\/index.php\/wp-json\/wp\/v2\/types\/page"}],"author":[{"embeddable":true,"href":"https:\/\/www.lohschule-datteln.de\/index.php\/wp-json\/wp\/v2\/users\/3"}],"replies":[{"embeddable":true,"href":"https:\/\/www.lohschule-datteln.de\/index.php\/wp-json\/wp\/v2\/comments?post=7110"}],"version-history":[{"count":24,"href":"https:\/\/www.lohschule-datteln.de\/index.php\/wp-json\/wp\/v2\/pages\/7110\/revisions"}],"predecessor-version":[{"id":7281,"href":"https:\/\/www.lohschule-datteln.de\/index.php\/wp-json\/wp\/v2\/pages\/7110\/revisions\/7281"}],"wp:attachment":[{"href":"https:\/\/www.lohschule-datteln.de\/index.php\/wp-json\/wp\/v2\/media?parent=7110"}],"curies":[{"name":"wp","href":"https:\/\/api.w.org\/{rel}","templated":true}]}}