{"id":7262,"date":"2020-03-06T18:18:18","date_gmt":"2020-03-06T17:18:18","guid":{"rendered":"http:\/\/www.lohschule-datteln.de\/?page_id=7262"},"modified":"2020-03-09T15:37:27","modified_gmt":"2020-03-09T14:37:27","slug":"volleyballturnier-in-waltrop","status":"publish","type":"page","link":"https:\/\/www.lohschule-datteln.de\/index.php\/volleyballturnier-in-waltrop\/","title":{"rendered":"Volleyballturnier in Waltrop"},"content":{"rendered":"\n<h3 class=\"wp-block-heading\">Volleyball-Kreismeisterschaft der Grundschulen&nbsp; 2020<\/h3>\n\n\n<p><span style=\"color: #808080;\">Der Westdeutsche Volleyball-Verband hat in Zusammenarbeit mit dem Gymnastikverein Waltrop und der Lindgren Schule zur Kreismeisterschaft der Grundschulen im Volleyball f\u00fcr M\u00e4dchen und Jungen eingeladen. So machten sich am Freitag, den 6. M\u00e4rz, auch sieben mutige und motivierte Kinder der Lohschule auf den Weg nach Waltrop, um gegen zw\u00f6lf Mannschaften um den Kreispokal zu spielen.<\/span><\/p>\n<p><span style=\"color: #808080;\">Bester Stimmung und sicherlich auch aufgeregt erreichten die Dritt- und Viertkl\u00e4ssler, dank elterlicher Unterst\u00fctzung, das Sportzentrum Nord in Waltrop. Schnell wurden die Lohschul-T-Shirts und Sportsachen angezogen und schon standen die Kinder in der Halle, um sich einzuspielen. Nach einer kurzen Begr\u00fc\u00dfung konnten die Spiele um 9:30 Uhr starten. Gespielt wurde nach vereinfachten Volleyballregeln mit zwei Gewinns\u00e4tzen (bis 15 Punkten).<\/span><\/p>\n<p><span style=\"color: #808080;\">Unsere beiden Lohschulmannschaften haben jeweils in vier Spielen um jeden Punkt gek\u00e4mpft und sich gegenseitig lautstark unterst\u00fctzt. Alle 13 Mannschaften waren mit einer unglaublichen Freude, Ehrgeiz und Fairness dabei. Letztlich konnte die M\u00e4dchenmannschaft nach einigen turbulenten Spielen den unfassbaren vierten Platz erzielen. F\u00fcr die Mixed-Mannschaft ging es sogar noch eine Runde weiter, bis ins Finale. Dort traf unsere Mannschaft auf eine taktisch und technisch sehr starke Mannschaft, so dass sich unsere Mannschaft im Finale den hervorragenden zweiten Platz sicherte.<\/span><\/p>\n<p><span style=\"color: #808080;\">Schlie\u00dflich wurden gegen 13:15 Uhr alle Mannschaften gefeiert und die Platzierungen verk\u00fcndet. Alle Kinder durften sich \u00fcber leckere S\u00fc\u00dfigkeiten freuen und unsere Mixed-Mannschaft wurde zus\u00e4tzlich mit Silbermedaillen geehrt. Der Vormittag neigte sich damit dem Ende zu und leicht ersch\u00f6pft, aber voller Stolz und Freude traten wir die Heimreise an.<\/span><\/p>\n<p><span style=\"color: #808080;\">***HERZLICHEN GL\u00dcCKWUNSCH an beide Volleyballteams der Lohschule!!***<\/span><\/p>\n<p><span style=\"color: #808080;\">Unsere beiden Teams gemeinsam:<\/span><\/p>\n\n\n<figure class=\"wp-block-gallery columns-2 is-cropped wp-block-gallery-1 is-layout-flex wp-block-gallery-is-layout-flex\"><ul class=\"blocks-gallery-grid\"><li class=\"blocks-gallery-item\"><figure><img decoding=\"async\" src=\"https:\/\/www.lohschule-datteln.de\/wp-content\/uploads\/2020\/03\/voll20203.jpg\" alt=\"\" data-id=\"7270\" data-full-url=\"https:\/\/www.lohschule-datteln.de\/wp-content\/uploads\/2020\/03\/voll20203.jpg\" data-link=\"https:\/\/www.lohschule-datteln.de\/index.php\/volleyballturnier-in-waltrop\/voll20203\/\" class=\"wp-image-7270\"\/><\/figure><\/li><li class=\"blocks-gallery-item\"><figure><img decoding=\"async\" src=\"https:\/\/www.lohschule-datteln.de\/wp-content\/uploads\/2020\/03\/voll20201.jpg\" alt=\"\" data-id=\"7268\" data-full-url=\"https:\/\/www.lohschule-datteln.de\/wp-content\/uploads\/2020\/03\/voll20201.jpg\" data-link=\"https:\/\/www.lohschule-datteln.de\/index.php\/volleyballturnier-in-waltrop\/voll20201\/\" class=\"wp-image-7268\"\/><\/figure><\/li><\/ul><\/figure>\n\n\n\n<figure class=\"wp-block-gallery columns-2 is-cropped wp-block-gallery-2 is-layout-flex wp-block-gallery-is-layout-flex\"><ul class=\"blocks-gallery-grid\"><li class=\"blocks-gallery-item\"><figure><img decoding=\"async\" src=\"https:\/\/www.lohschule-datteln.de\/wp-content\/uploads\/2020\/03\/voll20204.jpg\" alt=\"\" data-id=\"7272\" data-full-url=\"https:\/\/www.lohschule-datteln.de\/wp-content\/uploads\/2020\/03\/voll20204.jpg\" data-link=\"https:\/\/www.lohschule-datteln.de\/index.php\/volleyballturnier-in-waltrop\/voll20204\/\" class=\"wp-image-7272\"\/><\/figure><\/li><li class=\"blocks-gallery-item\"><figure><img decoding=\"async\" src=\"https:\/\/www.lohschule-datteln.de\/wp-content\/uploads\/2020\/03\/voll20205.jpg\" alt=\"\" data-id=\"7273\" data-full-url=\"https:\/\/www.lohschule-datteln.de\/wp-content\/uploads\/2020\/03\/voll20205.jpg\" data-link=\"https:\/\/www.lohschule-datteln.de\/index.php\/volleyballturnier-in-waltrop\/voll20205\/\" class=\"wp-image-7273\"\/><\/figure><\/li><\/ul><\/figure>\n\n\n\n<figure class=\"wp-block-gallery columns-2 is-cropped wp-block-gallery-3 is-layout-flex wp-block-gallery-is-layout-flex\"><ul class=\"blocks-gallery-grid\"><li class=\"blocks-gallery-item\"><figure><img decoding=\"async\" src=\"https:\/\/www.lohschule-datteln.de\/wp-content\/uploads\/2020\/03\/voll20202.jpg\" alt=\"\" data-id=\"7269\" data-full-url=\"https:\/\/www.lohschule-datteln.de\/wp-content\/uploads\/2020\/03\/voll20202.jpg\" data-link=\"https:\/\/www.lohschule-datteln.de\/index.php\/volleyballturnier-in-waltrop\/voll20202\/\" class=\"wp-image-7269\"\/><\/figure><\/li><li class=\"blocks-gallery-item\"><figure><img decoding=\"async\" src=\"https:\/\/www.lohschule-datteln.de\/wp-content\/uploads\/2020\/03\/voll20206.jpg\" alt=\"\" data-id=\"7274\" data-full-url=\"https:\/\/www.lohschule-datteln.de\/wp-content\/uploads\/2020\/03\/voll20206.jpg\" data-link=\"https:\/\/www.lohschule-datteln.de\/index.php\/volleyballturnier-in-waltrop\/voll20206\/\" class=\"wp-image-7274\"\/><\/figure><\/li><\/ul><\/figure>\n\n\n\n<figure class=\"wp-block-gallery columns-1 is-cropped wp-block-gallery-4 is-layout-flex wp-block-gallery-is-layout-flex\"><ul class=\"blocks-gallery-grid\"><li class=\"blocks-gallery-item\"><figure><img decoding=\"async\" src=\"https:\/\/www.lohschule-datteln.de\/wp-content\/uploads\/2020\/03\/voll20208.jpg\" alt=\"\" data-id=\"7276\" data-full-url=\"https:\/\/www.lohschule-datteln.de\/wp-content\/uploads\/2020\/03\/voll20208.jpg\" data-link=\"https:\/\/www.lohschule-datteln.de\/index.php\/volleyballturnier-in-waltrop\/voll20208\/\" class=\"wp-image-7276\"\/><\/figure><\/li><\/ul><\/figure>\n\n\n\n<figure class=\"wp-block-gallery columns-2 is-cropped wp-block-gallery-5 is-layout-flex wp-block-gallery-is-layout-flex\"><ul class=\"blocks-gallery-grid\"><li class=\"blocks-gallery-item\"><figure><img decoding=\"async\" src=\"https:\/\/www.lohschule-datteln.de\/wp-content\/uploads\/2020\/03\/voll202010.jpeg\" alt=\"\" data-id=\"7283\" data-full-url=\"https:\/\/www.lohschule-datteln.de\/wp-content\/uploads\/2020\/03\/voll202010.jpeg\" data-link=\"https:\/\/www.lohschule-datteln.de\/index.php\/volleyballturnier-in-waltrop\/voll202010\/\" class=\"wp-image-7283\"\/><\/figure><\/li><li class=\"blocks-gallery-item\"><figure><img decoding=\"async\" src=\"https:\/\/www.lohschule-datteln.de\/wp-content\/uploads\/2020\/03\/voll202011.jpeg\" alt=\"\" data-id=\"7284\" data-full-url=\"https:\/\/www.lohschule-datteln.de\/wp-content\/uploads\/2020\/03\/voll202011.jpeg\" data-link=\"https:\/\/www.lohschule-datteln.de\/index.php\/volleyballturnier-in-waltrop\/voll202011\/\" class=\"wp-image-7284\"\/><\/figure><\/li><\/ul><\/figure>\n\n\n\n<h2 class=\"wp-block-heading\"><\/h2>\n","protected":false},"excerpt":{"rendered":"<p>Volleyball-Kreismeisterschaft der Grundschulen&nbsp; 2020 Der Westdeutsche Volleyball-Verband hat in Zusammenarbeit mit dem Gymnastikverein Waltrop und der Lindgren Schule zur Kreismeisterschaft der Grundschulen im Volleyball f\u00fcr M\u00e4dchen und Jungen eingeladen. So machten sich am Freitag, den 6. M\u00e4rz, auch sieben mutige und motivierte Kinder der Lohschule auf den Weg nach Waltrop, um gegen zw\u00f6lf Mannschaften um [&hellip;]<\/p>\n","protected":false},"author":3,"featured_media":0,"parent":0,"menu_order":0,"comment_status":"closed","ping_status":"closed","template":"","meta":{"footnotes":""},"class_list":["post-7262","page","type-page","status-publish","hentry"],"yoast_head":"<!-- This site is optimized with the Yoast SEO plugin v27.6 - https:\/\/yoast.com\/product\/yoast-seo-wordpress\/ -->\n<title>Volleyballturnier in Waltrop - Lohschule Datteln<\/title>\n<meta name=\"robots\" content=\"index, follow, max-snippet:-1, max-image-preview:large, max-video-preview:-1\" \/>\n<link rel=\"canonical\" href=\"https:\/\/www.lohschule-datteln.de\/index.php\/volleyballturnier-in-waltrop\/\" \/>\n<meta property=\"og:locale\" content=\"de_DE\" \/>\n<meta property=\"og:type\" content=\"article\" \/>\n<meta property=\"og:title\" content=\"Volleyballturnier in Waltrop - Lohschule Datteln\" \/>\n<meta property=\"og:description\" content=\"Volleyball-Kreismeisterschaft der Grundschulen&nbsp; 2020 Der Westdeutsche Volleyball-Verband hat in Zusammenarbeit mit dem Gymnastikverein Waltrop und der Lindgren Schule zur Kreismeisterschaft der Grundschulen im Volleyball f\u00fcr M\u00e4dchen und Jungen eingeladen. So machten sich am Freitag, den 6. M\u00e4rz, auch sieben mutige und motivierte Kinder der Lohschule auf den Weg nach Waltrop, um gegen zw\u00f6lf Mannschaften um [&hellip;]\" \/>\n<meta property=\"og:url\" content=\"https:\/\/www.lohschule-datteln.de\/index.php\/volleyballturnier-in-waltrop\/\" \/>\n<meta property=\"og:site_name\" content=\"Lohschule Datteln\" \/>\n<meta property=\"article:modified_time\" content=\"2020-03-09T14:37:27+00:00\" \/>\n<meta property=\"og:image\" content=\"http:\/\/www.lohschule-datteln.de\/wp-content\/uploads\/2020\/03\/voll20203.jpg\" \/>\n<meta name=\"twitter:card\" content=\"summary_large_image\" \/>\n<meta name=\"twitter:label1\" content=\"Gesch\u00e4tzte Lesezeit\" \/>\n\t<meta name=\"twitter:data1\" content=\"1\u00a0Minute\" \/>\n<script type=\"application\/ld+json\" class=\"yoast-schema-graph\">{\"@context\":\"https:\\\/\\\/schema.org\",\"@graph\":[{\"@type\":\"WebPage\",\"@id\":\"https:\\\/\\\/www.lohschule-datteln.de\\\/index.php\\\/volleyballturnier-in-waltrop\\\/\",\"url\":\"https:\\\/\\\/www.lohschule-datteln.de\\\/index.php\\\/volleyballturnier-in-waltrop\\\/\",\"name\":\"Volleyballturnier in Waltrop - Lohschule Datteln\",\"isPartOf\":{\"@id\":\"https:\\\/\\\/www.lohschule-datteln.de\\\/#website\"},\"primaryImageOfPage\":{\"@id\":\"https:\\\/\\\/www.lohschule-datteln.de\\\/index.php\\\/volleyballturnier-in-waltrop\\\/#primaryimage\"},\"image\":{\"@id\":\"https:\\\/\\\/www.lohschule-datteln.de\\\/index.php\\\/volleyballturnier-in-waltrop\\\/#primaryimage\"},\"thumbnailUrl\":\"http:\\\/\\\/www.lohschule-datteln.de\\\/wp-content\\\/uploads\\\/2020\\\/03\\\/voll20203.jpg\",\"datePublished\":\"2020-03-06T17:18:18+00:00\",\"dateModified\":\"2020-03-09T14:37:27+00:00\",\"breadcrumb\":{\"@id\":\"https:\\\/\\\/www.lohschule-datteln.de\\\/index.php\\\/volleyballturnier-in-waltrop\\\/#breadcrumb\"},\"inLanguage\":\"de\",\"potentialAction\":[{\"@type\":\"ReadAction\",\"target\":[\"https:\\\/\\\/www.lohschule-datteln.de\\\/index.php\\\/volleyballturnier-in-waltrop\\\/\"]}]},{\"@type\":\"ImageObject\",\"inLanguage\":\"de\",\"@id\":\"https:\\\/\\\/www.lohschule-datteln.de\\\/index.php\\\/volleyballturnier-in-waltrop\\\/#primaryimage\",\"url\":\"http:\\\/\\\/www.lohschule-datteln.de\\\/wp-content\\\/uploads\\\/2020\\\/03\\\/voll20203.jpg\",\"contentUrl\":\"http:\\\/\\\/www.lohschule-datteln.de\\\/wp-content\\\/uploads\\\/2020\\\/03\\\/voll20203.jpg\"},{\"@type\":\"BreadcrumbList\",\"@id\":\"https:\\\/\\\/www.lohschule-datteln.de\\\/index.php\\\/volleyballturnier-in-waltrop\\\/#breadcrumb\",\"itemListElement\":[{\"@type\":\"ListItem\",\"position\":1,\"name\":\"Startseite\",\"item\":\"https:\\\/\\\/www.lohschule-datteln.de\\\/\"},{\"@type\":\"ListItem\",\"position\":2,\"name\":\"Volleyballturnier in Waltrop\"}]},{\"@type\":\"WebSite\",\"@id\":\"https:\\\/\\\/www.lohschule-datteln.de\\\/#website\",\"url\":\"https:\\\/\\\/www.lohschule-datteln.de\\\/\",\"name\":\"Lohschule Datteln\",\"description\":\"kath. Grundschule\",\"publisher\":{\"@id\":\"https:\\\/\\\/www.lohschule-datteln.de\\\/#organization\"},\"potentialAction\":[{\"@type\":\"SearchAction\",\"target\":{\"@type\":\"EntryPoint\",\"urlTemplate\":\"https:\\\/\\\/www.lohschule-datteln.de\\\/?s={search_term_string}\"},\"query-input\":{\"@type\":\"PropertyValueSpecification\",\"valueRequired\":true,\"valueName\":\"search_term_string\"}}],\"inLanguage\":\"de\"},{\"@type\":\"Organization\",\"@id\":\"https:\\\/\\\/www.lohschule-datteln.de\\\/#organization\",\"name\":\"Lohschule -katholische Grundschule Datteln\",\"url\":\"https:\\\/\\\/www.lohschule-datteln.de\\\/\",\"logo\":{\"@type\":\"ImageObject\",\"inLanguage\":\"de\",\"@id\":\"https:\\\/\\\/www.lohschule-datteln.de\\\/#\\\/schema\\\/logo\\\/image\\\/\",\"url\":\"http:\\\/\\\/www.lohschule-datteln.de\\\/wp-content\\\/uploads\\\/2016\\\/02\\\/Loh-neu-2016.jpg\",\"contentUrl\":\"http:\\\/\\\/www.lohschule-datteln.de\\\/wp-content\\\/uploads\\\/2016\\\/02\\\/Loh-neu-2016.jpg\",\"width\":448,\"height\":252,\"caption\":\"Lohschule -katholische Grundschule Datteln\"},\"image\":{\"@id\":\"https:\\\/\\\/www.lohschule-datteln.de\\\/#\\\/schema\\\/logo\\\/image\\\/\"}}]}<\/script>\n<!-- \/ Yoast SEO plugin. -->","yoast_head_json":{"title":"Volleyballturnier in Waltrop - Lohschule Datteln","robots":{"index":"index","follow":"follow","max-snippet":"max-snippet:-1","max-image-preview":"max-image-preview:large","max-video-preview":"max-video-preview:-1"},"canonical":"https:\/\/www.lohschule-datteln.de\/index.php\/volleyballturnier-in-waltrop\/","og_locale":"de_DE","og_type":"article","og_title":"Volleyballturnier in Waltrop - Lohschule Datteln","og_description":"Volleyball-Kreismeisterschaft der Grundschulen&nbsp; 2020 Der Westdeutsche Volleyball-Verband hat in Zusammenarbeit mit dem Gymnastikverein Waltrop und der Lindgren Schule zur Kreismeisterschaft der Grundschulen im Volleyball f\u00fcr M\u00e4dchen und Jungen eingeladen. So machten sich am Freitag, den 6. M\u00e4rz, auch sieben mutige und motivierte Kinder der Lohschule auf den Weg nach Waltrop, um gegen zw\u00f6lf Mannschaften um [&hellip;]","og_url":"https:\/\/www.lohschule-datteln.de\/index.php\/volleyballturnier-in-waltrop\/","og_site_name":"Lohschule Datteln","article_modified_time":"2020-03-09T14:37:27+00:00","og_image":[{"url":"http:\/\/www.lohschule-datteln.de\/wp-content\/uploads\/2020\/03\/voll20203.jpg","type":"","width":"","height":""}],"twitter_card":"summary_large_image","twitter_misc":{"Gesch\u00e4tzte Lesezeit":"1\u00a0Minute"},"schema":{"@context":"https:\/\/schema.org","@graph":[{"@type":"WebPage","@id":"https:\/\/www.lohschule-datteln.de\/index.php\/volleyballturnier-in-waltrop\/","url":"https:\/\/www.lohschule-datteln.de\/index.php\/volleyballturnier-in-waltrop\/","name":"Volleyballturnier in Waltrop - Lohschule Datteln","isPartOf":{"@id":"https:\/\/www.lohschule-datteln.de\/#website"},"primaryImageOfPage":{"@id":"https:\/\/www.lohschule-datteln.de\/index.php\/volleyballturnier-in-waltrop\/#primaryimage"},"image":{"@id":"https:\/\/www.lohschule-datteln.de\/index.php\/volleyballturnier-in-waltrop\/#primaryimage"},"thumbnailUrl":"http:\/\/www.lohschule-datteln.de\/wp-content\/uploads\/2020\/03\/voll20203.jpg","datePublished":"2020-03-06T17:18:18+00:00","dateModified":"2020-03-09T14:37:27+00:00","breadcrumb":{"@id":"https:\/\/www.lohschule-datteln.de\/index.php\/volleyballturnier-in-waltrop\/#breadcrumb"},"inLanguage":"de","potentialAction":[{"@type":"ReadAction","target":["https:\/\/www.lohschule-datteln.de\/index.php\/volleyballturnier-in-waltrop\/"]}]},{"@type":"ImageObject","inLanguage":"de","@id":"https:\/\/www.lohschule-datteln.de\/index.php\/volleyballturnier-in-waltrop\/#primaryimage","url":"http:\/\/www.lohschule-datteln.de\/wp-content\/uploads\/2020\/03\/voll20203.jpg","contentUrl":"http:\/\/www.lohschule-datteln.de\/wp-content\/uploads\/2020\/03\/voll20203.jpg"},{"@type":"BreadcrumbList","@id":"https:\/\/www.lohschule-datteln.de\/index.php\/volleyballturnier-in-waltrop\/#breadcrumb","itemListElement":[{"@type":"ListItem","position":1,"name":"Startseite","item":"https:\/\/www.lohschule-datteln.de\/"},{"@type":"ListItem","position":2,"name":"Volleyballturnier in Waltrop"}]},{"@type":"WebSite","@id":"https:\/\/www.lohschule-datteln.de\/#website","url":"https:\/\/www.lohschule-datteln.de\/","name":"Lohschule Datteln","description":"kath. Grundschule","publisher":{"@id":"https:\/\/www.lohschule-datteln.de\/#organization"},"potentialAction":[{"@type":"SearchAction","target":{"@type":"EntryPoint","urlTemplate":"https:\/\/www.lohschule-datteln.de\/?s={search_term_string}"},"query-input":{"@type":"PropertyValueSpecification","valueRequired":true,"valueName":"search_term_string"}}],"inLanguage":"de"},{"@type":"Organization","@id":"https:\/\/www.lohschule-datteln.de\/#organization","name":"Lohschule -katholische Grundschule Datteln","url":"https:\/\/www.lohschule-datteln.de\/","logo":{"@type":"ImageObject","inLanguage":"de","@id":"https:\/\/www.lohschule-datteln.de\/#\/schema\/logo\/image\/","url":"http:\/\/www.lohschule-datteln.de\/wp-content\/uploads\/2016\/02\/Loh-neu-2016.jpg","contentUrl":"http:\/\/www.lohschule-datteln.de\/wp-content\/uploads\/2016\/02\/Loh-neu-2016.jpg","width":448,"height":252,"caption":"Lohschule -katholische Grundschule Datteln"},"image":{"@id":"https:\/\/www.lohschule-datteln.de\/#\/schema\/logo\/image\/"}}]}},"_links":{"self":[{"href":"https:\/\/www.lohschule-datteln.de\/index.php\/wp-json\/wp\/v2\/pages\/7262","targetHints":{"allow":["GET"]}}],"collection":[{"href":"https:\/\/www.lohschule-datteln.de\/index.php\/wp-json\/wp\/v2\/pages"}],"about":[{"href":"https:\/\/www.lohschule-datteln.de\/index.php\/wp-json\/wp\/v2\/types\/page"}],"author":[{"embeddable":true,"href":"https:\/\/www.lohschule-datteln.de\/index.php\/wp-json\/wp\/v2\/users\/3"}],"replies":[{"embeddable":true,"href":"https:\/\/www.lohschule-datteln.de\/index.php\/wp-json\/wp\/v2\/comments?post=7262"}],"version-history":[{"count":6,"href":"https:\/\/www.lohschule-datteln.de\/index.php\/wp-json\/wp\/v2\/pages\/7262\/revisions"}],"predecessor-version":[{"id":7290,"href":"https:\/\/www.lohschule-datteln.de\/index.php\/wp-json\/wp\/v2\/pages\/7262\/revisions\/7290"}],"wp:attachment":[{"href":"https:\/\/www.lohschule-datteln.de\/index.php\/wp-json\/wp\/v2\/media?parent=7262"}],"curies":[{"name":"wp","href":"https:\/\/api.w.org\/{rel}","templated":true}]}}