{"id":775,"date":"2016-05-22T17:51:31","date_gmt":"2016-05-22T15:51:31","guid":{"rendered":"http:\/\/www.lohschule-datteln.de\/?page_id=775"},"modified":"2016-05-22T18:09:00","modified_gmt":"2016-05-22T16:09:00","slug":"musical","status":"publish","type":"page","link":"https:\/\/www.lohschule-datteln.de\/index.php\/musical\/","title":{"rendered":"Musical"},"content":{"rendered":"<h1>4b und 4c wirken beim Musical mit<\/h1>\n<p>&nbsp;<\/p>\n<h4><span style=\"color: #000000;\">Bald ist es endlich soweit: <strong>\u201eDie kleine Mundharmonika\u201c<\/strong> wird in Datteln aufgef\u00fchrt<\/span><\/h4>\n<p>&nbsp;<\/p>\n<p>\u2026 und wir sind mit dabei. Seit Wochen proben die Klassen 4b und 4c schon mit ihren Lehrerinnen, um an dieser tollen professionellen Auff\u00fchrung mitzuwirken. Am Donnerstag war Chris Kramer, der Schirmherr dieses Musicals, ein begnadeter Musiker, der es schafft Klein und Gro\u00df in seinen Bann zu ziehen, bei uns in der Schule. Zum ersten Mal haben die beiden beteiligten Klassen (4b als Singklasse und 4c als Mundharmonikaklasse) gemeinsam geprobt.<\/p>\n<p>&nbsp;<\/p>\n<p><img loading=\"lazy\" decoding=\"async\" class=\"aligncenter size-full wp-image-779\" src=\"https:\/\/www.lohschule-datteln.de\/wp-content\/uploads\/2016\/05\/musical-gruppe.jpg\" alt=\"\" width=\"448\" height=\"241\" \/><\/p>\n<p>&nbsp;<\/p>\n<p>Nun konnte man einen Eindruck bekommen von dem, was uns bald in der Stadthalle erwarten wird. Alleine diese Probe war schon gro\u00dfartig. Chris Kramer war begeistert und alle Kinder und Lehrerinnen auch. Die Vorfreude steigt und wir alle sind m\u00e4chtig gespannt auf das, was da so kommen wird. Wir h\u00f6rten vom deutschen Beatboxmeister, professionellen Musikern, einem Gospelchor, gro\u00dfartigen S\u00e4ngerinnen und S\u00e4ngern und noch vielem mehr, was uns da erwartet. Gemeinsam mit 2 Klassen der Meckinghover Schule werden wir die Freitagabendauff\u00fchrung und die Samstagnachmittagauff\u00fchrung mitgestalten. Wir freuen uns riesig auf ein einmaliges Erlebnis, was sicherlich keines der beteiligten Kinder je vergessen wird. Vielleicht hat ja noch der ein oder andere Lust zu kommen. Lohnen wird es sich bestimmt\u2026.<\/p>\n<p>&nbsp;<\/p>\n<p><img loading=\"lazy\" decoding=\"async\" class=\"aligncenter size-full wp-image-781\" src=\"https:\/\/www.lohschule-datteln.de\/wp-content\/uploads\/2016\/05\/musical-poster.jpg\" alt=\"\" width=\"333\" height=\"448\" srcset=\"https:\/\/www.lohschule-datteln.de\/wp-content\/uploads\/2016\/05\/musical-poster.jpg 333w, https:\/\/www.lohschule-datteln.de\/wp-content\/uploads\/2016\/05\/musical-poster-223x300.jpg 223w\" sizes=\"auto, (max-width: 333px) 100vw, 333px\" \/><\/p>\n","protected":false},"excerpt":{"rendered":"<p>4b und 4c wirken beim Musical mit &nbsp; Bald ist es endlich soweit: \u201eDie kleine Mundharmonika\u201c wird in Datteln aufgef\u00fchrt &nbsp; \u2026 und wir sind mit dabei. Seit Wochen proben die Klassen 4b und 4c schon mit ihren Lehrerinnen, um an dieser tollen professionellen Auff\u00fchrung mitzuwirken. Am Donnerstag war Chris Kramer, der Schirmherr dieses Musicals, [&hellip;]<\/p>\n","protected":false},"author":3,"featured_media":0,"parent":0,"menu_order":0,"comment_status":"closed","ping_status":"closed","template":"","meta":{"footnotes":""},"class_list":["post-775","page","type-page","status-publish","hentry"],"yoast_head":"<!-- This site is optimized with the Yoast SEO plugin v27.6 - https:\/\/yoast.com\/product\/yoast-seo-wordpress\/ -->\n<title>Musical - Lohschule Datteln<\/title>\n<meta name=\"robots\" content=\"index, follow, max-snippet:-1, max-image-preview:large, max-video-preview:-1\" \/>\n<link rel=\"canonical\" href=\"https:\/\/www.lohschule-datteln.de\/index.php\/musical\/\" \/>\n<meta property=\"og:locale\" content=\"de_DE\" \/>\n<meta property=\"og:type\" content=\"article\" \/>\n<meta property=\"og:title\" content=\"Musical - Lohschule Datteln\" \/>\n<meta property=\"og:description\" content=\"4b und 4c wirken beim Musical mit &nbsp; Bald ist es endlich soweit: \u201eDie kleine Mundharmonika\u201c wird in Datteln aufgef\u00fchrt &nbsp; \u2026 und wir sind mit dabei. Seit Wochen proben die Klassen 4b und 4c schon mit ihren Lehrerinnen, um an dieser tollen professionellen Auff\u00fchrung mitzuwirken. Am Donnerstag war Chris Kramer, der Schirmherr dieses Musicals, [&hellip;]\" \/>\n<meta property=\"og:url\" content=\"https:\/\/www.lohschule-datteln.de\/index.php\/musical\/\" \/>\n<meta property=\"og:site_name\" content=\"Lohschule Datteln\" \/>\n<meta property=\"article:modified_time\" content=\"2016-05-22T16:09:00+00:00\" \/>\n<meta property=\"og:image\" content=\"http:\/\/www.lohschule-datteln.de\/wp-content\/uploads\/2016\/05\/musical-gruppe.jpg\" \/>\n<meta name=\"twitter:card\" content=\"summary_large_image\" \/>\n<meta name=\"twitter:label1\" content=\"Gesch\u00e4tzte Lesezeit\" \/>\n\t<meta name=\"twitter:data1\" content=\"1\u00a0Minute\" \/>\n<script type=\"application\/ld+json\" class=\"yoast-schema-graph\">{\"@context\":\"https:\\\/\\\/schema.org\",\"@graph\":[{\"@type\":\"WebPage\",\"@id\":\"https:\\\/\\\/www.lohschule-datteln.de\\\/index.php\\\/musical\\\/\",\"url\":\"https:\\\/\\\/www.lohschule-datteln.de\\\/index.php\\\/musical\\\/\",\"name\":\"Musical - Lohschule Datteln\",\"isPartOf\":{\"@id\":\"https:\\\/\\\/www.lohschule-datteln.de\\\/#website\"},\"primaryImageOfPage\":{\"@id\":\"https:\\\/\\\/www.lohschule-datteln.de\\\/index.php\\\/musical\\\/#primaryimage\"},\"image\":{\"@id\":\"https:\\\/\\\/www.lohschule-datteln.de\\\/index.php\\\/musical\\\/#primaryimage\"},\"thumbnailUrl\":\"http:\\\/\\\/www.lohschule-datteln.de\\\/wp-content\\\/uploads\\\/2016\\\/05\\\/musical-gruppe.jpg\",\"datePublished\":\"2016-05-22T15:51:31+00:00\",\"dateModified\":\"2016-05-22T16:09:00+00:00\",\"breadcrumb\":{\"@id\":\"https:\\\/\\\/www.lohschule-datteln.de\\\/index.php\\\/musical\\\/#breadcrumb\"},\"inLanguage\":\"de\",\"potentialAction\":[{\"@type\":\"ReadAction\",\"target\":[\"https:\\\/\\\/www.lohschule-datteln.de\\\/index.php\\\/musical\\\/\"]}]},{\"@type\":\"ImageObject\",\"inLanguage\":\"de\",\"@id\":\"https:\\\/\\\/www.lohschule-datteln.de\\\/index.php\\\/musical\\\/#primaryimage\",\"url\":\"http:\\\/\\\/www.lohschule-datteln.de\\\/wp-content\\\/uploads\\\/2016\\\/05\\\/musical-gruppe.jpg\",\"contentUrl\":\"http:\\\/\\\/www.lohschule-datteln.de\\\/wp-content\\\/uploads\\\/2016\\\/05\\\/musical-gruppe.jpg\"},{\"@type\":\"BreadcrumbList\",\"@id\":\"https:\\\/\\\/www.lohschule-datteln.de\\\/index.php\\\/musical\\\/#breadcrumb\",\"itemListElement\":[{\"@type\":\"ListItem\",\"position\":1,\"name\":\"Startseite\",\"item\":\"https:\\\/\\\/www.lohschule-datteln.de\\\/\"},{\"@type\":\"ListItem\",\"position\":2,\"name\":\"Musical\"}]},{\"@type\":\"WebSite\",\"@id\":\"https:\\\/\\\/www.lohschule-datteln.de\\\/#website\",\"url\":\"https:\\\/\\\/www.lohschule-datteln.de\\\/\",\"name\":\"Lohschule Datteln\",\"description\":\"kath. Grundschule\",\"publisher\":{\"@id\":\"https:\\\/\\\/www.lohschule-datteln.de\\\/#organization\"},\"potentialAction\":[{\"@type\":\"SearchAction\",\"target\":{\"@type\":\"EntryPoint\",\"urlTemplate\":\"https:\\\/\\\/www.lohschule-datteln.de\\\/?s={search_term_string}\"},\"query-input\":{\"@type\":\"PropertyValueSpecification\",\"valueRequired\":true,\"valueName\":\"search_term_string\"}}],\"inLanguage\":\"de\"},{\"@type\":\"Organization\",\"@id\":\"https:\\\/\\\/www.lohschule-datteln.de\\\/#organization\",\"name\":\"Lohschule -katholische Grundschule Datteln\",\"url\":\"https:\\\/\\\/www.lohschule-datteln.de\\\/\",\"logo\":{\"@type\":\"ImageObject\",\"inLanguage\":\"de\",\"@id\":\"https:\\\/\\\/www.lohschule-datteln.de\\\/#\\\/schema\\\/logo\\\/image\\\/\",\"url\":\"http:\\\/\\\/www.lohschule-datteln.de\\\/wp-content\\\/uploads\\\/2016\\\/02\\\/Loh-neu-2016.jpg\",\"contentUrl\":\"http:\\\/\\\/www.lohschule-datteln.de\\\/wp-content\\\/uploads\\\/2016\\\/02\\\/Loh-neu-2016.jpg\",\"width\":448,\"height\":252,\"caption\":\"Lohschule -katholische Grundschule Datteln\"},\"image\":{\"@id\":\"https:\\\/\\\/www.lohschule-datteln.de\\\/#\\\/schema\\\/logo\\\/image\\\/\"}}]}<\/script>\n<!-- \/ Yoast SEO plugin. -->","yoast_head_json":{"title":"Musical - Lohschule Datteln","robots":{"index":"index","follow":"follow","max-snippet":"max-snippet:-1","max-image-preview":"max-image-preview:large","max-video-preview":"max-video-preview:-1"},"canonical":"https:\/\/www.lohschule-datteln.de\/index.php\/musical\/","og_locale":"de_DE","og_type":"article","og_title":"Musical - Lohschule Datteln","og_description":"4b und 4c wirken beim Musical mit &nbsp; Bald ist es endlich soweit: \u201eDie kleine Mundharmonika\u201c wird in Datteln aufgef\u00fchrt &nbsp; \u2026 und wir sind mit dabei. Seit Wochen proben die Klassen 4b und 4c schon mit ihren Lehrerinnen, um an dieser tollen professionellen Auff\u00fchrung mitzuwirken. Am Donnerstag war Chris Kramer, der Schirmherr dieses Musicals, [&hellip;]","og_url":"https:\/\/www.lohschule-datteln.de\/index.php\/musical\/","og_site_name":"Lohschule Datteln","article_modified_time":"2016-05-22T16:09:00+00:00","og_image":[{"url":"http:\/\/www.lohschule-datteln.de\/wp-content\/uploads\/2016\/05\/musical-gruppe.jpg","type":"","width":"","height":""}],"twitter_card":"summary_large_image","twitter_misc":{"Gesch\u00e4tzte Lesezeit":"1\u00a0Minute"},"schema":{"@context":"https:\/\/schema.org","@graph":[{"@type":"WebPage","@id":"https:\/\/www.lohschule-datteln.de\/index.php\/musical\/","url":"https:\/\/www.lohschule-datteln.de\/index.php\/musical\/","name":"Musical - Lohschule Datteln","isPartOf":{"@id":"https:\/\/www.lohschule-datteln.de\/#website"},"primaryImageOfPage":{"@id":"https:\/\/www.lohschule-datteln.de\/index.php\/musical\/#primaryimage"},"image":{"@id":"https:\/\/www.lohschule-datteln.de\/index.php\/musical\/#primaryimage"},"thumbnailUrl":"http:\/\/www.lohschule-datteln.de\/wp-content\/uploads\/2016\/05\/musical-gruppe.jpg","datePublished":"2016-05-22T15:51:31+00:00","dateModified":"2016-05-22T16:09:00+00:00","breadcrumb":{"@id":"https:\/\/www.lohschule-datteln.de\/index.php\/musical\/#breadcrumb"},"inLanguage":"de","potentialAction":[{"@type":"ReadAction","target":["https:\/\/www.lohschule-datteln.de\/index.php\/musical\/"]}]},{"@type":"ImageObject","inLanguage":"de","@id":"https:\/\/www.lohschule-datteln.de\/index.php\/musical\/#primaryimage","url":"http:\/\/www.lohschule-datteln.de\/wp-content\/uploads\/2016\/05\/musical-gruppe.jpg","contentUrl":"http:\/\/www.lohschule-datteln.de\/wp-content\/uploads\/2016\/05\/musical-gruppe.jpg"},{"@type":"BreadcrumbList","@id":"https:\/\/www.lohschule-datteln.de\/index.php\/musical\/#breadcrumb","itemListElement":[{"@type":"ListItem","position":1,"name":"Startseite","item":"https:\/\/www.lohschule-datteln.de\/"},{"@type":"ListItem","position":2,"name":"Musical"}]},{"@type":"WebSite","@id":"https:\/\/www.lohschule-datteln.de\/#website","url":"https:\/\/www.lohschule-datteln.de\/","name":"Lohschule Datteln","description":"kath. Grundschule","publisher":{"@id":"https:\/\/www.lohschule-datteln.de\/#organization"},"potentialAction":[{"@type":"SearchAction","target":{"@type":"EntryPoint","urlTemplate":"https:\/\/www.lohschule-datteln.de\/?s={search_term_string}"},"query-input":{"@type":"PropertyValueSpecification","valueRequired":true,"valueName":"search_term_string"}}],"inLanguage":"de"},{"@type":"Organization","@id":"https:\/\/www.lohschule-datteln.de\/#organization","name":"Lohschule -katholische Grundschule Datteln","url":"https:\/\/www.lohschule-datteln.de\/","logo":{"@type":"ImageObject","inLanguage":"de","@id":"https:\/\/www.lohschule-datteln.de\/#\/schema\/logo\/image\/","url":"http:\/\/www.lohschule-datteln.de\/wp-content\/uploads\/2016\/02\/Loh-neu-2016.jpg","contentUrl":"http:\/\/www.lohschule-datteln.de\/wp-content\/uploads\/2016\/02\/Loh-neu-2016.jpg","width":448,"height":252,"caption":"Lohschule -katholische Grundschule Datteln"},"image":{"@id":"https:\/\/www.lohschule-datteln.de\/#\/schema\/logo\/image\/"}}]}},"_links":{"self":[{"href":"https:\/\/www.lohschule-datteln.de\/index.php\/wp-json\/wp\/v2\/pages\/775","targetHints":{"allow":["GET"]}}],"collection":[{"href":"https:\/\/www.lohschule-datteln.de\/index.php\/wp-json\/wp\/v2\/pages"}],"about":[{"href":"https:\/\/www.lohschule-datteln.de\/index.php\/wp-json\/wp\/v2\/types\/page"}],"author":[{"embeddable":true,"href":"https:\/\/www.lohschule-datteln.de\/index.php\/wp-json\/wp\/v2\/users\/3"}],"replies":[{"embeddable":true,"href":"https:\/\/www.lohschule-datteln.de\/index.php\/wp-json\/wp\/v2\/comments?post=775"}],"version-history":[{"count":8,"href":"https:\/\/www.lohschule-datteln.de\/index.php\/wp-json\/wp\/v2\/pages\/775\/revisions"}],"predecessor-version":[{"id":788,"href":"https:\/\/www.lohschule-datteln.de\/index.php\/wp-json\/wp\/v2\/pages\/775\/revisions\/788"}],"wp:attachment":[{"href":"https:\/\/www.lohschule-datteln.de\/index.php\/wp-json\/wp\/v2\/media?parent=775"}],"curies":[{"name":"wp","href":"https:\/\/api.w.org\/{rel}","templated":true}]}}