{"id":8843,"date":"2020-05-25T20:01:59","date_gmt":"2020-05-25T18:01:59","guid":{"rendered":"http:\/\/www.lohschule-datteln.de\/?page_id=8843"},"modified":"2026-03-04T14:52:14","modified_gmt":"2026-03-04T13:52:14","slug":"zukuenftige-lernanfaenger","status":"publish","type":"page","link":"https:\/\/www.lohschule-datteln.de\/index.php\/zukuenftige-lernanfaenger\/","title":{"rendered":"Zuk\u00fcnftige Lernanf\u00e4nger"},"content":{"rendered":"\n<h2 class=\"wp-block-heading\"><mark style=\"background-color:rgba(0, 0, 0, 0);color:#fa9c00\" class=\"has-inline-color\">Wissenswertes f\u00fcr Eltern unserer zuk\u00fcnftigen Lernanf\u00e4nger<\/mark><\/h2>\n\n\n<p><span style=\"color: #808080;\">Liebe Eltern und Interessierte,<\/span><\/p>\n<p><span style=\"color: #808080;\">wir haben f\u00fcr Sie hier einige Informationen zur Lohschule zusammengestellt.<\/span><\/p>\n<p><span style=\"color: #808080;\">Klicken Sie einfach auf die blauen Links, um mehr zu erfahren.<\/span><\/p>\n<p>&nbsp;<\/p>\n<p><span style=\"color: #808080;\"> <a href=\"https:\/\/padlet.com\/saami\/lohrundgang\">Rundgang durch die Lohschule<\/a><\/span><\/p>\n<p><span style=\"color: #808080;\">oder so:\u00a0<\/span><\/p>\n<p><img loading=\"lazy\" decoding=\"async\" class=\"wp-image-11353 aligncenter\" src=\"https:\/\/www.lohschule-datteln.de\/wp-content\/uploads\/2021\/06\/QR-lohrundgang-300x300.png\" alt=\"\" width=\"88\" height=\"88\" srcset=\"https:\/\/www.lohschule-datteln.de\/wp-content\/uploads\/2021\/06\/QR-lohrundgang-300x300.png 300w, https:\/\/www.lohschule-datteln.de\/wp-content\/uploads\/2021\/06\/QR-lohrundgang-1024x1024.png 1024w, https:\/\/www.lohschule-datteln.de\/wp-content\/uploads\/2021\/06\/QR-lohrundgang-150x150.png 150w, https:\/\/www.lohschule-datteln.de\/wp-content\/uploads\/2021\/06\/QR-lohrundgang-768x768.png 768w, https:\/\/www.lohschule-datteln.de\/wp-content\/uploads\/2021\/06\/QR-lohrundgang-60x60.png 60w, https:\/\/www.lohschule-datteln.de\/wp-content\/uploads\/2021\/06\/QR-lohrundgang.png 1280w\" sizes=\"auto, (max-width: 88px) 100vw, 88px\" \/><\/p>\n<p>&nbsp;<\/p>\n<p><span style=\"color: #808080;\"><br \/>Im nachfolgenden Infoheft finden sich viele wichtige Infos an einer Stelle f\u00fcr Sie zusammengetragen: \u00a0 \u00a0<\/span><\/p>\n<p><a href=\"https:\/\/www.lohschule-datteln.de\/wp-content\/uploads\/2025\/06\/Infoheft-LA-Juni-25-Homepage.pdf\">Infoheft Lernanf\u00e4nger 2025<\/a><\/p>\n<p>&nbsp;<\/p>\n<p><span style=\"color: #808080;\">In unserem Lohschule-ABC k\u00f6nnen Sie unter einem Schlagwort gezielt nach Informationen suchen: \u00a0 \u00a0 \u00a0<\/span><span style=\"color: #808080;\">\u00a0<\/span><\/p>\n<p><a href=\"https:\/\/www.lohschule-datteln.de\/wp-content\/uploads\/2025\/08\/Lohschul-Abc-Aug.-2025.pdf\">Lohschul-ABC <\/a>(Stand 8\/2025)<\/p>\n<p>&nbsp;<\/p>\n<p><span style=\"color: #808080;\">Sollte dennoch eine Info fehlen, nehmen Sie bitte Kontakt mit uns auf.<\/span><\/p>\n<p>&nbsp;<\/p>\n<h2>\u00a0<\/h2>\n<h2><span style=\"color: #ff9900;\">Kennenlerntag der zuk\u00fcnftigen Erstkl\u00e4ssler<\/span><\/h2>\n<p>Der Kennenlerntag f\u00fcr alle neuen Erstkl\u00e4ssler findet statt am:<\/p>\n<p><b>14.7.26 \u00a015.00 &#8211; 16.00 Uhr<\/b><\/p>\n<p>Kinder k\u00f6nnen in dieser Zeit ihre neue Klassenlehrerin und ihre Mitsch\u00fclerinnen und Mitsch\u00fcler kennenlernen. Nat\u00fcrlich wird das Klassentier auch beim Treffen dabei sein.<\/p>\n<p>Die Eltern werden in dieser Zeit von der Schulleitung mit weiteren Informationen versorgt.\u00a0<\/p>\n<p>Der F\u00f6rderverein stellt sich ebenfalls vor und sorgt f\u00fcr das leibliche Wohl.<\/p>\n<p>&nbsp;<\/p>\n<h2><span style=\"color: #ff9900;\">Einschulungstermin f\u00fcr die 1. Klassen im Schuljahr 2026\/27<\/span><\/h2>\n<p>Die Einschulung findet am 3.9.26 an der Lohschule statt.<\/p>\n<p>Genauere Zeiten entnehmen Sie bitte den Infoschreiben, die Sie noch erhalten werden.<\/p>\n<h2><span style=\"color: #ff9900;\"><br \/>Unterlagen f\u00fcr die Schulanmeldung f\u00fcr das Schuljahr 2026\/27<\/span><\/h2>\n<p>Laden Sie sich gerne die wichtigsten Unterlagen herunter und f\u00fcllen Sie sie zur Schulanmeldung aus:<\/p>\n<p><a href=\"https:\/\/www.lohschule-datteln.de\/wp-content\/uploads\/2025\/08\/Paper-Eltern-geben-Infos.pdf\">Paper: Eltern geben Infos 26\/27<\/a><\/p>\n<p><a href=\"https:\/\/www.lohschule-datteln.de\/wp-content\/uploads\/2025\/08\/Einschulung-Personalbogen.pdf\">Personalbogen Einschulung 26\/27<\/a><\/p>\n<p><a href=\"https:\/\/www.lohschule-datteln.de\/wp-content\/uploads\/2025\/08\/Anmeldung-kath.-GS.pdf\">Anmeldung katholische Grundschule 26\/27<\/a><\/p>\n<p><a href=\"https:\/\/www.lohschule-datteln.de\/wp-content\/uploads\/2022\/06\/Einverstaendnis-Fotos-und-Datenschutz-2023-24.pdf\">Einverst\u00e4ndnis Foto und Datenschutz<\/a><\/p>\n<p><a href=\"https:\/\/www.lohschule-datteln.de\/wp-content\/uploads\/2022\/06\/Schweigepflichtentbindung-2023-24.pdf\">Schweigepflichtsentbindung<\/a><\/p>\n<p><a href=\"https:\/\/www.lohschule-datteln.de\/wp-content\/uploads\/2025\/08\/Einverst\u201endniserk.-abw.-EZB.pdf\">Einverst\u00e4ndniserkl\u00e4rung des nicht anwesenden Sorgeberechtigten 26\/27<\/a><\/p>","protected":false},"excerpt":{"rendered":"<p>Wissenswertes f\u00fcr Eltern unserer zuk\u00fcnftigen Lernanf\u00e4nger Liebe Eltern und Interessierte, wir haben f\u00fcr Sie hier einige Informationen zur Lohschule zusammengestellt. Klicken Sie einfach auf die blauen Links, um mehr zu erfahren. &nbsp; Rundgang durch die Lohschule oder so:\u00a0 &nbsp; Im nachfolgenden Infoheft finden sich viele wichtige Infos an einer Stelle f\u00fcr Sie zusammengetragen: \u00a0 \u00a0 [&hellip;]<\/p>\n","protected":false},"author":3,"featured_media":0,"parent":0,"menu_order":0,"comment_status":"closed","ping_status":"closed","template":"","meta":{"footnotes":""},"class_list":["post-8843","page","type-page","status-publish","hentry"],"yoast_head":"<!-- This site is optimized with the Yoast SEO plugin v27.4 - https:\/\/yoast.com\/product\/yoast-seo-wordpress\/ -->\n<title>Zuk\u00fcnftige Lernanf\u00e4nger - Lohschule Datteln<\/title>\n<meta name=\"robots\" content=\"index, follow, max-snippet:-1, max-image-preview:large, max-video-preview:-1\" \/>\n<link rel=\"canonical\" href=\"https:\/\/www.lohschule-datteln.de\/index.php\/zukuenftige-lernanfaenger\/\" \/>\n<meta property=\"og:locale\" content=\"de_DE\" \/>\n<meta property=\"og:type\" content=\"article\" \/>\n<meta property=\"og:title\" content=\"Zuk\u00fcnftige Lernanf\u00e4nger - Lohschule Datteln\" \/>\n<meta property=\"og:description\" content=\"Wissenswertes f\u00fcr Eltern unserer zuk\u00fcnftigen Lernanf\u00e4nger Liebe Eltern und Interessierte, wir haben f\u00fcr Sie hier einige Informationen zur Lohschule zusammengestellt. Klicken Sie einfach auf die blauen Links, um mehr zu erfahren. &nbsp; Rundgang durch die Lohschule oder so:\u00a0 &nbsp; Im nachfolgenden Infoheft finden sich viele wichtige Infos an einer Stelle f\u00fcr Sie zusammengetragen: \u00a0 \u00a0 [&hellip;]\" \/>\n<meta property=\"og:url\" content=\"https:\/\/www.lohschule-datteln.de\/index.php\/zukuenftige-lernanfaenger\/\" \/>\n<meta property=\"og:site_name\" content=\"Lohschule Datteln\" \/>\n<meta property=\"article:modified_time\" content=\"2026-03-04T13:52:14+00:00\" \/>\n<meta property=\"og:image\" content=\"http:\/\/www.lohschule-datteln.de\/wp-content\/uploads\/2021\/06\/QR-lohrundgang-300x300.png\" \/>\n<meta name=\"twitter:card\" content=\"summary_large_image\" \/>\n<meta name=\"twitter:label1\" content=\"Gesch\u00e4tzte Lesezeit\" \/>\n\t<meta name=\"twitter:data1\" content=\"2\u00a0Minuten\" \/>\n<script type=\"application\/ld+json\" class=\"yoast-schema-graph\">{\"@context\":\"https:\\\/\\\/schema.org\",\"@graph\":[{\"@type\":\"WebPage\",\"@id\":\"https:\\\/\\\/www.lohschule-datteln.de\\\/index.php\\\/zukuenftige-lernanfaenger\\\/\",\"url\":\"https:\\\/\\\/www.lohschule-datteln.de\\\/index.php\\\/zukuenftige-lernanfaenger\\\/\",\"name\":\"Zuk\u00fcnftige Lernanf\u00e4nger - Lohschule Datteln\",\"isPartOf\":{\"@id\":\"https:\\\/\\\/www.lohschule-datteln.de\\\/#website\"},\"primaryImageOfPage\":{\"@id\":\"https:\\\/\\\/www.lohschule-datteln.de\\\/index.php\\\/zukuenftige-lernanfaenger\\\/#primaryimage\"},\"image\":{\"@id\":\"https:\\\/\\\/www.lohschule-datteln.de\\\/index.php\\\/zukuenftige-lernanfaenger\\\/#primaryimage\"},\"thumbnailUrl\":\"http:\\\/\\\/www.lohschule-datteln.de\\\/wp-content\\\/uploads\\\/2021\\\/06\\\/QR-lohrundgang-300x300.png\",\"datePublished\":\"2020-05-25T18:01:59+00:00\",\"dateModified\":\"2026-03-04T13:52:14+00:00\",\"breadcrumb\":{\"@id\":\"https:\\\/\\\/www.lohschule-datteln.de\\\/index.php\\\/zukuenftige-lernanfaenger\\\/#breadcrumb\"},\"inLanguage\":\"de\",\"potentialAction\":[{\"@type\":\"ReadAction\",\"target\":[\"https:\\\/\\\/www.lohschule-datteln.de\\\/index.php\\\/zukuenftige-lernanfaenger\\\/\"]}]},{\"@type\":\"ImageObject\",\"inLanguage\":\"de\",\"@id\":\"https:\\\/\\\/www.lohschule-datteln.de\\\/index.php\\\/zukuenftige-lernanfaenger\\\/#primaryimage\",\"url\":\"http:\\\/\\\/www.lohschule-datteln.de\\\/wp-content\\\/uploads\\\/2021\\\/06\\\/QR-lohrundgang-300x300.png\",\"contentUrl\":\"http:\\\/\\\/www.lohschule-datteln.de\\\/wp-content\\\/uploads\\\/2021\\\/06\\\/QR-lohrundgang-300x300.png\"},{\"@type\":\"BreadcrumbList\",\"@id\":\"https:\\\/\\\/www.lohschule-datteln.de\\\/index.php\\\/zukuenftige-lernanfaenger\\\/#breadcrumb\",\"itemListElement\":[{\"@type\":\"ListItem\",\"position\":1,\"name\":\"Startseite\",\"item\":\"https:\\\/\\\/www.lohschule-datteln.de\\\/\"},{\"@type\":\"ListItem\",\"position\":2,\"name\":\"Zuk\u00fcnftige Lernanf\u00e4nger\"}]},{\"@type\":\"WebSite\",\"@id\":\"https:\\\/\\\/www.lohschule-datteln.de\\\/#website\",\"url\":\"https:\\\/\\\/www.lohschule-datteln.de\\\/\",\"name\":\"Lohschule Datteln\",\"description\":\"kath. Grundschule\",\"publisher\":{\"@id\":\"https:\\\/\\\/www.lohschule-datteln.de\\\/#organization\"},\"potentialAction\":[{\"@type\":\"SearchAction\",\"target\":{\"@type\":\"EntryPoint\",\"urlTemplate\":\"https:\\\/\\\/www.lohschule-datteln.de\\\/?s={search_term_string}\"},\"query-input\":{\"@type\":\"PropertyValueSpecification\",\"valueRequired\":true,\"valueName\":\"search_term_string\"}}],\"inLanguage\":\"de\"},{\"@type\":\"Organization\",\"@id\":\"https:\\\/\\\/www.lohschule-datteln.de\\\/#organization\",\"name\":\"Lohschule -katholische Grundschule Datteln\",\"url\":\"https:\\\/\\\/www.lohschule-datteln.de\\\/\",\"logo\":{\"@type\":\"ImageObject\",\"inLanguage\":\"de\",\"@id\":\"https:\\\/\\\/www.lohschule-datteln.de\\\/#\\\/schema\\\/logo\\\/image\\\/\",\"url\":\"http:\\\/\\\/www.lohschule-datteln.de\\\/wp-content\\\/uploads\\\/2016\\\/02\\\/Loh-neu-2016.jpg\",\"contentUrl\":\"http:\\\/\\\/www.lohschule-datteln.de\\\/wp-content\\\/uploads\\\/2016\\\/02\\\/Loh-neu-2016.jpg\",\"width\":448,\"height\":252,\"caption\":\"Lohschule -katholische Grundschule Datteln\"},\"image\":{\"@id\":\"https:\\\/\\\/www.lohschule-datteln.de\\\/#\\\/schema\\\/logo\\\/image\\\/\"}}]}<\/script>\n<!-- \/ Yoast SEO plugin. -->","yoast_head_json":{"title":"Zuk\u00fcnftige Lernanf\u00e4nger - Lohschule Datteln","robots":{"index":"index","follow":"follow","max-snippet":"max-snippet:-1","max-image-preview":"max-image-preview:large","max-video-preview":"max-video-preview:-1"},"canonical":"https:\/\/www.lohschule-datteln.de\/index.php\/zukuenftige-lernanfaenger\/","og_locale":"de_DE","og_type":"article","og_title":"Zuk\u00fcnftige Lernanf\u00e4nger - Lohschule Datteln","og_description":"Wissenswertes f\u00fcr Eltern unserer zuk\u00fcnftigen Lernanf\u00e4nger Liebe Eltern und Interessierte, wir haben f\u00fcr Sie hier einige Informationen zur Lohschule zusammengestellt. Klicken Sie einfach auf die blauen Links, um mehr zu erfahren. &nbsp; Rundgang durch die Lohschule oder so:\u00a0 &nbsp; Im nachfolgenden Infoheft finden sich viele wichtige Infos an einer Stelle f\u00fcr Sie zusammengetragen: \u00a0 \u00a0 [&hellip;]","og_url":"https:\/\/www.lohschule-datteln.de\/index.php\/zukuenftige-lernanfaenger\/","og_site_name":"Lohschule Datteln","article_modified_time":"2026-03-04T13:52:14+00:00","og_image":[{"url":"http:\/\/www.lohschule-datteln.de\/wp-content\/uploads\/2021\/06\/QR-lohrundgang-300x300.png","type":"","width":"","height":""}],"twitter_card":"summary_large_image","twitter_misc":{"Gesch\u00e4tzte Lesezeit":"2\u00a0Minuten"},"schema":{"@context":"https:\/\/schema.org","@graph":[{"@type":"WebPage","@id":"https:\/\/www.lohschule-datteln.de\/index.php\/zukuenftige-lernanfaenger\/","url":"https:\/\/www.lohschule-datteln.de\/index.php\/zukuenftige-lernanfaenger\/","name":"Zuk\u00fcnftige Lernanf\u00e4nger - Lohschule Datteln","isPartOf":{"@id":"https:\/\/www.lohschule-datteln.de\/#website"},"primaryImageOfPage":{"@id":"https:\/\/www.lohschule-datteln.de\/index.php\/zukuenftige-lernanfaenger\/#primaryimage"},"image":{"@id":"https:\/\/www.lohschule-datteln.de\/index.php\/zukuenftige-lernanfaenger\/#primaryimage"},"thumbnailUrl":"http:\/\/www.lohschule-datteln.de\/wp-content\/uploads\/2021\/06\/QR-lohrundgang-300x300.png","datePublished":"2020-05-25T18:01:59+00:00","dateModified":"2026-03-04T13:52:14+00:00","breadcrumb":{"@id":"https:\/\/www.lohschule-datteln.de\/index.php\/zukuenftige-lernanfaenger\/#breadcrumb"},"inLanguage":"de","potentialAction":[{"@type":"ReadAction","target":["https:\/\/www.lohschule-datteln.de\/index.php\/zukuenftige-lernanfaenger\/"]}]},{"@type":"ImageObject","inLanguage":"de","@id":"https:\/\/www.lohschule-datteln.de\/index.php\/zukuenftige-lernanfaenger\/#primaryimage","url":"http:\/\/www.lohschule-datteln.de\/wp-content\/uploads\/2021\/06\/QR-lohrundgang-300x300.png","contentUrl":"http:\/\/www.lohschule-datteln.de\/wp-content\/uploads\/2021\/06\/QR-lohrundgang-300x300.png"},{"@type":"BreadcrumbList","@id":"https:\/\/www.lohschule-datteln.de\/index.php\/zukuenftige-lernanfaenger\/#breadcrumb","itemListElement":[{"@type":"ListItem","position":1,"name":"Startseite","item":"https:\/\/www.lohschule-datteln.de\/"},{"@type":"ListItem","position":2,"name":"Zuk\u00fcnftige Lernanf\u00e4nger"}]},{"@type":"WebSite","@id":"https:\/\/www.lohschule-datteln.de\/#website","url":"https:\/\/www.lohschule-datteln.de\/","name":"Lohschule Datteln","description":"kath. Grundschule","publisher":{"@id":"https:\/\/www.lohschule-datteln.de\/#organization"},"potentialAction":[{"@type":"SearchAction","target":{"@type":"EntryPoint","urlTemplate":"https:\/\/www.lohschule-datteln.de\/?s={search_term_string}"},"query-input":{"@type":"PropertyValueSpecification","valueRequired":true,"valueName":"search_term_string"}}],"inLanguage":"de"},{"@type":"Organization","@id":"https:\/\/www.lohschule-datteln.de\/#organization","name":"Lohschule -katholische Grundschule Datteln","url":"https:\/\/www.lohschule-datteln.de\/","logo":{"@type":"ImageObject","inLanguage":"de","@id":"https:\/\/www.lohschule-datteln.de\/#\/schema\/logo\/image\/","url":"http:\/\/www.lohschule-datteln.de\/wp-content\/uploads\/2016\/02\/Loh-neu-2016.jpg","contentUrl":"http:\/\/www.lohschule-datteln.de\/wp-content\/uploads\/2016\/02\/Loh-neu-2016.jpg","width":448,"height":252,"caption":"Lohschule -katholische Grundschule Datteln"},"image":{"@id":"https:\/\/www.lohschule-datteln.de\/#\/schema\/logo\/image\/"}}]}},"_links":{"self":[{"href":"https:\/\/www.lohschule-datteln.de\/index.php\/wp-json\/wp\/v2\/pages\/8843","targetHints":{"allow":["GET"]}}],"collection":[{"href":"https:\/\/www.lohschule-datteln.de\/index.php\/wp-json\/wp\/v2\/pages"}],"about":[{"href":"https:\/\/www.lohschule-datteln.de\/index.php\/wp-json\/wp\/v2\/types\/page"}],"author":[{"embeddable":true,"href":"https:\/\/www.lohschule-datteln.de\/index.php\/wp-json\/wp\/v2\/users\/3"}],"replies":[{"embeddable":true,"href":"https:\/\/www.lohschule-datteln.de\/index.php\/wp-json\/wp\/v2\/comments?post=8843"}],"version-history":[{"count":81,"href":"https:\/\/www.lohschule-datteln.de\/index.php\/wp-json\/wp\/v2\/pages\/8843\/revisions"}],"predecessor-version":[{"id":15397,"href":"https:\/\/www.lohschule-datteln.de\/index.php\/wp-json\/wp\/v2\/pages\/8843\/revisions\/15397"}],"wp:attachment":[{"href":"https:\/\/www.lohschule-datteln.de\/index.php\/wp-json\/wp\/v2\/media?parent=8843"}],"curies":[{"name":"wp","href":"https:\/\/api.w.org\/{rel}","templated":true}]}}