{"id":9165,"date":"2020-06-24T17:36:18","date_gmt":"2020-06-24T15:36:18","guid":{"rendered":"http:\/\/www.lohschule-datteln.de\/?page_id=9165"},"modified":"2020-06-28T18:29:40","modified_gmt":"2020-06-28T16:29:40","slug":"unser-schulprogramm","status":"publish","type":"page","link":"https:\/\/www.lohschule-datteln.de\/index.php\/unser-schulprogramm\/","title":{"rendered":"Unser Schulprogramm"},"content":{"rendered":"\n<h2 class=\"wp-block-heading\">Vorwort<\/h2>\n\n\n\n<h2 class=\"wp-block-heading\">\u201eGemeinsam wachsen &#8211; jeder wie er kann, alle miteinander\u201c<\/h2>\n\n\n<p><span style=\"color: #808080;\">Das Lohschul-Schulprogramm ist ein Leitfaden, der sich in einer kontinuierlichen Entwicklung befindet und nie abgeschlossen sein wird. Allen am Schulleben beteiligten Personen an der Lohschule ist es dabei eine Herzensangelegenheit, sich wohl zu f\u00fchlen, sich gegenseitig zu respektieren und einen wertsch\u00e4tzenden Umgang miteinander zu pflegen. Jeder kann im Lohschulteam so sein, wie er ist und sich auch in kleinsten Schritten weiterentwickeln. Somit tr\u00e4gt jeder t\u00e4glich dazu bei ein wertvolles St\u00fcckchen unserer Lohschule zu sein. Die erstellten p\u00e4dagogischen Konzepte unseres Lohschul-Schulprogramms bieten dabei eine Orientierung, um Einblicke in die t\u00e4gliche Arbeit zu erhalten, wie die Sch\u00fclerinnen und Sch\u00fcler von- und miteinander lernen, spielen, lachen, auch mal streiten und sich immer wieder aufs Neue auf Schule einlassen und dem Schulsystem neugierig begegnen. Grundlage sind dabei selbstverst\u00e4ndlich die Lehrpl\u00e4ne und Richtlinien NRW, die das Kerngesch\u00e4ft unserer schulischen Arbeit darstellen.<\/span><\/p>","protected":false},"excerpt":{"rendered":"<p>Vorwort \u201eGemeinsam wachsen &#8211; jeder wie er kann, alle miteinander\u201c Das Lohschul-Schulprogramm ist ein Leitfaden, der sich in einer kontinuierlichen Entwicklung befindet und nie abgeschlossen sein wird. Allen am Schulleben beteiligten Personen an der Lohschule ist es dabei eine Herzensangelegenheit, sich wohl zu f\u00fchlen, sich gegenseitig zu respektieren und einen wertsch\u00e4tzenden Umgang miteinander zu pflegen. [&hellip;]<\/p>\n","protected":false},"author":3,"featured_media":0,"parent":0,"menu_order":0,"comment_status":"closed","ping_status":"closed","template":"","meta":{"footnotes":""},"class_list":["post-9165","page","type-page","status-publish","hentry"],"yoast_head":"<!-- This site is optimized with the Yoast SEO plugin v27.5 - https:\/\/yoast.com\/product\/yoast-seo-wordpress\/ -->\n<title>Unser Schulprogramm - Lohschule Datteln<\/title>\n<meta name=\"robots\" content=\"index, follow, max-snippet:-1, max-image-preview:large, max-video-preview:-1\" \/>\n<link rel=\"canonical\" href=\"https:\/\/www.lohschule-datteln.de\/index.php\/unser-schulprogramm\/\" \/>\n<meta property=\"og:locale\" content=\"de_DE\" \/>\n<meta property=\"og:type\" content=\"article\" \/>\n<meta property=\"og:title\" content=\"Unser Schulprogramm - Lohschule Datteln\" \/>\n<meta property=\"og:description\" content=\"Vorwort \u201eGemeinsam wachsen &#8211; jeder wie er kann, alle miteinander\u201c Das Lohschul-Schulprogramm ist ein Leitfaden, der sich in einer kontinuierlichen Entwicklung befindet und nie abgeschlossen sein wird. Allen am Schulleben beteiligten Personen an der Lohschule ist es dabei eine Herzensangelegenheit, sich wohl zu f\u00fchlen, sich gegenseitig zu respektieren und einen wertsch\u00e4tzenden Umgang miteinander zu pflegen. [&hellip;]\" \/>\n<meta property=\"og:url\" content=\"https:\/\/www.lohschule-datteln.de\/index.php\/unser-schulprogramm\/\" \/>\n<meta property=\"og:site_name\" content=\"Lohschule Datteln\" \/>\n<meta property=\"article:modified_time\" content=\"2020-06-28T16:29:40+00:00\" \/>\n<meta name=\"twitter:card\" content=\"summary_large_image\" \/>\n<meta name=\"twitter:label1\" content=\"Gesch\u00e4tzte Lesezeit\" \/>\n\t<meta name=\"twitter:data1\" content=\"1\u00a0Minute\" \/>\n<script type=\"application\/ld+json\" class=\"yoast-schema-graph\">{\"@context\":\"https:\\\/\\\/schema.org\",\"@graph\":[{\"@type\":\"WebPage\",\"@id\":\"https:\\\/\\\/www.lohschule-datteln.de\\\/index.php\\\/unser-schulprogramm\\\/\",\"url\":\"https:\\\/\\\/www.lohschule-datteln.de\\\/index.php\\\/unser-schulprogramm\\\/\",\"name\":\"Unser Schulprogramm - Lohschule Datteln\",\"isPartOf\":{\"@id\":\"https:\\\/\\\/www.lohschule-datteln.de\\\/#website\"},\"datePublished\":\"2020-06-24T15:36:18+00:00\",\"dateModified\":\"2020-06-28T16:29:40+00:00\",\"breadcrumb\":{\"@id\":\"https:\\\/\\\/www.lohschule-datteln.de\\\/index.php\\\/unser-schulprogramm\\\/#breadcrumb\"},\"inLanguage\":\"de\",\"potentialAction\":[{\"@type\":\"ReadAction\",\"target\":[\"https:\\\/\\\/www.lohschule-datteln.de\\\/index.php\\\/unser-schulprogramm\\\/\"]}]},{\"@type\":\"BreadcrumbList\",\"@id\":\"https:\\\/\\\/www.lohschule-datteln.de\\\/index.php\\\/unser-schulprogramm\\\/#breadcrumb\",\"itemListElement\":[{\"@type\":\"ListItem\",\"position\":1,\"name\":\"Startseite\",\"item\":\"https:\\\/\\\/www.lohschule-datteln.de\\\/\"},{\"@type\":\"ListItem\",\"position\":2,\"name\":\"Unser Schulprogramm\"}]},{\"@type\":\"WebSite\",\"@id\":\"https:\\\/\\\/www.lohschule-datteln.de\\\/#website\",\"url\":\"https:\\\/\\\/www.lohschule-datteln.de\\\/\",\"name\":\"Lohschule Datteln\",\"description\":\"kath. Grundschule\",\"publisher\":{\"@id\":\"https:\\\/\\\/www.lohschule-datteln.de\\\/#organization\"},\"potentialAction\":[{\"@type\":\"SearchAction\",\"target\":{\"@type\":\"EntryPoint\",\"urlTemplate\":\"https:\\\/\\\/www.lohschule-datteln.de\\\/?s={search_term_string}\"},\"query-input\":{\"@type\":\"PropertyValueSpecification\",\"valueRequired\":true,\"valueName\":\"search_term_string\"}}],\"inLanguage\":\"de\"},{\"@type\":\"Organization\",\"@id\":\"https:\\\/\\\/www.lohschule-datteln.de\\\/#organization\",\"name\":\"Lohschule -katholische Grundschule Datteln\",\"url\":\"https:\\\/\\\/www.lohschule-datteln.de\\\/\",\"logo\":{\"@type\":\"ImageObject\",\"inLanguage\":\"de\",\"@id\":\"https:\\\/\\\/www.lohschule-datteln.de\\\/#\\\/schema\\\/logo\\\/image\\\/\",\"url\":\"http:\\\/\\\/www.lohschule-datteln.de\\\/wp-content\\\/uploads\\\/2016\\\/02\\\/Loh-neu-2016.jpg\",\"contentUrl\":\"http:\\\/\\\/www.lohschule-datteln.de\\\/wp-content\\\/uploads\\\/2016\\\/02\\\/Loh-neu-2016.jpg\",\"width\":448,\"height\":252,\"caption\":\"Lohschule -katholische Grundschule Datteln\"},\"image\":{\"@id\":\"https:\\\/\\\/www.lohschule-datteln.de\\\/#\\\/schema\\\/logo\\\/image\\\/\"}}]}<\/script>\n<!-- \/ Yoast SEO plugin. -->","yoast_head_json":{"title":"Unser Schulprogramm - Lohschule Datteln","robots":{"index":"index","follow":"follow","max-snippet":"max-snippet:-1","max-image-preview":"max-image-preview:large","max-video-preview":"max-video-preview:-1"},"canonical":"https:\/\/www.lohschule-datteln.de\/index.php\/unser-schulprogramm\/","og_locale":"de_DE","og_type":"article","og_title":"Unser Schulprogramm - Lohschule Datteln","og_description":"Vorwort \u201eGemeinsam wachsen &#8211; jeder wie er kann, alle miteinander\u201c Das Lohschul-Schulprogramm ist ein Leitfaden, der sich in einer kontinuierlichen Entwicklung befindet und nie abgeschlossen sein wird. Allen am Schulleben beteiligten Personen an der Lohschule ist es dabei eine Herzensangelegenheit, sich wohl zu f\u00fchlen, sich gegenseitig zu respektieren und einen wertsch\u00e4tzenden Umgang miteinander zu pflegen. [&hellip;]","og_url":"https:\/\/www.lohschule-datteln.de\/index.php\/unser-schulprogramm\/","og_site_name":"Lohschule Datteln","article_modified_time":"2020-06-28T16:29:40+00:00","twitter_card":"summary_large_image","twitter_misc":{"Gesch\u00e4tzte Lesezeit":"1\u00a0Minute"},"schema":{"@context":"https:\/\/schema.org","@graph":[{"@type":"WebPage","@id":"https:\/\/www.lohschule-datteln.de\/index.php\/unser-schulprogramm\/","url":"https:\/\/www.lohschule-datteln.de\/index.php\/unser-schulprogramm\/","name":"Unser Schulprogramm - Lohschule Datteln","isPartOf":{"@id":"https:\/\/www.lohschule-datteln.de\/#website"},"datePublished":"2020-06-24T15:36:18+00:00","dateModified":"2020-06-28T16:29:40+00:00","breadcrumb":{"@id":"https:\/\/www.lohschule-datteln.de\/index.php\/unser-schulprogramm\/#breadcrumb"},"inLanguage":"de","potentialAction":[{"@type":"ReadAction","target":["https:\/\/www.lohschule-datteln.de\/index.php\/unser-schulprogramm\/"]}]},{"@type":"BreadcrumbList","@id":"https:\/\/www.lohschule-datteln.de\/index.php\/unser-schulprogramm\/#breadcrumb","itemListElement":[{"@type":"ListItem","position":1,"name":"Startseite","item":"https:\/\/www.lohschule-datteln.de\/"},{"@type":"ListItem","position":2,"name":"Unser Schulprogramm"}]},{"@type":"WebSite","@id":"https:\/\/www.lohschule-datteln.de\/#website","url":"https:\/\/www.lohschule-datteln.de\/","name":"Lohschule Datteln","description":"kath. Grundschule","publisher":{"@id":"https:\/\/www.lohschule-datteln.de\/#organization"},"potentialAction":[{"@type":"SearchAction","target":{"@type":"EntryPoint","urlTemplate":"https:\/\/www.lohschule-datteln.de\/?s={search_term_string}"},"query-input":{"@type":"PropertyValueSpecification","valueRequired":true,"valueName":"search_term_string"}}],"inLanguage":"de"},{"@type":"Organization","@id":"https:\/\/www.lohschule-datteln.de\/#organization","name":"Lohschule -katholische Grundschule Datteln","url":"https:\/\/www.lohschule-datteln.de\/","logo":{"@type":"ImageObject","inLanguage":"de","@id":"https:\/\/www.lohschule-datteln.de\/#\/schema\/logo\/image\/","url":"http:\/\/www.lohschule-datteln.de\/wp-content\/uploads\/2016\/02\/Loh-neu-2016.jpg","contentUrl":"http:\/\/www.lohschule-datteln.de\/wp-content\/uploads\/2016\/02\/Loh-neu-2016.jpg","width":448,"height":252,"caption":"Lohschule -katholische Grundschule Datteln"},"image":{"@id":"https:\/\/www.lohschule-datteln.de\/#\/schema\/logo\/image\/"}}]}},"_links":{"self":[{"href":"https:\/\/www.lohschule-datteln.de\/index.php\/wp-json\/wp\/v2\/pages\/9165","targetHints":{"allow":["GET"]}}],"collection":[{"href":"https:\/\/www.lohschule-datteln.de\/index.php\/wp-json\/wp\/v2\/pages"}],"about":[{"href":"https:\/\/www.lohschule-datteln.de\/index.php\/wp-json\/wp\/v2\/types\/page"}],"author":[{"embeddable":true,"href":"https:\/\/www.lohschule-datteln.de\/index.php\/wp-json\/wp\/v2\/users\/3"}],"replies":[{"embeddable":true,"href":"https:\/\/www.lohschule-datteln.de\/index.php\/wp-json\/wp\/v2\/comments?post=9165"}],"version-history":[{"count":3,"href":"https:\/\/www.lohschule-datteln.de\/index.php\/wp-json\/wp\/v2\/pages\/9165\/revisions"}],"predecessor-version":[{"id":9312,"href":"https:\/\/www.lohschule-datteln.de\/index.php\/wp-json\/wp\/v2\/pages\/9165\/revisions\/9312"}],"wp:attachment":[{"href":"https:\/\/www.lohschule-datteln.de\/index.php\/wp-json\/wp\/v2\/media?parent=9165"}],"curies":[{"name":"wp","href":"https:\/\/api.w.org\/{rel}","templated":true}]}}