{"id":9175,"date":"2020-06-24T17:47:22","date_gmt":"2020-06-24T15:47:22","guid":{"rendered":"http:\/\/www.lohschule-datteln.de\/?page_id=9175"},"modified":"2024-08-13T12:06:47","modified_gmt":"2024-08-13T10:06:47","slug":"inhaltsverzeichnis","status":"publish","type":"page","link":"https:\/\/www.lohschule-datteln.de\/index.php\/inhaltsverzeichnis\/","title":{"rendered":"Unsere Lohschule"},"content":{"rendered":"<div class=\"page\" title=\"Page 1\">\n<div class=\"layoutArea\">\n<div class=\"column\">\n<p><span style=\"color: #808080;\">Die Lohschule ist eine katholische Grundschule im Herzen der Dattelner Innenstadt. Sie wird momentan von ca. 306 Sch\u00fclerinnen und Sch\u00fclern verschiedenster Nationalit\u00e4ten besucht. Im Erdgeschoss des Lohschulgeb\u00e4udes findet man momentan die Jahrg\u00e4nge 2 und 3 und unseren Trainingsraum. Im 1. Obergeschoss gelangt man zu den Jahrg\u00e4ngen 1 und 4, zum Sekretariat, zur Schulleitung und zum DaZ-Raum. Im Dachgeschoss findet man noch weitere Klasse des Jahrgangs 1 sowie die Dino-Betreuungsr\u00e4ume und unser Leseparadies. <\/span><\/p>\n<p><span style=\"color: #808080;\">Viele unserer Kinder besuchen im Anschluss an den Unterricht die Dino-Betreuung (bis 13.30 Uhr) oder gehen in die OGS. Hier gibt es neben dem Mittagessen auch sportliche und kreative Angebote f\u00fcr den Nachmittagsbereich. Sehr gerne k\u00f6nnen die Kinder auch einfach nur zusammen auf dem Schulhof oder dem Spielplatz der Schule miteinander spielen.<\/span><\/p>\n<p><span style=\"color: #808080;\">Zum Sportunterricht gehen alle Klassen in die Sporthalle, die direkt neben der Schule liegt. F\u00fcr den Schwimmunterricht besuchen wir das st\u00e4dtische Hallenbad in der unmittelbaren N\u00e4he der weiterf\u00fchrenden Schulen Dattelns.<\/span><\/p>\n<p>(Stand 8\/24)<\/p>\n<\/div>\n<\/div>\n<\/div>\n\n\n<p><\/p>\n","protected":false},"excerpt":{"rendered":"<p>Die Lohschule ist eine katholische Grundschule im Herzen der Dattelner Innenstadt. Sie wird momentan von ca. 306 Sch\u00fclerinnen und Sch\u00fclern verschiedenster Nationalit\u00e4ten besucht. Im Erdgeschoss des Lohschulgeb\u00e4udes findet man momentan die Jahrg\u00e4nge 2 und 3 und unseren Trainingsraum. Im 1. Obergeschoss gelangt man zu den Jahrg\u00e4ngen 1 und 4, zum Sekretariat, zur Schulleitung und zum [&hellip;]<\/p>\n","protected":false},"author":3,"featured_media":0,"parent":0,"menu_order":0,"comment_status":"closed","ping_status":"closed","template":"","meta":{"footnotes":""},"class_list":["post-9175","page","type-page","status-publish","hentry"],"yoast_head":"<!-- This site is optimized with the Yoast SEO plugin v27.4 - https:\/\/yoast.com\/product\/yoast-seo-wordpress\/ -->\n<title>Unsere Lohschule - Lohschule Datteln<\/title>\n<meta name=\"robots\" content=\"index, follow, max-snippet:-1, max-image-preview:large, max-video-preview:-1\" \/>\n<link rel=\"canonical\" href=\"https:\/\/www.lohschule-datteln.de\/index.php\/inhaltsverzeichnis\/\" \/>\n<meta property=\"og:locale\" content=\"de_DE\" \/>\n<meta property=\"og:type\" content=\"article\" \/>\n<meta property=\"og:title\" content=\"Unsere Lohschule - Lohschule Datteln\" \/>\n<meta property=\"og:description\" content=\"Die Lohschule ist eine katholische Grundschule im Herzen der Dattelner Innenstadt. Sie wird momentan von ca. 306 Sch\u00fclerinnen und Sch\u00fclern verschiedenster Nationalit\u00e4ten besucht. Im Erdgeschoss des Lohschulgeb\u00e4udes findet man momentan die Jahrg\u00e4nge 2 und 3 und unseren Trainingsraum. Im 1. Obergeschoss gelangt man zu den Jahrg\u00e4ngen 1 und 4, zum Sekretariat, zur Schulleitung und zum [&hellip;]\" \/>\n<meta property=\"og:url\" content=\"https:\/\/www.lohschule-datteln.de\/index.php\/inhaltsverzeichnis\/\" \/>\n<meta property=\"og:site_name\" content=\"Lohschule Datteln\" \/>\n<meta property=\"article:modified_time\" content=\"2024-08-13T10:06:47+00:00\" \/>\n<meta name=\"twitter:card\" content=\"summary_large_image\" \/>\n<meta name=\"twitter:label1\" content=\"Gesch\u00e4tzte Lesezeit\" \/>\n\t<meta name=\"twitter:data1\" content=\"1\u00a0Minute\" \/>\n<script type=\"application\/ld+json\" class=\"yoast-schema-graph\">{\"@context\":\"https:\\\/\\\/schema.org\",\"@graph\":[{\"@type\":\"WebPage\",\"@id\":\"https:\\\/\\\/www.lohschule-datteln.de\\\/index.php\\\/inhaltsverzeichnis\\\/\",\"url\":\"https:\\\/\\\/www.lohschule-datteln.de\\\/index.php\\\/inhaltsverzeichnis\\\/\",\"name\":\"Unsere Lohschule - Lohschule Datteln\",\"isPartOf\":{\"@id\":\"https:\\\/\\\/www.lohschule-datteln.de\\\/#website\"},\"datePublished\":\"2020-06-24T15:47:22+00:00\",\"dateModified\":\"2024-08-13T10:06:47+00:00\",\"breadcrumb\":{\"@id\":\"https:\\\/\\\/www.lohschule-datteln.de\\\/index.php\\\/inhaltsverzeichnis\\\/#breadcrumb\"},\"inLanguage\":\"de\",\"potentialAction\":[{\"@type\":\"ReadAction\",\"target\":[\"https:\\\/\\\/www.lohschule-datteln.de\\\/index.php\\\/inhaltsverzeichnis\\\/\"]}]},{\"@type\":\"BreadcrumbList\",\"@id\":\"https:\\\/\\\/www.lohschule-datteln.de\\\/index.php\\\/inhaltsverzeichnis\\\/#breadcrumb\",\"itemListElement\":[{\"@type\":\"ListItem\",\"position\":1,\"name\":\"Startseite\",\"item\":\"https:\\\/\\\/www.lohschule-datteln.de\\\/\"},{\"@type\":\"ListItem\",\"position\":2,\"name\":\"Unsere Lohschule\"}]},{\"@type\":\"WebSite\",\"@id\":\"https:\\\/\\\/www.lohschule-datteln.de\\\/#website\",\"url\":\"https:\\\/\\\/www.lohschule-datteln.de\\\/\",\"name\":\"Lohschule Datteln\",\"description\":\"kath. Grundschule\",\"publisher\":{\"@id\":\"https:\\\/\\\/www.lohschule-datteln.de\\\/#organization\"},\"potentialAction\":[{\"@type\":\"SearchAction\",\"target\":{\"@type\":\"EntryPoint\",\"urlTemplate\":\"https:\\\/\\\/www.lohschule-datteln.de\\\/?s={search_term_string}\"},\"query-input\":{\"@type\":\"PropertyValueSpecification\",\"valueRequired\":true,\"valueName\":\"search_term_string\"}}],\"inLanguage\":\"de\"},{\"@type\":\"Organization\",\"@id\":\"https:\\\/\\\/www.lohschule-datteln.de\\\/#organization\",\"name\":\"Lohschule -katholische Grundschule Datteln\",\"url\":\"https:\\\/\\\/www.lohschule-datteln.de\\\/\",\"logo\":{\"@type\":\"ImageObject\",\"inLanguage\":\"de\",\"@id\":\"https:\\\/\\\/www.lohschule-datteln.de\\\/#\\\/schema\\\/logo\\\/image\\\/\",\"url\":\"http:\\\/\\\/www.lohschule-datteln.de\\\/wp-content\\\/uploads\\\/2016\\\/02\\\/Loh-neu-2016.jpg\",\"contentUrl\":\"http:\\\/\\\/www.lohschule-datteln.de\\\/wp-content\\\/uploads\\\/2016\\\/02\\\/Loh-neu-2016.jpg\",\"width\":448,\"height\":252,\"caption\":\"Lohschule -katholische Grundschule Datteln\"},\"image\":{\"@id\":\"https:\\\/\\\/www.lohschule-datteln.de\\\/#\\\/schema\\\/logo\\\/image\\\/\"}}]}<\/script>\n<!-- \/ Yoast SEO plugin. -->","yoast_head_json":{"title":"Unsere Lohschule - Lohschule Datteln","robots":{"index":"index","follow":"follow","max-snippet":"max-snippet:-1","max-image-preview":"max-image-preview:large","max-video-preview":"max-video-preview:-1"},"canonical":"https:\/\/www.lohschule-datteln.de\/index.php\/inhaltsverzeichnis\/","og_locale":"de_DE","og_type":"article","og_title":"Unsere Lohschule - Lohschule Datteln","og_description":"Die Lohschule ist eine katholische Grundschule im Herzen der Dattelner Innenstadt. Sie wird momentan von ca. 306 Sch\u00fclerinnen und Sch\u00fclern verschiedenster Nationalit\u00e4ten besucht. Im Erdgeschoss des Lohschulgeb\u00e4udes findet man momentan die Jahrg\u00e4nge 2 und 3 und unseren Trainingsraum. Im 1. Obergeschoss gelangt man zu den Jahrg\u00e4ngen 1 und 4, zum Sekretariat, zur Schulleitung und zum [&hellip;]","og_url":"https:\/\/www.lohschule-datteln.de\/index.php\/inhaltsverzeichnis\/","og_site_name":"Lohschule Datteln","article_modified_time":"2024-08-13T10:06:47+00:00","twitter_card":"summary_large_image","twitter_misc":{"Gesch\u00e4tzte Lesezeit":"1\u00a0Minute"},"schema":{"@context":"https:\/\/schema.org","@graph":[{"@type":"WebPage","@id":"https:\/\/www.lohschule-datteln.de\/index.php\/inhaltsverzeichnis\/","url":"https:\/\/www.lohschule-datteln.de\/index.php\/inhaltsverzeichnis\/","name":"Unsere Lohschule - Lohschule Datteln","isPartOf":{"@id":"https:\/\/www.lohschule-datteln.de\/#website"},"datePublished":"2020-06-24T15:47:22+00:00","dateModified":"2024-08-13T10:06:47+00:00","breadcrumb":{"@id":"https:\/\/www.lohschule-datteln.de\/index.php\/inhaltsverzeichnis\/#breadcrumb"},"inLanguage":"de","potentialAction":[{"@type":"ReadAction","target":["https:\/\/www.lohschule-datteln.de\/index.php\/inhaltsverzeichnis\/"]}]},{"@type":"BreadcrumbList","@id":"https:\/\/www.lohschule-datteln.de\/index.php\/inhaltsverzeichnis\/#breadcrumb","itemListElement":[{"@type":"ListItem","position":1,"name":"Startseite","item":"https:\/\/www.lohschule-datteln.de\/"},{"@type":"ListItem","position":2,"name":"Unsere Lohschule"}]},{"@type":"WebSite","@id":"https:\/\/www.lohschule-datteln.de\/#website","url":"https:\/\/www.lohschule-datteln.de\/","name":"Lohschule Datteln","description":"kath. Grundschule","publisher":{"@id":"https:\/\/www.lohschule-datteln.de\/#organization"},"potentialAction":[{"@type":"SearchAction","target":{"@type":"EntryPoint","urlTemplate":"https:\/\/www.lohschule-datteln.de\/?s={search_term_string}"},"query-input":{"@type":"PropertyValueSpecification","valueRequired":true,"valueName":"search_term_string"}}],"inLanguage":"de"},{"@type":"Organization","@id":"https:\/\/www.lohschule-datteln.de\/#organization","name":"Lohschule -katholische Grundschule Datteln","url":"https:\/\/www.lohschule-datteln.de\/","logo":{"@type":"ImageObject","inLanguage":"de","@id":"https:\/\/www.lohschule-datteln.de\/#\/schema\/logo\/image\/","url":"http:\/\/www.lohschule-datteln.de\/wp-content\/uploads\/2016\/02\/Loh-neu-2016.jpg","contentUrl":"http:\/\/www.lohschule-datteln.de\/wp-content\/uploads\/2016\/02\/Loh-neu-2016.jpg","width":448,"height":252,"caption":"Lohschule -katholische Grundschule Datteln"},"image":{"@id":"https:\/\/www.lohschule-datteln.de\/#\/schema\/logo\/image\/"}}]}},"_links":{"self":[{"href":"https:\/\/www.lohschule-datteln.de\/index.php\/wp-json\/wp\/v2\/pages\/9175","targetHints":{"allow":["GET"]}}],"collection":[{"href":"https:\/\/www.lohschule-datteln.de\/index.php\/wp-json\/wp\/v2\/pages"}],"about":[{"href":"https:\/\/www.lohschule-datteln.de\/index.php\/wp-json\/wp\/v2\/types\/page"}],"author":[{"embeddable":true,"href":"https:\/\/www.lohschule-datteln.de\/index.php\/wp-json\/wp\/v2\/users\/3"}],"replies":[{"embeddable":true,"href":"https:\/\/www.lohschule-datteln.de\/index.php\/wp-json\/wp\/v2\/comments?post=9175"}],"version-history":[{"count":13,"href":"https:\/\/www.lohschule-datteln.de\/index.php\/wp-json\/wp\/v2\/pages\/9175\/revisions"}],"predecessor-version":[{"id":13903,"href":"https:\/\/www.lohschule-datteln.de\/index.php\/wp-json\/wp\/v2\/pages\/9175\/revisions\/13903"}],"wp:attachment":[{"href":"https:\/\/www.lohschule-datteln.de\/index.php\/wp-json\/wp\/v2\/media?parent=9175"}],"curies":[{"name":"wp","href":"https:\/\/api.w.org\/{rel}","templated":true}]}}