{"id":9185,"date":"2020-06-25T15:32:30","date_gmt":"2020-06-25T13:32:30","guid":{"rendered":"http:\/\/www.lohschule-datteln.de\/?page_id=9185"},"modified":"2024-08-13T12:09:48","modified_gmt":"2024-08-13T10:09:48","slug":"2-geschichte-der-lohschule","status":"publish","type":"page","link":"https:\/\/www.lohschule-datteln.de\/index.php\/2-geschichte-der-lohschule\/","title":{"rendered":"Geschichte der Lohschule"},"content":{"rendered":"<div class=\"page\" title=\"Page 1\">\n<div class=\"layoutArea\">\n<div class=\"column\">\n<p><span style=\"color: #808080;\">Die Lohschule wurde in den Jahren 1911 und 1912 gebaut. Die Anzahl der Sch\u00fclerinnen und Sch\u00fcler war in den Jahren zuvor stark angestiegen. In der alten Dorfschule neben der St. Amanduskirche reichte der Platz nicht mehr aus. So hatte man sich entschlossen, am Gr\u00fcnen Weg ein neues Schulgeb\u00e4ude zu errichten.<\/span><\/p>\n<p><span style=\"color: #808080;\">Zun\u00e4chst wurden nur drei Schulklassen untergebracht. 1914 waren es schon vier Schulklassen, 1915 kam eine f\u00fcnfte Klasse hinzu. Im Jahr 1921 hatte die Schule bereits acht Klassenr\u00e4ume.<\/span><\/p>\n<p><span style=\"color: #808080;\">1923 diente die Lohschule als Quartier f\u00fcr belgische und franz\u00f6sische Truppen. Die Turnhalle wurde als Pferdestall und der Schulhof als Reitbahn benutzt. 1924 waren die Soldaten wieder ausgezogen. Inzwischen hatte die Schule auf der Ostseite sechs neue Klassenr\u00e4ume erhalten.<\/span><\/p>\n<p><span style=\"color: #808080;\">Im Jahr 1931 unterrichteten bereits 17 Lehrkr\u00e4fte in 17 Klassen. Gegen Ende des 2. Weltkrieges, im Jahr 1945, wurde das Geb\u00e4ude der Lohschule bei einem Bombenangriff stark besch\u00e4digt. Das Dach und die Au\u00dfenw\u00e4nde waren eingest\u00fcrzt. Die Sch\u00fclerinnen und Sch\u00fcler mussten sich in dieser Zeit mit Aufr\u00e4umarbeiten und Kr\u00e4utersammeln besch\u00e4ftigen. Auch im folgenden Jahr war normaler Unterricht kaum m\u00f6glich, denn es fehlten B\u00e4nke und Schr\u00e4nke. Tafeln und anderes Unterrichtsmaterial lagen noch unter der Tr\u00fcmmern. Am schlimmsten war aber der Mangel an Lebensmitteln, Kleidung und Brennmaterial.<\/span><\/p>\n<p><span style=\"color: #808080;\">Erst 1947 waren die gr\u00f6\u00dften Sch\u00e4den behoben und 1948 konnten schon wieder zw\u00f6lf Klassenr\u00e4ume benutzt werden. Bis zum Jahr 1960 stieg die Sch\u00fcleranzahl an. In 20 Klassen hatten mittlerweile 811 Kinder Unterricht.<\/span><\/p>\n<p><span style=\"color: #808080;\">1969 wurde die alte Volksschule aufgehoben. An ihrer Stelle traten die Grundschule mit den Jahrg\u00e4ngen 1 &#8211; 4 und die Hauptschule mit den Jahrg\u00e4ngen 5 &#8211; 9. Die Lohschule ist seit 1968 eine reine Grundschule.<\/span><\/p>\n<p><span style=\"color: #808080;\">Im Jahr 2019\/2020 besuchten 320 Sch\u00fclerinnen und Sch\u00fcler in zw\u00f6lf Klassen die Lohschule. Seit dem Schuljahr 24\/25 gibt es 13 Klassen an der Lohschule.<br \/>\n<\/span><\/p>\n<p>(Stand 8\/24)<\/p>\n<\/div>\n<\/div>\n<\/div>\n","protected":false},"excerpt":{"rendered":"<p>Die Lohschule wurde in den Jahren 1911 und 1912 gebaut. Die Anzahl der Sch\u00fclerinnen und Sch\u00fcler war in den Jahren zuvor stark angestiegen. In der alten Dorfschule neben der St. Amanduskirche reichte der Platz nicht mehr aus. So hatte man sich entschlossen, am Gr\u00fcnen Weg ein neues Schulgeb\u00e4ude zu errichten. Zun\u00e4chst wurden nur drei Schulklassen [&hellip;]<\/p>\n","protected":false},"author":3,"featured_media":0,"parent":0,"menu_order":0,"comment_status":"closed","ping_status":"closed","template":"","meta":{"footnotes":""},"class_list":["post-9185","page","type-page","status-publish","hentry"],"yoast_head":"<!-- This site is optimized with the Yoast SEO plugin v27.4 - https:\/\/yoast.com\/product\/yoast-seo-wordpress\/ -->\n<title>Geschichte der Lohschule - Lohschule Datteln<\/title>\n<meta name=\"robots\" content=\"index, follow, max-snippet:-1, max-image-preview:large, max-video-preview:-1\" \/>\n<link rel=\"canonical\" href=\"https:\/\/www.lohschule-datteln.de\/index.php\/2-geschichte-der-lohschule\/\" \/>\n<meta property=\"og:locale\" content=\"de_DE\" \/>\n<meta property=\"og:type\" content=\"article\" \/>\n<meta property=\"og:title\" content=\"Geschichte der Lohschule - Lohschule Datteln\" \/>\n<meta property=\"og:description\" content=\"Die Lohschule wurde in den Jahren 1911 und 1912 gebaut. Die Anzahl der Sch\u00fclerinnen und Sch\u00fcler war in den Jahren zuvor stark angestiegen. In der alten Dorfschule neben der St. Amanduskirche reichte der Platz nicht mehr aus. So hatte man sich entschlossen, am Gr\u00fcnen Weg ein neues Schulgeb\u00e4ude zu errichten. Zun\u00e4chst wurden nur drei Schulklassen [&hellip;]\" \/>\n<meta property=\"og:url\" content=\"https:\/\/www.lohschule-datteln.de\/index.php\/2-geschichte-der-lohschule\/\" \/>\n<meta property=\"og:site_name\" content=\"Lohschule Datteln\" \/>\n<meta property=\"article:modified_time\" content=\"2024-08-13T10:09:48+00:00\" \/>\n<meta name=\"twitter:card\" content=\"summary_large_image\" \/>\n<meta name=\"twitter:label1\" content=\"Gesch\u00e4tzte Lesezeit\" \/>\n\t<meta name=\"twitter:data1\" content=\"2\u00a0Minuten\" \/>\n<script type=\"application\/ld+json\" class=\"yoast-schema-graph\">{\"@context\":\"https:\\\/\\\/schema.org\",\"@graph\":[{\"@type\":\"WebPage\",\"@id\":\"https:\\\/\\\/www.lohschule-datteln.de\\\/index.php\\\/2-geschichte-der-lohschule\\\/\",\"url\":\"https:\\\/\\\/www.lohschule-datteln.de\\\/index.php\\\/2-geschichte-der-lohschule\\\/\",\"name\":\"Geschichte der Lohschule - Lohschule Datteln\",\"isPartOf\":{\"@id\":\"https:\\\/\\\/www.lohschule-datteln.de\\\/#website\"},\"datePublished\":\"2020-06-25T13:32:30+00:00\",\"dateModified\":\"2024-08-13T10:09:48+00:00\",\"breadcrumb\":{\"@id\":\"https:\\\/\\\/www.lohschule-datteln.de\\\/index.php\\\/2-geschichte-der-lohschule\\\/#breadcrumb\"},\"inLanguage\":\"de\",\"potentialAction\":[{\"@type\":\"ReadAction\",\"target\":[\"https:\\\/\\\/www.lohschule-datteln.de\\\/index.php\\\/2-geschichte-der-lohschule\\\/\"]}]},{\"@type\":\"BreadcrumbList\",\"@id\":\"https:\\\/\\\/www.lohschule-datteln.de\\\/index.php\\\/2-geschichte-der-lohschule\\\/#breadcrumb\",\"itemListElement\":[{\"@type\":\"ListItem\",\"position\":1,\"name\":\"Startseite\",\"item\":\"https:\\\/\\\/www.lohschule-datteln.de\\\/\"},{\"@type\":\"ListItem\",\"position\":2,\"name\":\"Geschichte der Lohschule\"}]},{\"@type\":\"WebSite\",\"@id\":\"https:\\\/\\\/www.lohschule-datteln.de\\\/#website\",\"url\":\"https:\\\/\\\/www.lohschule-datteln.de\\\/\",\"name\":\"Lohschule Datteln\",\"description\":\"kath. Grundschule\",\"publisher\":{\"@id\":\"https:\\\/\\\/www.lohschule-datteln.de\\\/#organization\"},\"potentialAction\":[{\"@type\":\"SearchAction\",\"target\":{\"@type\":\"EntryPoint\",\"urlTemplate\":\"https:\\\/\\\/www.lohschule-datteln.de\\\/?s={search_term_string}\"},\"query-input\":{\"@type\":\"PropertyValueSpecification\",\"valueRequired\":true,\"valueName\":\"search_term_string\"}}],\"inLanguage\":\"de\"},{\"@type\":\"Organization\",\"@id\":\"https:\\\/\\\/www.lohschule-datteln.de\\\/#organization\",\"name\":\"Lohschule -katholische Grundschule Datteln\",\"url\":\"https:\\\/\\\/www.lohschule-datteln.de\\\/\",\"logo\":{\"@type\":\"ImageObject\",\"inLanguage\":\"de\",\"@id\":\"https:\\\/\\\/www.lohschule-datteln.de\\\/#\\\/schema\\\/logo\\\/image\\\/\",\"url\":\"http:\\\/\\\/www.lohschule-datteln.de\\\/wp-content\\\/uploads\\\/2016\\\/02\\\/Loh-neu-2016.jpg\",\"contentUrl\":\"http:\\\/\\\/www.lohschule-datteln.de\\\/wp-content\\\/uploads\\\/2016\\\/02\\\/Loh-neu-2016.jpg\",\"width\":448,\"height\":252,\"caption\":\"Lohschule -katholische Grundschule Datteln\"},\"image\":{\"@id\":\"https:\\\/\\\/www.lohschule-datteln.de\\\/#\\\/schema\\\/logo\\\/image\\\/\"}}]}<\/script>\n<!-- \/ Yoast SEO plugin. -->","yoast_head_json":{"title":"Geschichte der Lohschule - Lohschule Datteln","robots":{"index":"index","follow":"follow","max-snippet":"max-snippet:-1","max-image-preview":"max-image-preview:large","max-video-preview":"max-video-preview:-1"},"canonical":"https:\/\/www.lohschule-datteln.de\/index.php\/2-geschichte-der-lohschule\/","og_locale":"de_DE","og_type":"article","og_title":"Geschichte der Lohschule - Lohschule Datteln","og_description":"Die Lohschule wurde in den Jahren 1911 und 1912 gebaut. Die Anzahl der Sch\u00fclerinnen und Sch\u00fcler war in den Jahren zuvor stark angestiegen. In der alten Dorfschule neben der St. Amanduskirche reichte der Platz nicht mehr aus. So hatte man sich entschlossen, am Gr\u00fcnen Weg ein neues Schulgeb\u00e4ude zu errichten. Zun\u00e4chst wurden nur drei Schulklassen [&hellip;]","og_url":"https:\/\/www.lohschule-datteln.de\/index.php\/2-geschichte-der-lohschule\/","og_site_name":"Lohschule Datteln","article_modified_time":"2024-08-13T10:09:48+00:00","twitter_card":"summary_large_image","twitter_misc":{"Gesch\u00e4tzte Lesezeit":"2\u00a0Minuten"},"schema":{"@context":"https:\/\/schema.org","@graph":[{"@type":"WebPage","@id":"https:\/\/www.lohschule-datteln.de\/index.php\/2-geschichte-der-lohschule\/","url":"https:\/\/www.lohschule-datteln.de\/index.php\/2-geschichte-der-lohschule\/","name":"Geschichte der Lohschule - Lohschule Datteln","isPartOf":{"@id":"https:\/\/www.lohschule-datteln.de\/#website"},"datePublished":"2020-06-25T13:32:30+00:00","dateModified":"2024-08-13T10:09:48+00:00","breadcrumb":{"@id":"https:\/\/www.lohschule-datteln.de\/index.php\/2-geschichte-der-lohschule\/#breadcrumb"},"inLanguage":"de","potentialAction":[{"@type":"ReadAction","target":["https:\/\/www.lohschule-datteln.de\/index.php\/2-geschichte-der-lohschule\/"]}]},{"@type":"BreadcrumbList","@id":"https:\/\/www.lohschule-datteln.de\/index.php\/2-geschichte-der-lohschule\/#breadcrumb","itemListElement":[{"@type":"ListItem","position":1,"name":"Startseite","item":"https:\/\/www.lohschule-datteln.de\/"},{"@type":"ListItem","position":2,"name":"Geschichte der Lohschule"}]},{"@type":"WebSite","@id":"https:\/\/www.lohschule-datteln.de\/#website","url":"https:\/\/www.lohschule-datteln.de\/","name":"Lohschule Datteln","description":"kath. Grundschule","publisher":{"@id":"https:\/\/www.lohschule-datteln.de\/#organization"},"potentialAction":[{"@type":"SearchAction","target":{"@type":"EntryPoint","urlTemplate":"https:\/\/www.lohschule-datteln.de\/?s={search_term_string}"},"query-input":{"@type":"PropertyValueSpecification","valueRequired":true,"valueName":"search_term_string"}}],"inLanguage":"de"},{"@type":"Organization","@id":"https:\/\/www.lohschule-datteln.de\/#organization","name":"Lohschule -katholische Grundschule Datteln","url":"https:\/\/www.lohschule-datteln.de\/","logo":{"@type":"ImageObject","inLanguage":"de","@id":"https:\/\/www.lohschule-datteln.de\/#\/schema\/logo\/image\/","url":"http:\/\/www.lohschule-datteln.de\/wp-content\/uploads\/2016\/02\/Loh-neu-2016.jpg","contentUrl":"http:\/\/www.lohschule-datteln.de\/wp-content\/uploads\/2016\/02\/Loh-neu-2016.jpg","width":448,"height":252,"caption":"Lohschule -katholische Grundschule Datteln"},"image":{"@id":"https:\/\/www.lohschule-datteln.de\/#\/schema\/logo\/image\/"}}]}},"_links":{"self":[{"href":"https:\/\/www.lohschule-datteln.de\/index.php\/wp-json\/wp\/v2\/pages\/9185","targetHints":{"allow":["GET"]}}],"collection":[{"href":"https:\/\/www.lohschule-datteln.de\/index.php\/wp-json\/wp\/v2\/pages"}],"about":[{"href":"https:\/\/www.lohschule-datteln.de\/index.php\/wp-json\/wp\/v2\/types\/page"}],"author":[{"embeddable":true,"href":"https:\/\/www.lohschule-datteln.de\/index.php\/wp-json\/wp\/v2\/users\/3"}],"replies":[{"embeddable":true,"href":"https:\/\/www.lohschule-datteln.de\/index.php\/wp-json\/wp\/v2\/comments?post=9185"}],"version-history":[{"count":10,"href":"https:\/\/www.lohschule-datteln.de\/index.php\/wp-json\/wp\/v2\/pages\/9185\/revisions"}],"predecessor-version":[{"id":13906,"href":"https:\/\/www.lohschule-datteln.de\/index.php\/wp-json\/wp\/v2\/pages\/9185\/revisions\/13906"}],"wp:attachment":[{"href":"https:\/\/www.lohschule-datteln.de\/index.php\/wp-json\/wp\/v2\/media?parent=9185"}],"curies":[{"name":"wp","href":"https:\/\/api.w.org\/{rel}","templated":true}]}}