{"id":9210,"date":"2020-06-25T23:45:35","date_gmt":"2020-06-25T21:45:35","guid":{"rendered":"http:\/\/www.lohschule-datteln.de\/?page_id=9210"},"modified":"2024-08-13T12:25:16","modified_gmt":"2024-08-13T10:25:16","slug":"8-unser-lohschulchor","status":"publish","type":"page","link":"https:\/\/www.lohschule-datteln.de\/index.php\/8-unser-lohschulchor\/","title":{"rendered":"Lohschulchor"},"content":{"rendered":"<div class=\"page\" title=\"Page 1\">\n<div class=\"layoutArea\">\n<div class=\"column\">\n<p><span style=\"color: #808080;\">\u201eSingen macht Spa\u00df, Singen tut gut. Ja, Singen macht munter und Singen macht Mut&#8230;.\u201c<\/span><\/p>\n<p><span style=\"color: #808080;\">So lautet der Text eines unserer Lieder, die die Chorkinder unserer Lohschule mit der Chorleiterin und unterst\u00fctzenden Lehrkr\u00e4ften singen. Alle Lohschulkinder der zweiten bis vierten Klassen, die Freude an Musik und am Singen haben, k\u00f6nnen am Chor teilnehmen und sich dazu anmelden. Die Teilnahme ist f\u00fcr ein halbes Jahr verpflichtend und kann dann neu von jedem Kind entschieden werden.<\/span><\/p>\n<p><span style=\"color: #808080;\">Die Chorprobe findet einmal in der Woche statt und gibt jedem Chormitglied das Gef\u00fchl, dass gemeinsames Singen ein ganz gro\u00dfartiges Erlebnis ist.<\/span><br \/>\n<span style=\"color: #808080;\">Unser Lohschulchor pr\u00e4sentiert seine Lieder im Laufe des Schuljahres zu verschiedenen Anl\u00e4ssen: So z. B. bei unseren Weihnachts- und Abschlussgottesdiensten, beim \u201eBegehbaren Adventskalender\u201c oder bei unserem jahreszeitlichen Singen, das regelm\u00e4\u00dfig mit allen Sch\u00fclerInnen und Lehrkr\u00e4ften stattfindet. Jeder Auftritt des Chores bereichert unser Schulleben.<\/span><\/p>\n<p><span style=\"color: #808080;\">Zus\u00e4tzlich zu den o. g. Anl\u00e4ssen nahm der Lohschulchor im Schuljahr 2018\/2019 mit unserem Lohschullied \u201eDas alles sind wir\u201c an einem schul\u00fcbergreifenden Wettbewerb teil. Das Lohschullied ist im Vorfeld von den Lohschulkindern selber getextet worden und verdeutlicht unser Zusammengeh\u00f6rigkeitsgef\u00fchl: \u201eZusammen sind wir richtig stark\u201c. Bei dem Wettbewerb erreichte unser Lohschulchor das \u201eMedaillen\u201c-Treppchen. Darauf sind wir sehr stolz!<\/span><\/p>\n<\/div>\n<\/div>\n<\/div>\n","protected":false},"excerpt":{"rendered":"<p>\u201eSingen macht Spa\u00df, Singen tut gut. Ja, Singen macht munter und Singen macht Mut&#8230;.\u201c So lautet der Text eines unserer Lieder, die die Chorkinder unserer Lohschule mit der Chorleiterin und unterst\u00fctzenden Lehrkr\u00e4ften singen. Alle Lohschulkinder der zweiten bis vierten Klassen, die Freude an Musik und am Singen haben, k\u00f6nnen am Chor teilnehmen und sich dazu [&hellip;]<\/p>\n","protected":false},"author":3,"featured_media":0,"parent":0,"menu_order":0,"comment_status":"closed","ping_status":"closed","template":"","meta":{"footnotes":""},"class_list":["post-9210","page","type-page","status-publish","hentry"],"yoast_head":"<!-- This site is optimized with the Yoast SEO plugin v27.4 - https:\/\/yoast.com\/product\/yoast-seo-wordpress\/ -->\n<title>Lohschulchor - Lohschule Datteln<\/title>\n<meta name=\"robots\" content=\"index, follow, max-snippet:-1, max-image-preview:large, max-video-preview:-1\" \/>\n<link rel=\"canonical\" href=\"https:\/\/www.lohschule-datteln.de\/index.php\/8-unser-lohschulchor\/\" \/>\n<meta property=\"og:locale\" content=\"de_DE\" \/>\n<meta property=\"og:type\" content=\"article\" \/>\n<meta property=\"og:title\" content=\"Lohschulchor - Lohschule Datteln\" \/>\n<meta property=\"og:description\" content=\"\u201eSingen macht Spa\u00df, Singen tut gut. Ja, Singen macht munter und Singen macht Mut&#8230;.\u201c So lautet der Text eines unserer Lieder, die die Chorkinder unserer Lohschule mit der Chorleiterin und unterst\u00fctzenden Lehrkr\u00e4ften singen. Alle Lohschulkinder der zweiten bis vierten Klassen, die Freude an Musik und am Singen haben, k\u00f6nnen am Chor teilnehmen und sich dazu [&hellip;]\" \/>\n<meta property=\"og:url\" content=\"https:\/\/www.lohschule-datteln.de\/index.php\/8-unser-lohschulchor\/\" \/>\n<meta property=\"og:site_name\" content=\"Lohschule Datteln\" \/>\n<meta property=\"article:modified_time\" content=\"2024-08-13T10:25:16+00:00\" \/>\n<meta name=\"twitter:card\" content=\"summary_large_image\" \/>\n<meta name=\"twitter:label1\" content=\"Gesch\u00e4tzte Lesezeit\" \/>\n\t<meta name=\"twitter:data1\" content=\"2\u00a0Minuten\" \/>\n<script type=\"application\/ld+json\" class=\"yoast-schema-graph\">{\"@context\":\"https:\\\/\\\/schema.org\",\"@graph\":[{\"@type\":\"WebPage\",\"@id\":\"https:\\\/\\\/www.lohschule-datteln.de\\\/index.php\\\/8-unser-lohschulchor\\\/\",\"url\":\"https:\\\/\\\/www.lohschule-datteln.de\\\/index.php\\\/8-unser-lohschulchor\\\/\",\"name\":\"Lohschulchor - Lohschule Datteln\",\"isPartOf\":{\"@id\":\"https:\\\/\\\/www.lohschule-datteln.de\\\/#website\"},\"datePublished\":\"2020-06-25T21:45:35+00:00\",\"dateModified\":\"2024-08-13T10:25:16+00:00\",\"breadcrumb\":{\"@id\":\"https:\\\/\\\/www.lohschule-datteln.de\\\/index.php\\\/8-unser-lohschulchor\\\/#breadcrumb\"},\"inLanguage\":\"de\",\"potentialAction\":[{\"@type\":\"ReadAction\",\"target\":[\"https:\\\/\\\/www.lohschule-datteln.de\\\/index.php\\\/8-unser-lohschulchor\\\/\"]}]},{\"@type\":\"BreadcrumbList\",\"@id\":\"https:\\\/\\\/www.lohschule-datteln.de\\\/index.php\\\/8-unser-lohschulchor\\\/#breadcrumb\",\"itemListElement\":[{\"@type\":\"ListItem\",\"position\":1,\"name\":\"Startseite\",\"item\":\"https:\\\/\\\/www.lohschule-datteln.de\\\/\"},{\"@type\":\"ListItem\",\"position\":2,\"name\":\"Lohschulchor\"}]},{\"@type\":\"WebSite\",\"@id\":\"https:\\\/\\\/www.lohschule-datteln.de\\\/#website\",\"url\":\"https:\\\/\\\/www.lohschule-datteln.de\\\/\",\"name\":\"Lohschule Datteln\",\"description\":\"kath. Grundschule\",\"publisher\":{\"@id\":\"https:\\\/\\\/www.lohschule-datteln.de\\\/#organization\"},\"potentialAction\":[{\"@type\":\"SearchAction\",\"target\":{\"@type\":\"EntryPoint\",\"urlTemplate\":\"https:\\\/\\\/www.lohschule-datteln.de\\\/?s={search_term_string}\"},\"query-input\":{\"@type\":\"PropertyValueSpecification\",\"valueRequired\":true,\"valueName\":\"search_term_string\"}}],\"inLanguage\":\"de\"},{\"@type\":\"Organization\",\"@id\":\"https:\\\/\\\/www.lohschule-datteln.de\\\/#organization\",\"name\":\"Lohschule -katholische Grundschule Datteln\",\"url\":\"https:\\\/\\\/www.lohschule-datteln.de\\\/\",\"logo\":{\"@type\":\"ImageObject\",\"inLanguage\":\"de\",\"@id\":\"https:\\\/\\\/www.lohschule-datteln.de\\\/#\\\/schema\\\/logo\\\/image\\\/\",\"url\":\"http:\\\/\\\/www.lohschule-datteln.de\\\/wp-content\\\/uploads\\\/2016\\\/02\\\/Loh-neu-2016.jpg\",\"contentUrl\":\"http:\\\/\\\/www.lohschule-datteln.de\\\/wp-content\\\/uploads\\\/2016\\\/02\\\/Loh-neu-2016.jpg\",\"width\":448,\"height\":252,\"caption\":\"Lohschule -katholische Grundschule Datteln\"},\"image\":{\"@id\":\"https:\\\/\\\/www.lohschule-datteln.de\\\/#\\\/schema\\\/logo\\\/image\\\/\"}}]}<\/script>\n<!-- \/ Yoast SEO plugin. -->","yoast_head_json":{"title":"Lohschulchor - Lohschule Datteln","robots":{"index":"index","follow":"follow","max-snippet":"max-snippet:-1","max-image-preview":"max-image-preview:large","max-video-preview":"max-video-preview:-1"},"canonical":"https:\/\/www.lohschule-datteln.de\/index.php\/8-unser-lohschulchor\/","og_locale":"de_DE","og_type":"article","og_title":"Lohschulchor - Lohschule Datteln","og_description":"\u201eSingen macht Spa\u00df, Singen tut gut. Ja, Singen macht munter und Singen macht Mut&#8230;.\u201c So lautet der Text eines unserer Lieder, die die Chorkinder unserer Lohschule mit der Chorleiterin und unterst\u00fctzenden Lehrkr\u00e4ften singen. Alle Lohschulkinder der zweiten bis vierten Klassen, die Freude an Musik und am Singen haben, k\u00f6nnen am Chor teilnehmen und sich dazu [&hellip;]","og_url":"https:\/\/www.lohschule-datteln.de\/index.php\/8-unser-lohschulchor\/","og_site_name":"Lohschule Datteln","article_modified_time":"2024-08-13T10:25:16+00:00","twitter_card":"summary_large_image","twitter_misc":{"Gesch\u00e4tzte Lesezeit":"2\u00a0Minuten"},"schema":{"@context":"https:\/\/schema.org","@graph":[{"@type":"WebPage","@id":"https:\/\/www.lohschule-datteln.de\/index.php\/8-unser-lohschulchor\/","url":"https:\/\/www.lohschule-datteln.de\/index.php\/8-unser-lohschulchor\/","name":"Lohschulchor - Lohschule Datteln","isPartOf":{"@id":"https:\/\/www.lohschule-datteln.de\/#website"},"datePublished":"2020-06-25T21:45:35+00:00","dateModified":"2024-08-13T10:25:16+00:00","breadcrumb":{"@id":"https:\/\/www.lohschule-datteln.de\/index.php\/8-unser-lohschulchor\/#breadcrumb"},"inLanguage":"de","potentialAction":[{"@type":"ReadAction","target":["https:\/\/www.lohschule-datteln.de\/index.php\/8-unser-lohschulchor\/"]}]},{"@type":"BreadcrumbList","@id":"https:\/\/www.lohschule-datteln.de\/index.php\/8-unser-lohschulchor\/#breadcrumb","itemListElement":[{"@type":"ListItem","position":1,"name":"Startseite","item":"https:\/\/www.lohschule-datteln.de\/"},{"@type":"ListItem","position":2,"name":"Lohschulchor"}]},{"@type":"WebSite","@id":"https:\/\/www.lohschule-datteln.de\/#website","url":"https:\/\/www.lohschule-datteln.de\/","name":"Lohschule Datteln","description":"kath. Grundschule","publisher":{"@id":"https:\/\/www.lohschule-datteln.de\/#organization"},"potentialAction":[{"@type":"SearchAction","target":{"@type":"EntryPoint","urlTemplate":"https:\/\/www.lohschule-datteln.de\/?s={search_term_string}"},"query-input":{"@type":"PropertyValueSpecification","valueRequired":true,"valueName":"search_term_string"}}],"inLanguage":"de"},{"@type":"Organization","@id":"https:\/\/www.lohschule-datteln.de\/#organization","name":"Lohschule -katholische Grundschule Datteln","url":"https:\/\/www.lohschule-datteln.de\/","logo":{"@type":"ImageObject","inLanguage":"de","@id":"https:\/\/www.lohschule-datteln.de\/#\/schema\/logo\/image\/","url":"http:\/\/www.lohschule-datteln.de\/wp-content\/uploads\/2016\/02\/Loh-neu-2016.jpg","contentUrl":"http:\/\/www.lohschule-datteln.de\/wp-content\/uploads\/2016\/02\/Loh-neu-2016.jpg","width":448,"height":252,"caption":"Lohschule -katholische Grundschule Datteln"},"image":{"@id":"https:\/\/www.lohschule-datteln.de\/#\/schema\/logo\/image\/"}}]}},"_links":{"self":[{"href":"https:\/\/www.lohschule-datteln.de\/index.php\/wp-json\/wp\/v2\/pages\/9210","targetHints":{"allow":["GET"]}}],"collection":[{"href":"https:\/\/www.lohschule-datteln.de\/index.php\/wp-json\/wp\/v2\/pages"}],"about":[{"href":"https:\/\/www.lohschule-datteln.de\/index.php\/wp-json\/wp\/v2\/types\/page"}],"author":[{"embeddable":true,"href":"https:\/\/www.lohschule-datteln.de\/index.php\/wp-json\/wp\/v2\/users\/3"}],"replies":[{"embeddable":true,"href":"https:\/\/www.lohschule-datteln.de\/index.php\/wp-json\/wp\/v2\/comments?post=9210"}],"version-history":[{"count":6,"href":"https:\/\/www.lohschule-datteln.de\/index.php\/wp-json\/wp\/v2\/pages\/9210\/revisions"}],"predecessor-version":[{"id":13919,"href":"https:\/\/www.lohschule-datteln.de\/index.php\/wp-json\/wp\/v2\/pages\/9210\/revisions\/13919"}],"wp:attachment":[{"href":"https:\/\/www.lohschule-datteln.de\/index.php\/wp-json\/wp\/v2\/media?parent=9210"}],"curies":[{"name":"wp","href":"https:\/\/api.w.org\/{rel}","templated":true}]}}