{"id":9248,"date":"2020-06-26T00:23:10","date_gmt":"2020-06-25T22:23:10","guid":{"rendered":"http:\/\/www.lohschule-datteln.de\/?page_id=9248"},"modified":"2024-08-13T12:25:52","modified_gmt":"2024-08-13T10:25:52","slug":"9-die-offene-ganztagsschule-an-der-lohschule","status":"publish","type":"page","link":"https:\/\/www.lohschule-datteln.de\/index.php\/9-die-offene-ganztagsschule-an-der-lohschule\/","title":{"rendered":"Die Offene Ganztagsschule an der Lohschule"},"content":{"rendered":"<div class=\"page\" title=\"Page 1\">\n<div class=\"layoutArea\">\n<div class=\"column\">\n<p><span style=\"color: #808080;\">Die Offene Ganztagsgrundschule betreut an unserer Lohschule die Kinder in der Zeit von 7.00 &#8211; 7.45 Uhr nach Bedarf und von 11.35 &#8211; 16.15 Uhr. Zudem gibt es noch die Dino-Betreuungsgruppen. Hier k\u00f6nnen die Sch\u00fclerInnen immer von 11.35 &#8211; 13.30 Uhr betreut werden.<\/span><\/p>\n<p><span style=\"color: #808080;\">Grundvoraussetzung unserer Arbeit ist die vorurteilsfreie Annahme jedes Kindes mit seiner individuellen Pers\u00f6nlichkeit. Die Kinder verbringen einen langen Zeitraum des Tages in der Offenen Ganztagsschule. Deshalb ist es uns sehr wichtig, dass sie sich wohlf\u00fchlen. Gro\u00dfen Wert legen wir darauf, dass die p\u00e4dagogischen Fachkr\u00e4fte als enge Kontaktpersonen und Ansprechpartnerinnen zur Verf\u00fcgung stehen und ein offenes Ohr f\u00fcr die W\u00fcnsche und Sorgen der Kinder haben.<\/span><\/p>\n<p><span style=\"color: #808080;\">Das Kind steht im Mittelpunkt unserer Arbeit. Die Offene Ganztagsschule bietet ab dem ersten Schultag sowohl eine verl\u00e4ssliche und qualifizierte Betreuung als auch ein ad\u00e4quates Bildungs-, Erziehungs- und Freizeitangebot an.<\/span><\/p>\n<p><span style=\"color: #808080;\">Zielsetzung unserer p\u00e4dagogischen Arbeit ist, im Hinblick auf jedes einzelne Kind, die St\u00e4rkung der sozialen, kognitiven, motorischen und kreativen Kompetenzen. Mit den vielf\u00e4ltigen offenen Angeboten zum Lesen, Spielen, Bewegen und Basteln sowie dem Angebot an Arbeitsgemeinschaften und Projekten aus den verschiedenen Bereichen wie Sport, Tanz und Kunst wird ein anregendes Umfeld geschaffen, das den Kindern Lernanreize erm\u00f6glicht. Das freie Spiel hat ebenso einen hohen Stellenwert und wird daher gesondert ausgef\u00fchrt.<\/span><\/p>\n<p><span style=\"color: #808080;\">Die Altersmischung der Gruppe f\u00f6rdert in besonderer Weise die Entwicklung der sozialen Verantwortung und das Erlernen sozialer Verhaltensweisen. Die F\u00f6rderung der Selbstst\u00e4ndigkeit, des Selbstbewusstseins sowie die Selbsteinsch\u00e4tzung mit dem Erkennen eigener St\u00e4rken und Schw\u00e4chen sind weitere, wichtige Ziele im Sozialisierungsprozess der Kinder. Die Verkn\u00fcpfung von Schule und Ganztag verfolgt auch Ziele wie die Chancengleichheit f\u00fcr alle Kinder. Der Einhaltung verl\u00e4sslicher Regeln und der Vermittlung von Normen und Werten messen wir im Gruppenalltag gro\u00dfe Bedeutung bei. Der aufmerksame und liebevolle Umgang ist uns genauso wichtig wie ein klarer und wertsch\u00e4tzender Gespr\u00e4chsstil.<\/span><\/p>\n<\/div>\n<\/div>\n<\/div>\n","protected":false},"excerpt":{"rendered":"<p>Die Offene Ganztagsgrundschule betreut an unserer Lohschule die Kinder in der Zeit von 7.00 &#8211; 7.45 Uhr nach Bedarf und von 11.35 &#8211; 16.15 Uhr. Zudem gibt es noch die Dino-Betreuungsgruppen. Hier k\u00f6nnen die Sch\u00fclerInnen immer von 11.35 &#8211; 13.30 Uhr betreut werden. Grundvoraussetzung unserer Arbeit ist die vorurteilsfreie Annahme jedes Kindes mit seiner individuellen [&hellip;]<\/p>\n","protected":false},"author":3,"featured_media":0,"parent":0,"menu_order":0,"comment_status":"closed","ping_status":"closed","template":"","meta":{"footnotes":""},"class_list":["post-9248","page","type-page","status-publish","hentry"],"yoast_head":"<!-- This site is optimized with the Yoast SEO plugin v27.5 - https:\/\/yoast.com\/product\/yoast-seo-wordpress\/ -->\n<title>Die Offene Ganztagsschule an der Lohschule - Lohschule Datteln<\/title>\n<meta name=\"robots\" content=\"index, follow, max-snippet:-1, max-image-preview:large, max-video-preview:-1\" \/>\n<link rel=\"canonical\" href=\"https:\/\/www.lohschule-datteln.de\/index.php\/9-die-offene-ganztagsschule-an-der-lohschule\/\" \/>\n<meta property=\"og:locale\" content=\"de_DE\" \/>\n<meta property=\"og:type\" content=\"article\" \/>\n<meta property=\"og:title\" content=\"Die Offene Ganztagsschule an der Lohschule - Lohschule Datteln\" \/>\n<meta property=\"og:description\" content=\"Die Offene Ganztagsgrundschule betreut an unserer Lohschule die Kinder in der Zeit von 7.00 &#8211; 7.45 Uhr nach Bedarf und von 11.35 &#8211; 16.15 Uhr. Zudem gibt es noch die Dino-Betreuungsgruppen. Hier k\u00f6nnen die Sch\u00fclerInnen immer von 11.35 &#8211; 13.30 Uhr betreut werden. Grundvoraussetzung unserer Arbeit ist die vorurteilsfreie Annahme jedes Kindes mit seiner individuellen [&hellip;]\" \/>\n<meta property=\"og:url\" content=\"https:\/\/www.lohschule-datteln.de\/index.php\/9-die-offene-ganztagsschule-an-der-lohschule\/\" \/>\n<meta property=\"og:site_name\" content=\"Lohschule Datteln\" \/>\n<meta property=\"article:modified_time\" content=\"2024-08-13T10:25:52+00:00\" \/>\n<meta name=\"twitter:card\" content=\"summary_large_image\" \/>\n<meta name=\"twitter:label1\" content=\"Gesch\u00e4tzte Lesezeit\" \/>\n\t<meta name=\"twitter:data1\" content=\"2\u00a0Minuten\" \/>\n<script type=\"application\/ld+json\" class=\"yoast-schema-graph\">{\"@context\":\"https:\\\/\\\/schema.org\",\"@graph\":[{\"@type\":\"WebPage\",\"@id\":\"https:\\\/\\\/www.lohschule-datteln.de\\\/index.php\\\/9-die-offene-ganztagsschule-an-der-lohschule\\\/\",\"url\":\"https:\\\/\\\/www.lohschule-datteln.de\\\/index.php\\\/9-die-offene-ganztagsschule-an-der-lohschule\\\/\",\"name\":\"Die Offene Ganztagsschule an der Lohschule - Lohschule Datteln\",\"isPartOf\":{\"@id\":\"https:\\\/\\\/www.lohschule-datteln.de\\\/#website\"},\"datePublished\":\"2020-06-25T22:23:10+00:00\",\"dateModified\":\"2024-08-13T10:25:52+00:00\",\"breadcrumb\":{\"@id\":\"https:\\\/\\\/www.lohschule-datteln.de\\\/index.php\\\/9-die-offene-ganztagsschule-an-der-lohschule\\\/#breadcrumb\"},\"inLanguage\":\"de\",\"potentialAction\":[{\"@type\":\"ReadAction\",\"target\":[\"https:\\\/\\\/www.lohschule-datteln.de\\\/index.php\\\/9-die-offene-ganztagsschule-an-der-lohschule\\\/\"]}]},{\"@type\":\"BreadcrumbList\",\"@id\":\"https:\\\/\\\/www.lohschule-datteln.de\\\/index.php\\\/9-die-offene-ganztagsschule-an-der-lohschule\\\/#breadcrumb\",\"itemListElement\":[{\"@type\":\"ListItem\",\"position\":1,\"name\":\"Startseite\",\"item\":\"https:\\\/\\\/www.lohschule-datteln.de\\\/\"},{\"@type\":\"ListItem\",\"position\":2,\"name\":\"Die Offene Ganztagsschule an der Lohschule\"}]},{\"@type\":\"WebSite\",\"@id\":\"https:\\\/\\\/www.lohschule-datteln.de\\\/#website\",\"url\":\"https:\\\/\\\/www.lohschule-datteln.de\\\/\",\"name\":\"Lohschule Datteln\",\"description\":\"kath. Grundschule\",\"publisher\":{\"@id\":\"https:\\\/\\\/www.lohschule-datteln.de\\\/#organization\"},\"potentialAction\":[{\"@type\":\"SearchAction\",\"target\":{\"@type\":\"EntryPoint\",\"urlTemplate\":\"https:\\\/\\\/www.lohschule-datteln.de\\\/?s={search_term_string}\"},\"query-input\":{\"@type\":\"PropertyValueSpecification\",\"valueRequired\":true,\"valueName\":\"search_term_string\"}}],\"inLanguage\":\"de\"},{\"@type\":\"Organization\",\"@id\":\"https:\\\/\\\/www.lohschule-datteln.de\\\/#organization\",\"name\":\"Lohschule -katholische Grundschule Datteln\",\"url\":\"https:\\\/\\\/www.lohschule-datteln.de\\\/\",\"logo\":{\"@type\":\"ImageObject\",\"inLanguage\":\"de\",\"@id\":\"https:\\\/\\\/www.lohschule-datteln.de\\\/#\\\/schema\\\/logo\\\/image\\\/\",\"url\":\"http:\\\/\\\/www.lohschule-datteln.de\\\/wp-content\\\/uploads\\\/2016\\\/02\\\/Loh-neu-2016.jpg\",\"contentUrl\":\"http:\\\/\\\/www.lohschule-datteln.de\\\/wp-content\\\/uploads\\\/2016\\\/02\\\/Loh-neu-2016.jpg\",\"width\":448,\"height\":252,\"caption\":\"Lohschule -katholische Grundschule Datteln\"},\"image\":{\"@id\":\"https:\\\/\\\/www.lohschule-datteln.de\\\/#\\\/schema\\\/logo\\\/image\\\/\"}}]}<\/script>\n<!-- \/ Yoast SEO plugin. -->","yoast_head_json":{"title":"Die Offene Ganztagsschule an der Lohschule - Lohschule Datteln","robots":{"index":"index","follow":"follow","max-snippet":"max-snippet:-1","max-image-preview":"max-image-preview:large","max-video-preview":"max-video-preview:-1"},"canonical":"https:\/\/www.lohschule-datteln.de\/index.php\/9-die-offene-ganztagsschule-an-der-lohschule\/","og_locale":"de_DE","og_type":"article","og_title":"Die Offene Ganztagsschule an der Lohschule - Lohschule Datteln","og_description":"Die Offene Ganztagsgrundschule betreut an unserer Lohschule die Kinder in der Zeit von 7.00 &#8211; 7.45 Uhr nach Bedarf und von 11.35 &#8211; 16.15 Uhr. Zudem gibt es noch die Dino-Betreuungsgruppen. Hier k\u00f6nnen die Sch\u00fclerInnen immer von 11.35 &#8211; 13.30 Uhr betreut werden. Grundvoraussetzung unserer Arbeit ist die vorurteilsfreie Annahme jedes Kindes mit seiner individuellen [&hellip;]","og_url":"https:\/\/www.lohschule-datteln.de\/index.php\/9-die-offene-ganztagsschule-an-der-lohschule\/","og_site_name":"Lohschule Datteln","article_modified_time":"2024-08-13T10:25:52+00:00","twitter_card":"summary_large_image","twitter_misc":{"Gesch\u00e4tzte Lesezeit":"2\u00a0Minuten"},"schema":{"@context":"https:\/\/schema.org","@graph":[{"@type":"WebPage","@id":"https:\/\/www.lohschule-datteln.de\/index.php\/9-die-offene-ganztagsschule-an-der-lohschule\/","url":"https:\/\/www.lohschule-datteln.de\/index.php\/9-die-offene-ganztagsschule-an-der-lohschule\/","name":"Die Offene Ganztagsschule an der Lohschule - Lohschule Datteln","isPartOf":{"@id":"https:\/\/www.lohschule-datteln.de\/#website"},"datePublished":"2020-06-25T22:23:10+00:00","dateModified":"2024-08-13T10:25:52+00:00","breadcrumb":{"@id":"https:\/\/www.lohschule-datteln.de\/index.php\/9-die-offene-ganztagsschule-an-der-lohschule\/#breadcrumb"},"inLanguage":"de","potentialAction":[{"@type":"ReadAction","target":["https:\/\/www.lohschule-datteln.de\/index.php\/9-die-offene-ganztagsschule-an-der-lohschule\/"]}]},{"@type":"BreadcrumbList","@id":"https:\/\/www.lohschule-datteln.de\/index.php\/9-die-offene-ganztagsschule-an-der-lohschule\/#breadcrumb","itemListElement":[{"@type":"ListItem","position":1,"name":"Startseite","item":"https:\/\/www.lohschule-datteln.de\/"},{"@type":"ListItem","position":2,"name":"Die Offene Ganztagsschule an der Lohschule"}]},{"@type":"WebSite","@id":"https:\/\/www.lohschule-datteln.de\/#website","url":"https:\/\/www.lohschule-datteln.de\/","name":"Lohschule Datteln","description":"kath. Grundschule","publisher":{"@id":"https:\/\/www.lohschule-datteln.de\/#organization"},"potentialAction":[{"@type":"SearchAction","target":{"@type":"EntryPoint","urlTemplate":"https:\/\/www.lohschule-datteln.de\/?s={search_term_string}"},"query-input":{"@type":"PropertyValueSpecification","valueRequired":true,"valueName":"search_term_string"}}],"inLanguage":"de"},{"@type":"Organization","@id":"https:\/\/www.lohschule-datteln.de\/#organization","name":"Lohschule -katholische Grundschule Datteln","url":"https:\/\/www.lohschule-datteln.de\/","logo":{"@type":"ImageObject","inLanguage":"de","@id":"https:\/\/www.lohschule-datteln.de\/#\/schema\/logo\/image\/","url":"http:\/\/www.lohschule-datteln.de\/wp-content\/uploads\/2016\/02\/Loh-neu-2016.jpg","contentUrl":"http:\/\/www.lohschule-datteln.de\/wp-content\/uploads\/2016\/02\/Loh-neu-2016.jpg","width":448,"height":252,"caption":"Lohschule -katholische Grundschule Datteln"},"image":{"@id":"https:\/\/www.lohschule-datteln.de\/#\/schema\/logo\/image\/"}}]}},"_links":{"self":[{"href":"https:\/\/www.lohschule-datteln.de\/index.php\/wp-json\/wp\/v2\/pages\/9248","targetHints":{"allow":["GET"]}}],"collection":[{"href":"https:\/\/www.lohschule-datteln.de\/index.php\/wp-json\/wp\/v2\/pages"}],"about":[{"href":"https:\/\/www.lohschule-datteln.de\/index.php\/wp-json\/wp\/v2\/types\/page"}],"author":[{"embeddable":true,"href":"https:\/\/www.lohschule-datteln.de\/index.php\/wp-json\/wp\/v2\/users\/3"}],"replies":[{"embeddable":true,"href":"https:\/\/www.lohschule-datteln.de\/index.php\/wp-json\/wp\/v2\/comments?post=9248"}],"version-history":[{"count":7,"href":"https:\/\/www.lohschule-datteln.de\/index.php\/wp-json\/wp\/v2\/pages\/9248\/revisions"}],"predecessor-version":[{"id":13920,"href":"https:\/\/www.lohschule-datteln.de\/index.php\/wp-json\/wp\/v2\/pages\/9248\/revisions\/13920"}],"wp:attachment":[{"href":"https:\/\/www.lohschule-datteln.de\/index.php\/wp-json\/wp\/v2\/media?parent=9248"}],"curies":[{"name":"wp","href":"https:\/\/api.w.org\/{rel}","templated":true}]}}