{"id":9259,"date":"2020-06-28T14:42:45","date_gmt":"2020-06-28T12:42:45","guid":{"rendered":"http:\/\/www.lohschule-datteln.de\/?page_id=9259"},"modified":"2020-06-29T10:17:38","modified_gmt":"2020-06-29T08:17:38","slug":"verabschiedung-der-viertklaessler-2020","status":"publish","type":"page","link":"https:\/\/www.lohschule-datteln.de\/index.php\/verabschiedung-der-viertklaessler-2020\/","title":{"rendered":"Verabschiedung der Viertkl\u00e4ssler 2020"},"content":{"rendered":"\n<h2 class=\"wp-block-heading\">In diesem Jahr &#8230;<\/h2>\n\n\n<p><span style=\"color: #339966;\">&#8230;war alles anders. So musste auch der Abschied des Kollegiums von den Gro\u00dfen unserer Schule neue Wege gehen. Dieses Foto soll Elefanten, W\u00f6lfe und Giraffen mit an ihren Lohschulabschluss erinnern:<\/span><\/p>\n<p><img loading=\"lazy\" decoding=\"async\" class=\"aligncenter size-full wp-image-9254\" src=\"https:\/\/www.lohschule-datteln.de\/wp-content\/uploads\/2020\/06\/Koll-Abschiedskarte-f-d-4er-2020--scaled.jpg\" alt=\"\" width=\"2560\" height=\"1920\" \/><\/p>\n<p>\u00a0<\/p>\n<p><span style=\"color: #339966;\">Auch ein Schutzengel und gute W\u00fcnsche sollen unsere Gro\u00dfen auf ihrem weiteren Weg begleiten:<\/span><\/p>\n<p><img loading=\"lazy\" decoding=\"async\" class=\"aligncenter size-full wp-image-9156\" src=\"https:\/\/www.lohschule-datteln.de\/wp-content\/uploads\/2020\/06\/4er-Segenskarte-6.2020-2.jpg\" alt=\"\" width=\"2000\" height=\"1500\" \/><\/p>\n<p>\u00a0<\/p>\n<p><span style=\"color: #339966;\">Bei strahlendem Sonnenschein wurde am letzten Schultag, Freitag, dem 26. Juni 2020, ab 10 Uhr jede vierte Klasse f\u00fcr sich verabschiedet.<\/span><\/p>\n<p><span style=\"color: #339966;\"> Die Elefantenklasse machte unter F\u00fchrung von Frau Knoop den Anfang. Als die Kinder ihre vereinbarten Pl\u00e4tze auf dem vorderen Schulhof eingenommen hatten, richtete Frau Schneider einige Worte zum Abschied an sie und Pfarrer Pla\u00dfmann segnete die Kinder. Auch die Eltern der Klasse hatten etwas f\u00fcr ihre Kinder vorbereitet. Als dann das Lohschullied eingespielt wurde, f\u00fchrte Frau Knoop ihre <em>Elefanten<\/em> zum Abschied durch eine Winkegasse aus einigen Lehrern und OGS-Betreuern \u00a0vom Schulhof.<\/span><\/p>\n<p><span style=\"color: #339966;\">Nachdem Kinder und Eltern der Klasse 4a den Schulhof verlassen hatten, wurden auf \u00e4hnliche Weise Frau M\u00fcllers <em>W\u00f6lfe<\/em> und im Anschluss die <em>Giraffen<\/em> unter F\u00fchrung von Frau Neukirch verabschiedet.<\/span><\/p>\n<p>\u00a0<\/p>\n<h3 style=\"text-align: center;\"><span style=\"color: #339966;\">Allen Schulabg\u00e4ngern <\/span><\/h3>\n<h3 style=\"text-align: center;\"><span style=\"color: #339966;\">w\u00fcnschen wir <\/span><\/h3>\n<h3 style=\"text-align: center;\"><span style=\"color: #339966;\">alles Gute <\/span><\/h3>\n<h3 style=\"text-align: center;\"><span style=\"color: #339966;\">f\u00fcr ihre Zukunft.\u00a0<\/span><\/h3>\n<p style=\"text-align: center;\">\u00a0<\/p>","protected":false},"excerpt":{"rendered":"<p>In diesem Jahr &#8230; &#8230;war alles anders. So musste auch der Abschied des Kollegiums von den Gro\u00dfen unserer Schule neue Wege gehen. Dieses Foto soll Elefanten, W\u00f6lfe und Giraffen mit an ihren Lohschulabschluss erinnern: \u00a0 Auch ein Schutzengel und gute W\u00fcnsche sollen unsere Gro\u00dfen auf ihrem weiteren Weg begleiten: \u00a0 Bei strahlendem Sonnenschein wurde am [&hellip;]<\/p>\n","protected":false},"author":3,"featured_media":0,"parent":0,"menu_order":0,"comment_status":"closed","ping_status":"closed","template":"","meta":{"footnotes":""},"class_list":["post-9259","page","type-page","status-publish","hentry"],"yoast_head":"<!-- This site is optimized with the Yoast SEO plugin v27.3 - https:\/\/yoast.com\/product\/yoast-seo-wordpress\/ -->\n<title>Verabschiedung der Viertkl\u00e4ssler 2020 - Lohschule Datteln<\/title>\n<meta name=\"robots\" content=\"index, follow, max-snippet:-1, max-image-preview:large, max-video-preview:-1\" \/>\n<link rel=\"canonical\" href=\"https:\/\/www.lohschule-datteln.de\/index.php\/verabschiedung-der-viertklaessler-2020\/\" \/>\n<meta property=\"og:locale\" content=\"de_DE\" \/>\n<meta property=\"og:type\" content=\"article\" \/>\n<meta property=\"og:title\" content=\"Verabschiedung der Viertkl\u00e4ssler 2020 - Lohschule Datteln\" \/>\n<meta property=\"og:description\" content=\"In diesem Jahr &#8230; &#8230;war alles anders. So musste auch der Abschied des Kollegiums von den Gro\u00dfen unserer Schule neue Wege gehen. Dieses Foto soll Elefanten, W\u00f6lfe und Giraffen mit an ihren Lohschulabschluss erinnern: \u00a0 Auch ein Schutzengel und gute W\u00fcnsche sollen unsere Gro\u00dfen auf ihrem weiteren Weg begleiten: \u00a0 Bei strahlendem Sonnenschein wurde am [&hellip;]\" \/>\n<meta property=\"og:url\" content=\"https:\/\/www.lohschule-datteln.de\/index.php\/verabschiedung-der-viertklaessler-2020\/\" \/>\n<meta property=\"og:site_name\" content=\"Lohschule Datteln\" \/>\n<meta property=\"article:modified_time\" content=\"2020-06-29T08:17:38+00:00\" \/>\n<meta property=\"og:image\" content=\"http:\/\/www.lohschule-datteln.de\/wp-content\/uploads\/2020\/06\/Koll-Abschiedskarte-f-d-4er-2020--scaled.jpg\" \/>\n<meta name=\"twitter:card\" content=\"summary_large_image\" \/>\n<meta name=\"twitter:label1\" content=\"Gesch\u00e4tzte Lesezeit\" \/>\n\t<meta name=\"twitter:data1\" content=\"1\u00a0Minute\" \/>\n<script type=\"application\/ld+json\" class=\"yoast-schema-graph\">{\"@context\":\"https:\\\/\\\/schema.org\",\"@graph\":[{\"@type\":\"WebPage\",\"@id\":\"https:\\\/\\\/www.lohschule-datteln.de\\\/index.php\\\/verabschiedung-der-viertklaessler-2020\\\/\",\"url\":\"https:\\\/\\\/www.lohschule-datteln.de\\\/index.php\\\/verabschiedung-der-viertklaessler-2020\\\/\",\"name\":\"Verabschiedung der Viertkl\u00e4ssler 2020 - Lohschule Datteln\",\"isPartOf\":{\"@id\":\"https:\\\/\\\/www.lohschule-datteln.de\\\/#website\"},\"primaryImageOfPage\":{\"@id\":\"https:\\\/\\\/www.lohschule-datteln.de\\\/index.php\\\/verabschiedung-der-viertklaessler-2020\\\/#primaryimage\"},\"image\":{\"@id\":\"https:\\\/\\\/www.lohschule-datteln.de\\\/index.php\\\/verabschiedung-der-viertklaessler-2020\\\/#primaryimage\"},\"thumbnailUrl\":\"http:\\\/\\\/www.lohschule-datteln.de\\\/wp-content\\\/uploads\\\/2020\\\/06\\\/Koll-Abschiedskarte-f-d-4er-2020--scaled.jpg\",\"datePublished\":\"2020-06-28T12:42:45+00:00\",\"dateModified\":\"2020-06-29T08:17:38+00:00\",\"breadcrumb\":{\"@id\":\"https:\\\/\\\/www.lohschule-datteln.de\\\/index.php\\\/verabschiedung-der-viertklaessler-2020\\\/#breadcrumb\"},\"inLanguage\":\"de\",\"potentialAction\":[{\"@type\":\"ReadAction\",\"target\":[\"https:\\\/\\\/www.lohschule-datteln.de\\\/index.php\\\/verabschiedung-der-viertklaessler-2020\\\/\"]}]},{\"@type\":\"ImageObject\",\"inLanguage\":\"de\",\"@id\":\"https:\\\/\\\/www.lohschule-datteln.de\\\/index.php\\\/verabschiedung-der-viertklaessler-2020\\\/#primaryimage\",\"url\":\"http:\\\/\\\/www.lohschule-datteln.de\\\/wp-content\\\/uploads\\\/2020\\\/06\\\/Koll-Abschiedskarte-f-d-4er-2020--scaled.jpg\",\"contentUrl\":\"http:\\\/\\\/www.lohschule-datteln.de\\\/wp-content\\\/uploads\\\/2020\\\/06\\\/Koll-Abschiedskarte-f-d-4er-2020--scaled.jpg\"},{\"@type\":\"BreadcrumbList\",\"@id\":\"https:\\\/\\\/www.lohschule-datteln.de\\\/index.php\\\/verabschiedung-der-viertklaessler-2020\\\/#breadcrumb\",\"itemListElement\":[{\"@type\":\"ListItem\",\"position\":1,\"name\":\"Startseite\",\"item\":\"https:\\\/\\\/www.lohschule-datteln.de\\\/\"},{\"@type\":\"ListItem\",\"position\":2,\"name\":\"Verabschiedung der Viertkl\u00e4ssler 2020\"}]},{\"@type\":\"WebSite\",\"@id\":\"https:\\\/\\\/www.lohschule-datteln.de\\\/#website\",\"url\":\"https:\\\/\\\/www.lohschule-datteln.de\\\/\",\"name\":\"Lohschule Datteln\",\"description\":\"kath. Grundschule\",\"publisher\":{\"@id\":\"https:\\\/\\\/www.lohschule-datteln.de\\\/#organization\"},\"potentialAction\":[{\"@type\":\"SearchAction\",\"target\":{\"@type\":\"EntryPoint\",\"urlTemplate\":\"https:\\\/\\\/www.lohschule-datteln.de\\\/?s={search_term_string}\"},\"query-input\":{\"@type\":\"PropertyValueSpecification\",\"valueRequired\":true,\"valueName\":\"search_term_string\"}}],\"inLanguage\":\"de\"},{\"@type\":\"Organization\",\"@id\":\"https:\\\/\\\/www.lohschule-datteln.de\\\/#organization\",\"name\":\"Lohschule -katholische Grundschule Datteln\",\"url\":\"https:\\\/\\\/www.lohschule-datteln.de\\\/\",\"logo\":{\"@type\":\"ImageObject\",\"inLanguage\":\"de\",\"@id\":\"https:\\\/\\\/www.lohschule-datteln.de\\\/#\\\/schema\\\/logo\\\/image\\\/\",\"url\":\"http:\\\/\\\/www.lohschule-datteln.de\\\/wp-content\\\/uploads\\\/2016\\\/02\\\/Loh-neu-2016.jpg\",\"contentUrl\":\"http:\\\/\\\/www.lohschule-datteln.de\\\/wp-content\\\/uploads\\\/2016\\\/02\\\/Loh-neu-2016.jpg\",\"width\":448,\"height\":252,\"caption\":\"Lohschule -katholische Grundschule Datteln\"},\"image\":{\"@id\":\"https:\\\/\\\/www.lohschule-datteln.de\\\/#\\\/schema\\\/logo\\\/image\\\/\"}}]}<\/script>\n<!-- \/ Yoast SEO plugin. -->","yoast_head_json":{"title":"Verabschiedung der Viertkl\u00e4ssler 2020 - Lohschule Datteln","robots":{"index":"index","follow":"follow","max-snippet":"max-snippet:-1","max-image-preview":"max-image-preview:large","max-video-preview":"max-video-preview:-1"},"canonical":"https:\/\/www.lohschule-datteln.de\/index.php\/verabschiedung-der-viertklaessler-2020\/","og_locale":"de_DE","og_type":"article","og_title":"Verabschiedung der Viertkl\u00e4ssler 2020 - Lohschule Datteln","og_description":"In diesem Jahr &#8230; &#8230;war alles anders. So musste auch der Abschied des Kollegiums von den Gro\u00dfen unserer Schule neue Wege gehen. Dieses Foto soll Elefanten, W\u00f6lfe und Giraffen mit an ihren Lohschulabschluss erinnern: \u00a0 Auch ein Schutzengel und gute W\u00fcnsche sollen unsere Gro\u00dfen auf ihrem weiteren Weg begleiten: \u00a0 Bei strahlendem Sonnenschein wurde am [&hellip;]","og_url":"https:\/\/www.lohschule-datteln.de\/index.php\/verabschiedung-der-viertklaessler-2020\/","og_site_name":"Lohschule Datteln","article_modified_time":"2020-06-29T08:17:38+00:00","og_image":[{"url":"http:\/\/www.lohschule-datteln.de\/wp-content\/uploads\/2020\/06\/Koll-Abschiedskarte-f-d-4er-2020--scaled.jpg","type":"","width":"","height":""}],"twitter_card":"summary_large_image","twitter_misc":{"Gesch\u00e4tzte Lesezeit":"1\u00a0Minute"},"schema":{"@context":"https:\/\/schema.org","@graph":[{"@type":"WebPage","@id":"https:\/\/www.lohschule-datteln.de\/index.php\/verabschiedung-der-viertklaessler-2020\/","url":"https:\/\/www.lohschule-datteln.de\/index.php\/verabschiedung-der-viertklaessler-2020\/","name":"Verabschiedung der Viertkl\u00e4ssler 2020 - Lohschule Datteln","isPartOf":{"@id":"https:\/\/www.lohschule-datteln.de\/#website"},"primaryImageOfPage":{"@id":"https:\/\/www.lohschule-datteln.de\/index.php\/verabschiedung-der-viertklaessler-2020\/#primaryimage"},"image":{"@id":"https:\/\/www.lohschule-datteln.de\/index.php\/verabschiedung-der-viertklaessler-2020\/#primaryimage"},"thumbnailUrl":"http:\/\/www.lohschule-datteln.de\/wp-content\/uploads\/2020\/06\/Koll-Abschiedskarte-f-d-4er-2020--scaled.jpg","datePublished":"2020-06-28T12:42:45+00:00","dateModified":"2020-06-29T08:17:38+00:00","breadcrumb":{"@id":"https:\/\/www.lohschule-datteln.de\/index.php\/verabschiedung-der-viertklaessler-2020\/#breadcrumb"},"inLanguage":"de","potentialAction":[{"@type":"ReadAction","target":["https:\/\/www.lohschule-datteln.de\/index.php\/verabschiedung-der-viertklaessler-2020\/"]}]},{"@type":"ImageObject","inLanguage":"de","@id":"https:\/\/www.lohschule-datteln.de\/index.php\/verabschiedung-der-viertklaessler-2020\/#primaryimage","url":"http:\/\/www.lohschule-datteln.de\/wp-content\/uploads\/2020\/06\/Koll-Abschiedskarte-f-d-4er-2020--scaled.jpg","contentUrl":"http:\/\/www.lohschule-datteln.de\/wp-content\/uploads\/2020\/06\/Koll-Abschiedskarte-f-d-4er-2020--scaled.jpg"},{"@type":"BreadcrumbList","@id":"https:\/\/www.lohschule-datteln.de\/index.php\/verabschiedung-der-viertklaessler-2020\/#breadcrumb","itemListElement":[{"@type":"ListItem","position":1,"name":"Startseite","item":"https:\/\/www.lohschule-datteln.de\/"},{"@type":"ListItem","position":2,"name":"Verabschiedung der Viertkl\u00e4ssler 2020"}]},{"@type":"WebSite","@id":"https:\/\/www.lohschule-datteln.de\/#website","url":"https:\/\/www.lohschule-datteln.de\/","name":"Lohschule Datteln","description":"kath. Grundschule","publisher":{"@id":"https:\/\/www.lohschule-datteln.de\/#organization"},"potentialAction":[{"@type":"SearchAction","target":{"@type":"EntryPoint","urlTemplate":"https:\/\/www.lohschule-datteln.de\/?s={search_term_string}"},"query-input":{"@type":"PropertyValueSpecification","valueRequired":true,"valueName":"search_term_string"}}],"inLanguage":"de"},{"@type":"Organization","@id":"https:\/\/www.lohschule-datteln.de\/#organization","name":"Lohschule -katholische Grundschule Datteln","url":"https:\/\/www.lohschule-datteln.de\/","logo":{"@type":"ImageObject","inLanguage":"de","@id":"https:\/\/www.lohschule-datteln.de\/#\/schema\/logo\/image\/","url":"http:\/\/www.lohschule-datteln.de\/wp-content\/uploads\/2016\/02\/Loh-neu-2016.jpg","contentUrl":"http:\/\/www.lohschule-datteln.de\/wp-content\/uploads\/2016\/02\/Loh-neu-2016.jpg","width":448,"height":252,"caption":"Lohschule -katholische Grundschule Datteln"},"image":{"@id":"https:\/\/www.lohschule-datteln.de\/#\/schema\/logo\/image\/"}}]}},"_links":{"self":[{"href":"https:\/\/www.lohschule-datteln.de\/index.php\/wp-json\/wp\/v2\/pages\/9259","targetHints":{"allow":["GET"]}}],"collection":[{"href":"https:\/\/www.lohschule-datteln.de\/index.php\/wp-json\/wp\/v2\/pages"}],"about":[{"href":"https:\/\/www.lohschule-datteln.de\/index.php\/wp-json\/wp\/v2\/types\/page"}],"author":[{"embeddable":true,"href":"https:\/\/www.lohschule-datteln.de\/index.php\/wp-json\/wp\/v2\/users\/3"}],"replies":[{"embeddable":true,"href":"https:\/\/www.lohschule-datteln.de\/index.php\/wp-json\/wp\/v2\/comments?post=9259"}],"version-history":[{"count":13,"href":"https:\/\/www.lohschule-datteln.de\/index.php\/wp-json\/wp\/v2\/pages\/9259\/revisions"}],"predecessor-version":[{"id":9327,"href":"https:\/\/www.lohschule-datteln.de\/index.php\/wp-json\/wp\/v2\/pages\/9259\/revisions\/9327"}],"wp:attachment":[{"href":"https:\/\/www.lohschule-datteln.de\/index.php\/wp-json\/wp\/v2\/media?parent=9259"}],"curies":[{"name":"wp","href":"https:\/\/api.w.org\/{rel}","templated":true}]}}