{"id":9794,"date":"2020-12-06T19:33:52","date_gmt":"2020-12-06T18:33:52","guid":{"rendered":"http:\/\/www.lohschule-datteln.de\/?page_id=9794"},"modified":"2020-12-18T18:38:41","modified_gmt":"2020-12-18T17:38:41","slug":"gottesdienst-im-klassenraum","status":"publish","type":"page","link":"https:\/\/www.lohschule-datteln.de\/index.php\/gottesdienst-im-klassenraum\/","title":{"rendered":"Gottesdienst im Klassenraum"},"content":{"rendered":"\n<h2 class=\"wp-block-heading\">Unsere Gottesdienste im Klassenraum &#8211; R\u00fcckblick<\/h2>\n\n\n\n<div class=\"wp-block-image\"><figure class=\"aligncenter size-large\"><img loading=\"lazy\" decoding=\"async\" width=\"400\" height=\"171\" src=\"https:\/\/www.lohschule-datteln.de\/wp-content\/uploads\/2020\/12\/GD-Symbol.png\" alt=\"\" class=\"wp-image-9803\" srcset=\"https:\/\/www.lohschule-datteln.de\/wp-content\/uploads\/2020\/12\/GD-Symbol.png 400w, https:\/\/www.lohschule-datteln.de\/wp-content\/uploads\/2020\/12\/GD-Symbol-300x128.png 300w\" sizes=\"auto, (max-width: 400px) 100vw, 400px\" \/><\/figure><\/div>\n\n\n<p><span style=\"color: #808080;\">&#8222;Herzlich willkommen, lieber Pfarrer Pla\u00dfmann, bei uns in der Lohschule und in unserer Klasse!&#8220; So t\u00f6nte es in letzter Zeit ganz h\u00e4ufig. Da wir zur Zeit unter den Coronaschutzbedingungen leider unsere Schulgottesdienste in der St. Amanduskirche nicht im gewohnten Rahmen feiern k\u00f6nnen, freuen wir uns umso mehr, dass wir Pfarrer Pla\u00dfmann zu &#8222;Gottesdiensten im Klassenraum&#8220; begr\u00fc\u00dfen durften und auch noch weiter begr\u00fc\u00dfen d\u00fcrfen. So haben unsere 4. Klassen bereits im November zum Thema &#8222;Allerheiligen&#8220; und unsere 3. Klassen in dieser ersten Woche des Dezembers Gottesdienste zum Thema &#8222;Adventliche Tr\u00e4ume&#8220; im Klassenraum feiern d\u00fcrfen. Die jeweiligen Klassenr\u00e4ume luden mit einem geschm\u00fcckten &#8222;Altar&#8220;, sch\u00f6ner Musik und abgedunkeltem Licht zum besinnlichen miteinander Feiern und Beten ein. Die Gottesdienststunden vergingen immer wie im Flug. Alle waren sich einig: &#8222;Das war richtig sch\u00f6n!!!&#8220; Nun freuen sich unsere 1. und 2. Klassen schon auf ihre Advents-Gottesdienstzeit in den folgenden Wochen im Dezember und sind mit Recht schon sehr gespannt darauf&#8230;. <\/span><\/p>\n<p><span style=\"color: #808080;\">Lieber Pfarrer Pla\u00dfmann,<\/span><\/p>\n<p><span style=\"color: #808080;\"> lieben Dank f\u00fcr Ihre Zeit, die Sie sich f\u00fcr unsere zw\u00f6lf Klassen nehmen! Das ist ganz toll!&nbsp; &nbsp;<\/span><\/p>\n\n\n<div class=\"wp-block-image\"><figure class=\"aligncenter size-large\"><img decoding=\"async\" src=\"https:\/\/www.lohschule-datteln.de\/wp-content\/uploads\/2020\/12\/Gottesdienst.jpeg\" alt=\"\" class=\"wp-image-9801\"\/><\/figure><\/div>\n","protected":false},"excerpt":{"rendered":"<p>Unsere Gottesdienste im Klassenraum &#8211; R\u00fcckblick &#8222;Herzlich willkommen, lieber Pfarrer Pla\u00dfmann, bei uns in der Lohschule und in unserer Klasse!&#8220; So t\u00f6nte es in letzter Zeit ganz h\u00e4ufig. Da wir zur Zeit unter den Coronaschutzbedingungen leider unsere Schulgottesdienste in der St. Amanduskirche nicht im gewohnten Rahmen feiern k\u00f6nnen, freuen wir uns umso mehr, dass wir [&hellip;]<\/p>\n","protected":false},"author":3,"featured_media":0,"parent":0,"menu_order":0,"comment_status":"closed","ping_status":"closed","template":"","meta":{"footnotes":""},"class_list":["post-9794","page","type-page","status-publish","hentry"],"yoast_head":"<!-- This site is optimized with the Yoast SEO plugin v27.6 - https:\/\/yoast.com\/product\/yoast-seo-wordpress\/ -->\n<title>Gottesdienst im Klassenraum - Lohschule Datteln<\/title>\n<meta name=\"robots\" content=\"index, follow, max-snippet:-1, max-image-preview:large, max-video-preview:-1\" \/>\n<link rel=\"canonical\" href=\"https:\/\/www.lohschule-datteln.de\/index.php\/gottesdienst-im-klassenraum\/\" \/>\n<meta property=\"og:locale\" content=\"de_DE\" \/>\n<meta property=\"og:type\" content=\"article\" \/>\n<meta property=\"og:title\" content=\"Gottesdienst im Klassenraum - Lohschule Datteln\" \/>\n<meta property=\"og:description\" content=\"Unsere Gottesdienste im Klassenraum &#8211; R\u00fcckblick &#8222;Herzlich willkommen, lieber Pfarrer Pla\u00dfmann, bei uns in der Lohschule und in unserer Klasse!&#8220; So t\u00f6nte es in letzter Zeit ganz h\u00e4ufig. Da wir zur Zeit unter den Coronaschutzbedingungen leider unsere Schulgottesdienste in der St. Amanduskirche nicht im gewohnten Rahmen feiern k\u00f6nnen, freuen wir uns umso mehr, dass wir [&hellip;]\" \/>\n<meta property=\"og:url\" content=\"https:\/\/www.lohschule-datteln.de\/index.php\/gottesdienst-im-klassenraum\/\" \/>\n<meta property=\"og:site_name\" content=\"Lohschule Datteln\" \/>\n<meta property=\"article:modified_time\" content=\"2020-12-18T17:38:41+00:00\" \/>\n<meta property=\"og:image\" content=\"http:\/\/www.lohschule-datteln.de\/wp-content\/uploads\/2020\/12\/GD-Symbol.png\" \/>\n<meta name=\"twitter:card\" content=\"summary_large_image\" \/>\n<meta name=\"twitter:label1\" content=\"Gesch\u00e4tzte Lesezeit\" \/>\n\t<meta name=\"twitter:data1\" content=\"1\u00a0Minute\" \/>\n<script type=\"application\/ld+json\" class=\"yoast-schema-graph\">{\"@context\":\"https:\\\/\\\/schema.org\",\"@graph\":[{\"@type\":\"WebPage\",\"@id\":\"https:\\\/\\\/www.lohschule-datteln.de\\\/index.php\\\/gottesdienst-im-klassenraum\\\/\",\"url\":\"https:\\\/\\\/www.lohschule-datteln.de\\\/index.php\\\/gottesdienst-im-klassenraum\\\/\",\"name\":\"Gottesdienst im Klassenraum - Lohschule Datteln\",\"isPartOf\":{\"@id\":\"https:\\\/\\\/www.lohschule-datteln.de\\\/#website\"},\"primaryImageOfPage\":{\"@id\":\"https:\\\/\\\/www.lohschule-datteln.de\\\/index.php\\\/gottesdienst-im-klassenraum\\\/#primaryimage\"},\"image\":{\"@id\":\"https:\\\/\\\/www.lohschule-datteln.de\\\/index.php\\\/gottesdienst-im-klassenraum\\\/#primaryimage\"},\"thumbnailUrl\":\"http:\\\/\\\/www.lohschule-datteln.de\\\/wp-content\\\/uploads\\\/2020\\\/12\\\/GD-Symbol.png\",\"datePublished\":\"2020-12-06T18:33:52+00:00\",\"dateModified\":\"2020-12-18T17:38:41+00:00\",\"breadcrumb\":{\"@id\":\"https:\\\/\\\/www.lohschule-datteln.de\\\/index.php\\\/gottesdienst-im-klassenraum\\\/#breadcrumb\"},\"inLanguage\":\"de\",\"potentialAction\":[{\"@type\":\"ReadAction\",\"target\":[\"https:\\\/\\\/www.lohschule-datteln.de\\\/index.php\\\/gottesdienst-im-klassenraum\\\/\"]}]},{\"@type\":\"ImageObject\",\"inLanguage\":\"de\",\"@id\":\"https:\\\/\\\/www.lohschule-datteln.de\\\/index.php\\\/gottesdienst-im-klassenraum\\\/#primaryimage\",\"url\":\"http:\\\/\\\/www.lohschule-datteln.de\\\/wp-content\\\/uploads\\\/2020\\\/12\\\/GD-Symbol.png\",\"contentUrl\":\"http:\\\/\\\/www.lohschule-datteln.de\\\/wp-content\\\/uploads\\\/2020\\\/12\\\/GD-Symbol.png\"},{\"@type\":\"BreadcrumbList\",\"@id\":\"https:\\\/\\\/www.lohschule-datteln.de\\\/index.php\\\/gottesdienst-im-klassenraum\\\/#breadcrumb\",\"itemListElement\":[{\"@type\":\"ListItem\",\"position\":1,\"name\":\"Startseite\",\"item\":\"https:\\\/\\\/www.lohschule-datteln.de\\\/\"},{\"@type\":\"ListItem\",\"position\":2,\"name\":\"Gottesdienst im Klassenraum\"}]},{\"@type\":\"WebSite\",\"@id\":\"https:\\\/\\\/www.lohschule-datteln.de\\\/#website\",\"url\":\"https:\\\/\\\/www.lohschule-datteln.de\\\/\",\"name\":\"Lohschule Datteln\",\"description\":\"kath. Grundschule\",\"publisher\":{\"@id\":\"https:\\\/\\\/www.lohschule-datteln.de\\\/#organization\"},\"potentialAction\":[{\"@type\":\"SearchAction\",\"target\":{\"@type\":\"EntryPoint\",\"urlTemplate\":\"https:\\\/\\\/www.lohschule-datteln.de\\\/?s={search_term_string}\"},\"query-input\":{\"@type\":\"PropertyValueSpecification\",\"valueRequired\":true,\"valueName\":\"search_term_string\"}}],\"inLanguage\":\"de\"},{\"@type\":\"Organization\",\"@id\":\"https:\\\/\\\/www.lohschule-datteln.de\\\/#organization\",\"name\":\"Lohschule -katholische Grundschule Datteln\",\"url\":\"https:\\\/\\\/www.lohschule-datteln.de\\\/\",\"logo\":{\"@type\":\"ImageObject\",\"inLanguage\":\"de\",\"@id\":\"https:\\\/\\\/www.lohschule-datteln.de\\\/#\\\/schema\\\/logo\\\/image\\\/\",\"url\":\"http:\\\/\\\/www.lohschule-datteln.de\\\/wp-content\\\/uploads\\\/2016\\\/02\\\/Loh-neu-2016.jpg\",\"contentUrl\":\"http:\\\/\\\/www.lohschule-datteln.de\\\/wp-content\\\/uploads\\\/2016\\\/02\\\/Loh-neu-2016.jpg\",\"width\":448,\"height\":252,\"caption\":\"Lohschule -katholische Grundschule Datteln\"},\"image\":{\"@id\":\"https:\\\/\\\/www.lohschule-datteln.de\\\/#\\\/schema\\\/logo\\\/image\\\/\"}}]}<\/script>\n<!-- \/ Yoast SEO plugin. -->","yoast_head_json":{"title":"Gottesdienst im Klassenraum - Lohschule Datteln","robots":{"index":"index","follow":"follow","max-snippet":"max-snippet:-1","max-image-preview":"max-image-preview:large","max-video-preview":"max-video-preview:-1"},"canonical":"https:\/\/www.lohschule-datteln.de\/index.php\/gottesdienst-im-klassenraum\/","og_locale":"de_DE","og_type":"article","og_title":"Gottesdienst im Klassenraum - Lohschule Datteln","og_description":"Unsere Gottesdienste im Klassenraum &#8211; R\u00fcckblick &#8222;Herzlich willkommen, lieber Pfarrer Pla\u00dfmann, bei uns in der Lohschule und in unserer Klasse!&#8220; So t\u00f6nte es in letzter Zeit ganz h\u00e4ufig. Da wir zur Zeit unter den Coronaschutzbedingungen leider unsere Schulgottesdienste in der St. Amanduskirche nicht im gewohnten Rahmen feiern k\u00f6nnen, freuen wir uns umso mehr, dass wir [&hellip;]","og_url":"https:\/\/www.lohschule-datteln.de\/index.php\/gottesdienst-im-klassenraum\/","og_site_name":"Lohschule Datteln","article_modified_time":"2020-12-18T17:38:41+00:00","og_image":[{"url":"http:\/\/www.lohschule-datteln.de\/wp-content\/uploads\/2020\/12\/GD-Symbol.png","type":"","width":"","height":""}],"twitter_card":"summary_large_image","twitter_misc":{"Gesch\u00e4tzte Lesezeit":"1\u00a0Minute"},"schema":{"@context":"https:\/\/schema.org","@graph":[{"@type":"WebPage","@id":"https:\/\/www.lohschule-datteln.de\/index.php\/gottesdienst-im-klassenraum\/","url":"https:\/\/www.lohschule-datteln.de\/index.php\/gottesdienst-im-klassenraum\/","name":"Gottesdienst im Klassenraum - Lohschule Datteln","isPartOf":{"@id":"https:\/\/www.lohschule-datteln.de\/#website"},"primaryImageOfPage":{"@id":"https:\/\/www.lohschule-datteln.de\/index.php\/gottesdienst-im-klassenraum\/#primaryimage"},"image":{"@id":"https:\/\/www.lohschule-datteln.de\/index.php\/gottesdienst-im-klassenraum\/#primaryimage"},"thumbnailUrl":"http:\/\/www.lohschule-datteln.de\/wp-content\/uploads\/2020\/12\/GD-Symbol.png","datePublished":"2020-12-06T18:33:52+00:00","dateModified":"2020-12-18T17:38:41+00:00","breadcrumb":{"@id":"https:\/\/www.lohschule-datteln.de\/index.php\/gottesdienst-im-klassenraum\/#breadcrumb"},"inLanguage":"de","potentialAction":[{"@type":"ReadAction","target":["https:\/\/www.lohschule-datteln.de\/index.php\/gottesdienst-im-klassenraum\/"]}]},{"@type":"ImageObject","inLanguage":"de","@id":"https:\/\/www.lohschule-datteln.de\/index.php\/gottesdienst-im-klassenraum\/#primaryimage","url":"http:\/\/www.lohschule-datteln.de\/wp-content\/uploads\/2020\/12\/GD-Symbol.png","contentUrl":"http:\/\/www.lohschule-datteln.de\/wp-content\/uploads\/2020\/12\/GD-Symbol.png"},{"@type":"BreadcrumbList","@id":"https:\/\/www.lohschule-datteln.de\/index.php\/gottesdienst-im-klassenraum\/#breadcrumb","itemListElement":[{"@type":"ListItem","position":1,"name":"Startseite","item":"https:\/\/www.lohschule-datteln.de\/"},{"@type":"ListItem","position":2,"name":"Gottesdienst im Klassenraum"}]},{"@type":"WebSite","@id":"https:\/\/www.lohschule-datteln.de\/#website","url":"https:\/\/www.lohschule-datteln.de\/","name":"Lohschule Datteln","description":"kath. Grundschule","publisher":{"@id":"https:\/\/www.lohschule-datteln.de\/#organization"},"potentialAction":[{"@type":"SearchAction","target":{"@type":"EntryPoint","urlTemplate":"https:\/\/www.lohschule-datteln.de\/?s={search_term_string}"},"query-input":{"@type":"PropertyValueSpecification","valueRequired":true,"valueName":"search_term_string"}}],"inLanguage":"de"},{"@type":"Organization","@id":"https:\/\/www.lohschule-datteln.de\/#organization","name":"Lohschule -katholische Grundschule Datteln","url":"https:\/\/www.lohschule-datteln.de\/","logo":{"@type":"ImageObject","inLanguage":"de","@id":"https:\/\/www.lohschule-datteln.de\/#\/schema\/logo\/image\/","url":"http:\/\/www.lohschule-datteln.de\/wp-content\/uploads\/2016\/02\/Loh-neu-2016.jpg","contentUrl":"http:\/\/www.lohschule-datteln.de\/wp-content\/uploads\/2016\/02\/Loh-neu-2016.jpg","width":448,"height":252,"caption":"Lohschule -katholische Grundschule Datteln"},"image":{"@id":"https:\/\/www.lohschule-datteln.de\/#\/schema\/logo\/image\/"}}]}},"_links":{"self":[{"href":"https:\/\/www.lohschule-datteln.de\/index.php\/wp-json\/wp\/v2\/pages\/9794","targetHints":{"allow":["GET"]}}],"collection":[{"href":"https:\/\/www.lohschule-datteln.de\/index.php\/wp-json\/wp\/v2\/pages"}],"about":[{"href":"https:\/\/www.lohschule-datteln.de\/index.php\/wp-json\/wp\/v2\/types\/page"}],"author":[{"embeddable":true,"href":"https:\/\/www.lohschule-datteln.de\/index.php\/wp-json\/wp\/v2\/users\/3"}],"replies":[{"embeddable":true,"href":"https:\/\/www.lohschule-datteln.de\/index.php\/wp-json\/wp\/v2\/comments?post=9794"}],"version-history":[{"count":6,"href":"https:\/\/www.lohschule-datteln.de\/index.php\/wp-json\/wp\/v2\/pages\/9794\/revisions"}],"predecessor-version":[{"id":9869,"href":"https:\/\/www.lohschule-datteln.de\/index.php\/wp-json\/wp\/v2\/pages\/9794\/revisions\/9869"}],"wp:attachment":[{"href":"https:\/\/www.lohschule-datteln.de\/index.php\/wp-json\/wp\/v2\/media?parent=9794"}],"curies":[{"name":"wp","href":"https:\/\/api.w.org\/{rel}","templated":true}]}}